{"id":1001,"date":"2013-01-15T13:18:22","date_gmt":"2013-01-15T12:18:22","guid":{"rendered":"http:\/\/arzmadrid.es\/svsc\/wp\/?page_id=1001"},"modified":"2013-01-15T13:18:22","modified_gmt":"2013-01-15T12:18:22","slug":"segunda-parte-algunos-problemas-mas-urgentes","status":"publish","type":"page","link":"https:\/\/svsc.archimadrid.es\/?page_id=1001","title":{"rendered":"Segunda Parte: Algunos Problemas m\u00e1s Urgentes"},"content":{"rendered":"<h1 align=\"center\"><span style=\"color: #800080;\"><b>SEGUNDA PARTE: ALGUNOS PROBLEMAS M\u00c1S URGENTES<\/b><\/span><\/h1>\n<p><a href=\"https:\/\/i0.wp.com\/arzmadrid.es\/svsc\/wp\/wp-content\/uploads\/2013\/01\/lagrima.jpg\"><img data-recalc-dims=\"1\" loading=\"lazy\" decoding=\"async\" data-attachment-id=\"1002\" data-permalink=\"https:\/\/svsc.archimadrid.es\/?attachment_id=1002\" data-orig-file=\"https:\/\/i0.wp.com\/svsc.archimadrid.es\/wp-content\/uploads\/2013\/01\/lagrima.jpg?fit=1280%2C960&amp;ssl=1\" data-orig-size=\"1280,960\" data-comments-opened=\"0\" data-image-meta=\"{&quot;aperture&quot;:&quot;0&quot;,&quot;credit&quot;:&quot;&quot;,&quot;camera&quot;:&quot;&quot;,&quot;caption&quot;:&quot;&quot;,&quot;created_timestamp&quot;:&quot;0&quot;,&quot;copyright&quot;:&quot;&quot;,&quot;focal_length&quot;:&quot;0&quot;,&quot;iso&quot;:&quot;0&quot;,&quot;shutter_speed&quot;:&quot;0&quot;,&quot;title&quot;:&quot;&quot;}\" data-image-title=\"lagrima\" data-image-description=\"\" data-image-caption=\"\" data-medium-file=\"https:\/\/i0.wp.com\/svsc.archimadrid.es\/wp-content\/uploads\/2013\/01\/lagrima.jpg?fit=300%2C225&amp;ssl=1\" data-large-file=\"https:\/\/i0.wp.com\/svsc.archimadrid.es\/wp-content\/uploads\/2013\/01\/lagrima.jpg?fit=1024%2C768&amp;ssl=1\" class=\"aligncenter size-medium wp-image-1002\" alt=\"lagrima\" src=\"https:\/\/i0.wp.com\/arzmadrid.es\/svsc\/wp\/wp-content\/uploads\/2013\/01\/lagrima-300x225.jpg?resize=300%2C225\" width=\"300\" height=\"225\" srcset=\"https:\/\/i0.wp.com\/svsc.archimadrid.es\/wp-content\/uploads\/2013\/01\/lagrima.jpg?resize=300%2C225&amp;ssl=1 300w, https:\/\/i0.wp.com\/svsc.archimadrid.es\/wp-content\/uploads\/2013\/01\/lagrima.jpg?resize=1024%2C768&amp;ssl=1 1024w, https:\/\/i0.wp.com\/svsc.archimadrid.es\/wp-content\/uploads\/2013\/01\/lagrima.jpg?w=1280&amp;ssl=1 1280w\" sizes=\"auto, (max-width: 300px) 100vw, 300px\" \/><\/a><\/p>\n<h3><span style=\"color: #800080;\"><b><i>Introducci\u00f3n<\/i><\/b><\/span><\/h3>\n<p>46. Despu\u00e9s de haber expuesto la gran dignidad de la persona humana y la misi\u00f3n, tanto individual como social, a la que ha sido llamada en el mundo entero, el Concilio, a la luz del Evangelio y de la experiencia humana, llama ahora la atenci\u00f3n de todos sobre algunos problemas actuales m\u00e1s urgentes que afectan profundamente al g\u00e9nero humano.<\/p>\n<p>Entre las numerosas cuestiones que preocupan a todos, haya que mencionar principalmente las que siguen: el matrimonio y la familia, la cultura humana, la vida econ\u00f3mico-social y pol\u00edtica, la solidaridad de la familia de los pueblos y la paz. Sobre cada una de ellas debe resplandecer la luz de los principios que brota de Cristo, para guiar a los cristianos e iluminar a todos los hombres en la b\u00fasqueda de soluci\u00f3n a tantos y tan complejos problemas.<\/p>\n<div class=\"sharelinks\" style=\"\">\n\t<a title=\"Segunda Parte: Algunos Problemas m\u00e1s Urgentes\" rel=\"nofollow\" target=\"_blank\" href=\"http:\/\/www.facebook.com\/sharer.php?u=https:\/\/svsc.archimadrid.es\/?page_id=1001\"><img data-recalc-dims=\"1\" loading=\"lazy\" decoding=\"async\" width=\"56\" height=\"20\" alt=\"facebook\" src=\"https:\/\/i0.wp.com\/svsc.archimadrid.es\/wp-content\/plugins\/facebook-google-twitter-share\/images\/facebook.png?resize=56%2C20&#038;ssl=1\"><\/a>\n\t<a title=\"Segunda Parte: Algunos Problemas m\u00e1s Urgentes\" rel=\"nofollow\" target=\"_blank\" href=\"https:\/\/plus.google.com\/share?url=https:\/\/svsc.archimadrid.es\/?page_id=1001\"><img data-recalc-dims=\"1\" loading=\"lazy\" decoding=\"async\" width=\"60\" height=\"20\" alt=\"google plus\" src=\"https:\/\/i0.wp.com\/svsc.archimadrid.es\/wp-content\/plugins\/facebook-google-twitter-share\/images\/googleplus.png?resize=60%2C20&#038;ssl=1\"><\/a>\n\t<a title=\"Segunda Parte: Algunos Problemas m\u00e1s Urgentes\" Nagar\" rel=\"nofollow\" target=\"_blank\" href=\"http:\/\/twitter.com\/home?status=Segunda Parte: Algunos Problemas m\u00e1s Urgentes https:\/\/svsc.archimadrid.es\/?page_id=1001\"><img data-recalc-dims=\"1\" loading=\"lazy\" decoding=\"async\" width=\"70\" height=\"20\" alt=\"twitter\" src=\"https:\/\/i0.wp.com\/svsc.archimadrid.es\/wp-content\/plugins\/facebook-google-twitter-share\/images\/twitter.png?resize=70%2C20&#038;ssl=1\"><\/a>\n\t<\/div>","protected":false},"excerpt":{"rendered":"<p>SEGUNDA PARTE: ALGUNOS PROBLEMAS M\u00c1S URGENTES Introducci\u00f3n 46. Despu\u00e9s de haber expuesto la gran dignidad de la persona humana y la misi\u00f3n, tanto individual como social, a la que ha sido llamada en el mundo entero, el Concilio, a la luz del Evangelio y de la experiencia humana, llama ahora la atenci\u00f3n de todos sobre &hellip; <\/p>\n<p><a class=\"more-link btn\" href=\"https:\/\/svsc.archimadrid.es\/?page_id=1001\">Seguir leyendo<\/a><\/p>\n","protected":false},"author":4,"featured_media":1002,"parent":980,"menu_order":3,"comment_status":"closed","ping_status":"closed","template":"","meta":{"jetpack_post_was_ever_published":false,"footnotes":""},"class_list":["post-1001","page","type-page","status-publish","has-post-thumbnail","hentry","nodate","item-wrap"],"jetpack_shortlink":"https:\/\/wp.me\/P2YM3J-g9","jetpack_sharing_enabled":true,"jetpack_likes_enabled":false,"_links":{"self":[{"href":"https:\/\/svsc.archimadrid.es\/index.php?rest_route=\/wp\/v2\/pages\/1001","targetHints":{"allow":["GET"]}}],"collection":[{"href":"https:\/\/svsc.archimadrid.es\/index.php?rest_route=\/wp\/v2\/pages"}],"about":[{"href":"https:\/\/svsc.archimadrid.es\/index.php?rest_route=\/wp\/v2\/types\/page"}],"author":[{"embeddable":true,"href":"https:\/\/svsc.archimadrid.es\/index.php?rest_route=\/wp\/v2\/users\/4"}],"replies":[{"embeddable":true,"href":"https:\/\/svsc.archimadrid.es\/index.php?rest_route=%2Fwp%2Fv2%2Fcomments&post=1001"}],"version-history":[{"count":1,"href":"https:\/\/svsc.archimadrid.es\/index.php?rest_route=\/wp\/v2\/pages\/1001\/revisions"}],"predecessor-version":[{"id":1003,"href":"https:\/\/svsc.archimadrid.es\/index.php?rest_route=\/wp\/v2\/pages\/1001\/revisions\/1003"}],"up":[{"embeddable":true,"href":"https:\/\/svsc.archimadrid.es\/index.php?rest_route=\/wp\/v2\/pages\/980"}],"wp:featuredmedia":[{"embeddable":true,"href":"https:\/\/svsc.archimadrid.es\/index.php?rest_route=\/wp\/v2\/media\/1002"}],"wp:attachment":[{"href":"https:\/\/svsc.archimadrid.es\/index.php?rest_route=%2Fwp%2Fv2%2Fmedia&parent=1001"}],"curies":[{"name":"wp","href":"https:\/\/api.w.org\/{rel}","templated":true}]}}