{"id":1021,"date":"2013-01-15T14:02:14","date_gmt":"2013-01-15T13:02:14","guid":{"rendered":"http:\/\/arzmadrid.es\/svsc\/wp\/?page_id=1021"},"modified":"2013-01-15T14:02:14","modified_gmt":"2013-01-15T13:02:14","slug":"conclusion","status":"publish","type":"page","link":"https:\/\/svsc.archimadrid.es\/?page_id=1021","title":{"rendered":"Conclusi\u00f3n"},"content":{"rendered":"<h1 align=\"center\"><span style=\"color: #800080;\"><b>CONCLUSI\u00d3N<\/b><\/span><\/h1>\n<p><a href=\"https:\/\/i0.wp.com\/arzmadrid.es\/svsc\/wp\/wp-content\/uploads\/2013\/01\/jmj2011-2.jpg\"><img data-recalc-dims=\"1\" loading=\"lazy\" decoding=\"async\" data-attachment-id=\"876\" data-permalink=\"https:\/\/svsc.archimadrid.es\/?attachment_id=876\" data-orig-file=\"https:\/\/i0.wp.com\/svsc.archimadrid.es\/wp-content\/uploads\/2013\/01\/jmj2011-2.jpg?fit=700%2C466&amp;ssl=1\" data-orig-size=\"700,466\" data-comments-opened=\"0\" data-image-meta=\"{&quot;aperture&quot;:&quot;0&quot;,&quot;credit&quot;:&quot;&quot;,&quot;camera&quot;:&quot;&quot;,&quot;caption&quot;:&quot;&quot;,&quot;created_timestamp&quot;:&quot;0&quot;,&quot;copyright&quot;:&quot;&quot;,&quot;focal_length&quot;:&quot;0&quot;,&quot;iso&quot;:&quot;0&quot;,&quot;shutter_speed&quot;:&quot;0&quot;,&quot;title&quot;:&quot;&quot;}\" data-image-title=\"jmj2011-2\" data-image-description=\"\" data-image-caption=\"\" data-medium-file=\"https:\/\/i0.wp.com\/svsc.archimadrid.es\/wp-content\/uploads\/2013\/01\/jmj2011-2.jpg?fit=300%2C199&amp;ssl=1\" data-large-file=\"https:\/\/i0.wp.com\/svsc.archimadrid.es\/wp-content\/uploads\/2013\/01\/jmj2011-2.jpg?fit=700%2C466&amp;ssl=1\" class=\"aligncenter size-medium wp-image-876\" alt=\"jmj2011-2\" src=\"https:\/\/i0.wp.com\/arzmadrid.es\/svsc\/wp\/wp-content\/uploads\/2013\/01\/jmj2011-2-300x199.jpg?resize=300%2C199\" width=\"300\" height=\"199\" srcset=\"https:\/\/i0.wp.com\/svsc.archimadrid.es\/wp-content\/uploads\/2013\/01\/jmj2011-2.jpg?resize=300%2C199&amp;ssl=1 300w, https:\/\/i0.wp.com\/svsc.archimadrid.es\/wp-content\/uploads\/2013\/01\/jmj2011-2.jpg?w=700&amp;ssl=1 700w\" sizes=\"auto, (max-width: 300px) 100vw, 300px\" \/><\/a><\/p>\n<h3><span style=\"color: #800080;\"><b><i>Tarea de cada fiel y de las Iglesias particulares<\/i><\/b><\/span><\/h3>\n<p>91. Todo lo que, extra\u00eddo del tesoro doctrinal de la Iglesia, ha propuesto el Concilio, pretende ayudar a todos los hombres de nuestros d\u00edas, a los que creen en Dios y a los que no creen en El de forma expl\u00edcita, a fin de que, con la m\u00e1s clara percepci\u00f3n de su entera vocaci\u00f3n, ajusten mejor el mundo a la superior dignidad del hombre, tiendan a una fraternidad universal m\u00e1s profundamente arraigada y, bajo el impulso del amor, con esfuerzo generoso y unido, respondan a las urgentes exigencias de nuestra edad.<\/p>\n<p>Ante la inmensa diversidad de situaciones y de formas culturales que existen hoy en el mundo, esta exposici\u00f3n, en la mayor\u00eda de sus partes, presenta deliberadamente una forma gen\u00e9rica; m\u00e1s a\u00fan, aunque reitera la doctrina recibida en la Iglesia, como m\u00e1s de una vez trata de materias sometidas a incesante evoluci\u00f3n, deber\u00e1 ser continuada y aplicada en el futuro. Confiamos, sin embargo, que muchas de las cosas que hemos dicho, apoyados en la palabra de Dios y en el esp\u00edritu del Evangelio, podr\u00e1n prestar a todos valiosa ayuda, sobre todo una vez que la adaptaci\u00f3n a cada pueblo y a cada mentalidad haya sido llevada a cabo por los cristianos bajo la direcci\u00f3n de los pastores.<\/p>\n<h3><span style=\"color: #800080;\"><b><i>El di\u00e1logo entre todos los hombres<\/i><\/b><\/span><\/h3>\n<p>92. La Iglesia, en virtud de la misi\u00f3n que tiene de iluminar a todo el orbe con el mensaje evang\u00e9lico y de reunir en un solo Esp\u00edritu a todos los hombres de cualquier naci\u00f3n, raza o cultura, se convierte en se\u00f1al de la fraternidad que permite y consolida el di\u00e1logo sincero.<\/p>\n<p>Lo cual requiere, en primer lugar, que se promueva en el seno de la Iglesia la mutua estima, respeto y concordia, reconociendo todas las leg\u00edtimas diversidades, para abrir, con fecundidad siempre creciente, el di\u00e1logo entre todos los que integran el \u00fanico Pueblo de Dios, tanto los pastores como los dem\u00e1s fieles. Los lazos de uni\u00f3n de los fieles son mucho m\u00e1s fuertes que los motivos de divisi\u00f3n entre ellos. Haya unidad en lo necesario, libertad en lo dudoso, caridad en todo.<\/p>\n<p>Nuestro esp\u00edritu abraza al mismo tiempo a los hermanos que todav\u00eda no viven unidos a nosotros en la plenitud de comuni\u00f3n y abraza tambi\u00e9n a sus comunidades. Con todos ellos nos sentimos unidos por la confesi\u00f3n del Padre y del Hijo y del Esp\u00edritu Santo y por el v\u00ednculo de la caridad, conscientes de que la unidad de los cristianos es objeto de esperanzas y de deseos hoy incluso por muchos que no creen en Cristo. Los avances que esta unidad realice en la verdad y en la caridad bajo la poderosa virtud y la paz para el universo mundo. Por ello, con uni\u00f3n de energ\u00edas y en formas cada vez m\u00e1s adecuadas para lograr hoy con eficacia este importante prop\u00f3sito, procuremos que, ajust\u00e1ndonos cada vez m\u00e1s al Evangelio, cooperemos fraternalmente para servir a la familia humana, que est\u00e1 llamada en Cristo Jes\u00fas a ser la familia de los hijos de Dios.<\/p>\n<p>Nos dirigimos tambi\u00e9n por la misma raz\u00f3n a todos los que creen en Dios y conservan en el legado de sus tradiciones preciados elementos religiosos y humanos, deseando que el coloquio abierto nos mueva a todos a recibir fielmente los impulsos del Esp\u00edritu y a ejecutarlos con \u00e1nimo alacre.<\/p>\n<p>El deseo de este coloquio, que se siente movido hacia la verdad por impulso exclusivo de la caridad, salvando siempre la necesaria prudencia, no excluye a nadie por parte nuestra, ni siquiera a los que cultivan los bienes esclarecidos del esp\u00edritu humano, pero no reconocen todav\u00eda al Autor de todos ellos. Ni tampoco excluye a aquellos que se oponen a la Iglesia y la persiguen de varias maneras. Dios Padre es el principio y el fin de todos. Por ello, todos estamos llamados a ser hermanos. En consecuencia, con esta com\u00fan vocaci\u00f3n humana y divina, podemos y debemos cooperar, sin violencias, sin enga\u00f1os, en verdadera paz, a la edificaci\u00f3n del mundo.<\/p>\n<h3><span style=\"color: #800080;\"><b><i>Edificaci\u00f3n del mundo y orientaci\u00f3n de \u00e9ste a Dios<\/i><\/b><\/span><\/h3>\n<p>93. Los cristianos recordando la palabra del Se\u00f1or: En esto conocer\u00e1n todos que sois mis disc\u00edpulos, en el amor mutuo que os teng\u00e1is (<i>Io<\/i> 13,35), no pueden tener otro anhelo mayor que el de servir con creciente generosidad y con suma eficacia a los hombres de hoy. Por consiguiente, con la fiel adhesi\u00f3n al Evangelio y con el uso de las energ\u00edas propias de \u00e9ste, unidos a todos los que aman y practican la justicia, han tomado sobre s\u00ed una tarea ingente que han de cumplir en la tierra, y de la cual deber\u00e1n responder ante Aquel que juzgar\u00e1 a todos en el \u00faltimo d\u00eda. No todos los que dicen: \u00ab\u00a1Se\u00f1or, Se\u00f1or!\u00bb, entrar\u00e1n en el reino de los cielos, sino aquellos que hacen la voluntad del Padre y ponen manos a la obra. Quiere el Padre que reconozcamos y amemos efectivamente a Cristo, nuestro hermano, en todos los hombres, con la palabra y con las obras, dando as\u00ed testimonio de la Verdad, y que comuniquemos con los dem\u00e1s el misterio del amor del Padre celestial. Por esta v\u00eda, en todo el mundo los hombres se sentir\u00e1n despertados a una viva esperanza, que es don del Esp\u00edritu Santo, para que, por fin, llegada la hora, sean recibidos en la paz y en la suma bienaventuranza en la patria que brillar\u00e1 con la gloria del Se\u00f1or.<\/p>\n<p>\u00abAl que es poderoso para hacer que copiosamente abundemos m\u00e1s de lo que pedimos o pensamos, en virtud del poder que act\u00faa en nosotros, a El sea la gloria en la Iglesia y en Cristo Jes\u00fas, en todas las generaciones, por los siglos de los siglos. Am\u00e9n.\u00bb (<i>Eph<\/i> 3,20-21).<\/p>\n<p>Todas y cada una de las cosas que en esta Constituci\u00f3n pastoral se incluyen han obtenido el benepl\u00e1cito de los Padres del sacrosanto Concilio. Y Nos, en virtud de la autoridad apost\u00f3lica a Nos confiada por Cristo, todo ello, juntamente con los venerables Padres, lo aprobamos en el Esp\u00edritu Santo, decretamos y establecemos, y ordenamos que se promulgue, para gloria de Dios, todo los aprobado conciliarmente.<\/p>\n<p><i>Roma, en San Pedro, 7 de diciembre de 1965.<\/i><\/p>\n<p align=\"right\">Yo, PABLO, Obispo de la Iglesia cat\u00f3lica.<\/p>\n<div class=\"sharelinks\" style=\"\">\n\t<a title=\"Conclusi\u00f3n\" rel=\"nofollow\" target=\"_blank\" href=\"http:\/\/www.facebook.com\/sharer.php?u=https:\/\/svsc.archimadrid.es\/?page_id=1021\"><img data-recalc-dims=\"1\" loading=\"lazy\" decoding=\"async\" width=\"56\" height=\"20\" alt=\"facebook\" src=\"https:\/\/i0.wp.com\/svsc.archimadrid.es\/wp-content\/plugins\/facebook-google-twitter-share\/images\/facebook.png?resize=56%2C20&#038;ssl=1\"><\/a>\n\t<a title=\"Conclusi\u00f3n\" rel=\"nofollow\" target=\"_blank\" href=\"https:\/\/plus.google.com\/share?url=https:\/\/svsc.archimadrid.es\/?page_id=1021\"><img data-recalc-dims=\"1\" loading=\"lazy\" decoding=\"async\" width=\"60\" height=\"20\" alt=\"google plus\" src=\"https:\/\/i0.wp.com\/svsc.archimadrid.es\/wp-content\/plugins\/facebook-google-twitter-share\/images\/googleplus.png?resize=60%2C20&#038;ssl=1\"><\/a>\n\t<a title=\"Conclusi\u00f3n\" Nagar\" rel=\"nofollow\" target=\"_blank\" href=\"http:\/\/twitter.com\/home?status=Conclusi\u00f3n https:\/\/svsc.archimadrid.es\/?page_id=1021\"><img data-recalc-dims=\"1\" loading=\"lazy\" decoding=\"async\" width=\"70\" height=\"20\" alt=\"twitter\" src=\"https:\/\/i0.wp.com\/svsc.archimadrid.es\/wp-content\/plugins\/facebook-google-twitter-share\/images\/twitter.png?resize=70%2C20&#038;ssl=1\"><\/a>\n\t<\/div>","protected":false},"excerpt":{"rendered":"<p>CONCLUSI\u00d3N Tarea de cada fiel y de las Iglesias particulares 91. Todo lo que, extra\u00eddo del tesoro doctrinal de la Iglesia, ha propuesto el Concilio, pretende ayudar a todos los hombres de nuestros d\u00edas, a los que creen en Dios y a los que no creen en El de forma expl\u00edcita, a fin de que, &hellip; <\/p>\n<p><a class=\"more-link btn\" href=\"https:\/\/svsc.archimadrid.es\/?page_id=1021\">Seguir leyendo<\/a><\/p>\n","protected":false},"author":4,"featured_media":876,"parent":980,"menu_order":4,"comment_status":"closed","ping_status":"closed","template":"","meta":{"jetpack_post_was_ever_published":false,"footnotes":""},"class_list":["post-1021","page","type-page","status-publish","has-post-thumbnail","hentry","nodate","item-wrap"],"jetpack_shortlink":"https:\/\/wp.me\/P2YM3J-gt","jetpack_sharing_enabled":true,"jetpack_likes_enabled":false,"_links":{"self":[{"href":"https:\/\/svsc.archimadrid.es\/index.php?rest_route=\/wp\/v2\/pages\/1021","targetHints":{"allow":["GET"]}}],"collection":[{"href":"https:\/\/svsc.archimadrid.es\/index.php?rest_route=\/wp\/v2\/pages"}],"about":[{"href":"https:\/\/svsc.archimadrid.es\/index.php?rest_route=\/wp\/v2\/types\/page"}],"author":[{"embeddable":true,"href":"https:\/\/svsc.archimadrid.es\/index.php?rest_route=\/wp\/v2\/users\/4"}],"replies":[{"embeddable":true,"href":"https:\/\/svsc.archimadrid.es\/index.php?rest_route=%2Fwp%2Fv2%2Fcomments&post=1021"}],"version-history":[{"count":1,"href":"https:\/\/svsc.archimadrid.es\/index.php?rest_route=\/wp\/v2\/pages\/1021\/revisions"}],"predecessor-version":[{"id":1022,"href":"https:\/\/svsc.archimadrid.es\/index.php?rest_route=\/wp\/v2\/pages\/1021\/revisions\/1022"}],"up":[{"embeddable":true,"href":"https:\/\/svsc.archimadrid.es\/index.php?rest_route=\/wp\/v2\/pages\/980"}],"wp:featuredmedia":[{"embeddable":true,"href":"https:\/\/svsc.archimadrid.es\/index.php?rest_route=\/wp\/v2\/media\/876"}],"wp:attachment":[{"href":"https:\/\/svsc.archimadrid.es\/index.php?rest_route=%2Fwp%2Fv2%2Fmedia&parent=1021"}],"curies":[{"name":"wp","href":"https:\/\/api.w.org\/{rel}","templated":true}]}}