{"id":1035,"date":"2013-01-15T17:36:28","date_gmt":"2013-01-15T16:36:28","guid":{"rendered":"http:\/\/arzmadrid.es\/svsc\/wp\/?page_id=1035"},"modified":"2013-01-15T17:36:28","modified_gmt":"2013-01-15T16:36:28","slug":"proemio","status":"publish","type":"page","link":"https:\/\/svsc.archimadrid.es\/?page_id=1035","title":{"rendered":"Proemio"},"content":{"rendered":"<p><a href=\"https:\/\/i0.wp.com\/arzmadrid.es\/svsc\/wp\/wp-content\/uploads\/2013\/01\/mano-tendida.jpg\"><img data-recalc-dims=\"1\" loading=\"lazy\" decoding=\"async\" data-attachment-id=\"1033\" data-permalink=\"https:\/\/svsc.archimadrid.es\/?attachment_id=1033\" data-orig-file=\"https:\/\/i0.wp.com\/svsc.archimadrid.es\/wp-content\/uploads\/2013\/01\/mano-tendida.jpg?fit=345%2C230&amp;ssl=1\" data-orig-size=\"345,230\" data-comments-opened=\"0\" data-image-meta=\"{&quot;aperture&quot;:&quot;0&quot;,&quot;credit&quot;:&quot;&quot;,&quot;camera&quot;:&quot;&quot;,&quot;caption&quot;:&quot;&quot;,&quot;created_timestamp&quot;:&quot;0&quot;,&quot;copyright&quot;:&quot;&quot;,&quot;focal_length&quot;:&quot;0&quot;,&quot;iso&quot;:&quot;0&quot;,&quot;shutter_speed&quot;:&quot;0&quot;,&quot;title&quot;:&quot;&quot;}\" data-image-title=\"mano-tendida\" data-image-description=\"\" data-image-caption=\"\" data-medium-file=\"https:\/\/i0.wp.com\/svsc.archimadrid.es\/wp-content\/uploads\/2013\/01\/mano-tendida.jpg?fit=300%2C200&amp;ssl=1\" data-large-file=\"https:\/\/i0.wp.com\/svsc.archimadrid.es\/wp-content\/uploads\/2013\/01\/mano-tendida.jpg?fit=345%2C230&amp;ssl=1\" class=\"aligncenter size-medium wp-image-1033\" alt=\"mano-tendida\" src=\"https:\/\/i0.wp.com\/arzmadrid.es\/svsc\/wp\/wp-content\/uploads\/2013\/01\/mano-tendida-300x200.jpg?resize=300%2C200\" width=\"300\" height=\"200\" srcset=\"https:\/\/i0.wp.com\/svsc.archimadrid.es\/wp-content\/uploads\/2013\/01\/mano-tendida.jpg?resize=300%2C200&amp;ssl=1 300w, https:\/\/i0.wp.com\/svsc.archimadrid.es\/wp-content\/uploads\/2013\/01\/mano-tendida.jpg?w=345&amp;ssl=1 345w\" sizes=\"auto, (max-width: 300px) 100vw, 300px\" \/><\/a><\/p>\n<p>&nbsp;<\/p>\n<h1 align=\"center\"><span style=\"color: #800080;\"><b>Proemio<\/b><\/span><\/h1>\n<p>1. La Iglesia, enviada por Dios a las gentes para ser \u00abel sacramento universal de la salvaci\u00f3n\u00bb, obedeciendo el mandato de su Fundador (Cf.\u00a0<i>Mc<\/i>, 16,15), por exigencias \u00edntimas de su misma catolicidad, se esfuerza en anunciar el Evangelio a todos los hombres. Porque los Ap\u00f3stoles mismos, en quienes est\u00e1 fundada la Iglesia, siguiendo las huellas de Cristo, \u00abpredicaron la palabra de la verdad y engendraron las Iglesias\u00bb. Obligaci\u00f3n de sus sucesores es dar perpetuidad a esta obra para que \u00abla palabra de Dios sea difundida y glorificada\u00bb (<i>2 Tes<\/i>, 3,1), y se anuncie y establezca el reino de Dios en toda la tierra.<\/p>\n<p>Mas en el presente orden de cosas, del que surge una nueva condici\u00f3n de la humanidad, la Iglesia, sal de la tierra y luz del mundo (Cf.\u00a0<i>Mt<\/i>, 5,13-14), se siente llamada con m\u00e1s urgencia a salvar y renovar a toda criatura para que todo se instaure en Cristo y todos los hombres constituyan en El una \u00fanica familia y un solo Pueblo de Dios.<\/p>\n<p>Por lo cual este Santo Concilio, mientras da gracias a Dios por las obras realizadas por el generoso esfuerzo de toda la Iglesia, desea delinear los principios de la actividad misional y reunir las fuerzas de todos los fieles para que el Pueblo de Dios, caminando por la estrecha senda de la cruz, difunda por todas partes el reino de Cristo, Se\u00f1or que preside de los siglos (Cf.\u00a0<i>Eccli<\/i>., 36,19), y prepara los caminos a su venida.<\/p>\n<div class=\"sharelinks\" style=\"\">\n\t<a title=\"Proemio\" rel=\"nofollow\" target=\"_blank\" href=\"http:\/\/www.facebook.com\/sharer.php?u=https:\/\/svsc.archimadrid.es\/?page_id=1035\"><img data-recalc-dims=\"1\" loading=\"lazy\" decoding=\"async\" width=\"56\" height=\"20\" alt=\"facebook\" src=\"https:\/\/i0.wp.com\/svsc.archimadrid.es\/wp-content\/plugins\/facebook-google-twitter-share\/images\/facebook.png?resize=56%2C20&#038;ssl=1\"><\/a>\n\t<a title=\"Proemio\" rel=\"nofollow\" target=\"_blank\" href=\"https:\/\/plus.google.com\/share?url=https:\/\/svsc.archimadrid.es\/?page_id=1035\"><img data-recalc-dims=\"1\" loading=\"lazy\" decoding=\"async\" width=\"60\" height=\"20\" alt=\"google plus\" src=\"https:\/\/i0.wp.com\/svsc.archimadrid.es\/wp-content\/plugins\/facebook-google-twitter-share\/images\/googleplus.png?resize=60%2C20&#038;ssl=1\"><\/a>\n\t<a title=\"Proemio\" Nagar\" rel=\"nofollow\" target=\"_blank\" href=\"http:\/\/twitter.com\/home?status=Proemio https:\/\/svsc.archimadrid.es\/?page_id=1035\"><img data-recalc-dims=\"1\" loading=\"lazy\" decoding=\"async\" width=\"70\" height=\"20\" alt=\"twitter\" src=\"https:\/\/i0.wp.com\/svsc.archimadrid.es\/wp-content\/plugins\/facebook-google-twitter-share\/images\/twitter.png?resize=70%2C20&#038;ssl=1\"><\/a>\n\t<\/div>","protected":false},"excerpt":{"rendered":"<p>&nbsp; Proemio 1. La Iglesia, enviada por Dios a las gentes para ser \u00abel sacramento universal de la salvaci\u00f3n\u00bb, obedeciendo el mandato de su Fundador (Cf.\u00a0Mc, 16,15), por exigencias \u00edntimas de su misma catolicidad, se esfuerza en anunciar el Evangelio a todos los hombres. Porque los Ap\u00f3stoles mismos, en quienes est\u00e1 fundada la Iglesia, siguiendo &hellip; <\/p>\n<p><a class=\"more-link btn\" href=\"https:\/\/svsc.archimadrid.es\/?page_id=1035\">Seguir leyendo<\/a><\/p>\n","protected":false},"author":4,"featured_media":1033,"parent":1032,"menu_order":1,"comment_status":"closed","ping_status":"closed","template":"","meta":{"jetpack_post_was_ever_published":false,"footnotes":""},"class_list":["post-1035","page","type-page","status-publish","has-post-thumbnail","hentry","nodate","item-wrap"],"jetpack_shortlink":"https:\/\/wp.me\/P2YM3J-gH","jetpack_sharing_enabled":true,"jetpack_likes_enabled":false,"_links":{"self":[{"href":"https:\/\/svsc.archimadrid.es\/index.php?rest_route=\/wp\/v2\/pages\/1035","targetHints":{"allow":["GET"]}}],"collection":[{"href":"https:\/\/svsc.archimadrid.es\/index.php?rest_route=\/wp\/v2\/pages"}],"about":[{"href":"https:\/\/svsc.archimadrid.es\/index.php?rest_route=\/wp\/v2\/types\/page"}],"author":[{"embeddable":true,"href":"https:\/\/svsc.archimadrid.es\/index.php?rest_route=\/wp\/v2\/users\/4"}],"replies":[{"embeddable":true,"href":"https:\/\/svsc.archimadrid.es\/index.php?rest_route=%2Fwp%2Fv2%2Fcomments&post=1035"}],"version-history":[{"count":1,"href":"https:\/\/svsc.archimadrid.es\/index.php?rest_route=\/wp\/v2\/pages\/1035\/revisions"}],"predecessor-version":[{"id":1036,"href":"https:\/\/svsc.archimadrid.es\/index.php?rest_route=\/wp\/v2\/pages\/1035\/revisions\/1036"}],"up":[{"embeddable":true,"href":"https:\/\/svsc.archimadrid.es\/index.php?rest_route=\/wp\/v2\/pages\/1032"}],"wp:featuredmedia":[{"embeddable":true,"href":"https:\/\/svsc.archimadrid.es\/index.php?rest_route=\/wp\/v2\/media\/1033"}],"wp:attachment":[{"href":"https:\/\/svsc.archimadrid.es\/index.php?rest_route=%2Fwp%2Fv2%2Fmedia&parent=1035"}],"curies":[{"name":"wp","href":"https:\/\/api.w.org\/{rel}","templated":true}]}}