{"id":1049,"date":"2013-01-15T18:53:11","date_gmt":"2013-01-15T17:53:11","guid":{"rendered":"http:\/\/arzmadrid.es\/svsc\/wp\/?page_id=1049"},"modified":"2013-01-15T18:54:10","modified_gmt":"2013-01-15T17:54:10","slug":"1049-2","status":"publish","type":"page","link":"https:\/\/svsc.archimadrid.es\/?page_id=1049","title":{"rendered":"Cap\u00edtulo V: Ordenaci\u00f3n de la Actividad Misional"},"content":{"rendered":"<h1 align=\"center\"><span style=\"color: #800080;\"><b>CAP\u00cdTULO V: ORDENACI<\/b><b>\u00d3N DE LA ACTIVIDAD MISIONAL\u00a0<\/b><\/span><\/h1>\n<p><a href=\"https:\/\/i0.wp.com\/arzmadrid.es\/svsc\/wp\/wp-content\/uploads\/2013\/01\/basilica_san_pedro_gr.jpg\"><img data-recalc-dims=\"1\" loading=\"lazy\" decoding=\"async\" data-attachment-id=\"857\" data-permalink=\"https:\/\/svsc.archimadrid.es\/?attachment_id=857\" data-orig-file=\"https:\/\/i0.wp.com\/svsc.archimadrid.es\/wp-content\/uploads\/2013\/01\/basilica_san_pedro_gr.jpg?fit=472%2C319&amp;ssl=1\" data-orig-size=\"472,319\" data-comments-opened=\"0\" data-image-meta=\"{&quot;aperture&quot;:&quot;0&quot;,&quot;credit&quot;:&quot;&quot;,&quot;camera&quot;:&quot;&quot;,&quot;caption&quot;:&quot;&quot;,&quot;created_timestamp&quot;:&quot;0&quot;,&quot;copyright&quot;:&quot;&quot;,&quot;focal_length&quot;:&quot;0&quot;,&quot;iso&quot;:&quot;0&quot;,&quot;shutter_speed&quot;:&quot;0&quot;,&quot;title&quot;:&quot;&quot;}\" data-image-title=\"basilica_san_pedro_gr\" data-image-description=\"\" data-image-caption=\"\" data-medium-file=\"https:\/\/i0.wp.com\/svsc.archimadrid.es\/wp-content\/uploads\/2013\/01\/basilica_san_pedro_gr.jpg?fit=300%2C202&amp;ssl=1\" data-large-file=\"https:\/\/i0.wp.com\/svsc.archimadrid.es\/wp-content\/uploads\/2013\/01\/basilica_san_pedro_gr.jpg?fit=472%2C319&amp;ssl=1\" class=\"aligncenter size-medium wp-image-857\" alt=\"basilica_san_pedro_gr\" src=\"https:\/\/i0.wp.com\/arzmadrid.es\/svsc\/wp\/wp-content\/uploads\/2013\/01\/basilica_san_pedro_gr-300x202.jpg?resize=300%2C202\" width=\"300\" height=\"202\" srcset=\"https:\/\/i0.wp.com\/svsc.archimadrid.es\/wp-content\/uploads\/2013\/01\/basilica_san_pedro_gr.jpg?resize=300%2C202&amp;ssl=1 300w, https:\/\/i0.wp.com\/svsc.archimadrid.es\/wp-content\/uploads\/2013\/01\/basilica_san_pedro_gr.jpg?w=472&amp;ssl=1 472w\" sizes=\"auto, (max-width: 300px) 100vw, 300px\" \/><\/a><\/p>\n<h3><span style=\"color: #800080;\"><b><i>Introducci\u00f3n<\/i><\/b><\/span><\/h3>\n<p>28. Puesto que los fieles cristianos tienen dones diferentes, deben colaborar en el Evangelio cada uno seg\u00fan su oportunidad, facultad, carisma y ministerio; todos, por consiguiente, los que siembran y los que siegan, los que plantan y los que riegan, es necesario que sean una sola cosa, a fin de que \u00abbuscando unidos el tiempo fin\u00bb dediquen sus esfuerzos un\u00e1nimes a la edificaci\u00f3n de la Iglesia.<\/p>\n<p>Por lo cual los trabajos de los heraldos del Evangelio y los auxilios de los dem\u00e1s cristianos hay que dirigirlos y aunarlos de forma que \u00abtodo se haga con orden\u00bb, en todos los campos de la actividad y de la cooperaci\u00f3n misional.<\/p>\n<h3><span style=\"color: #800080;\"><b><i>Ordenaci\u00f3n general<\/i><\/b><\/span><\/h3>\n<p>29. Perteneciendo, ante todo, al cuerpo de los Obispos la preocupaci\u00f3n de anunciar el Evangelio en todo el mundo, el s\u00ednodo de los Obispos, o sea \u00abel Consejo estable de Obispos para la Iglesia universal\u00bb, entre los negocios de importancia general, considere especialmente la actividad misional deber supremo y sant\u00edsimo de la Iglesia.<\/p>\n<p>Es necesario que haya un solo dicasterio competente, a saber: \u00abDe propaganda Fide\u00bb, para todas las misiones y para toda la actividad misional, salvo, sin embargo, el derecho de las Iglesias orientales.<\/p>\n<p>Aunque el Esp\u00edritu Santo suscita de muchas maneras el esp\u00edritu misional en la Iglesia de Dios, y no pocas veces se anticipa a la acci\u00f3n de quienes gobiernan la vida de la Iglesia, con todo, este dicasterio, en cuanto le corresponde, promueva tambi\u00e9n la vocaci\u00f3n y la espiritualidad misionera, el celo y la oraci\u00f3n por las misiones y difunda las noticias aut\u00e9nticas y convenientes sobre las misiones; suscite y distribuya los misioneros seg\u00fan las necesidades m\u00e1s urgentes de los pa\u00edses. A ella compete dictar normas directivas y principios acomodados a la evangelizaci\u00f3n y darles impulsos. Promueva y coordine eficazmente la colecta de ayudas materiales, que ha de distribuirse a raz\u00f3n de la necesidad o de la utilidad, y de la extensi\u00f3n del territorio, del n\u00famero de fieles y de infieles, de las obras y de las Instituciones, de los auxiliares y de los misioneros.<\/p>\n<p>Juntamente con el Secretario, para promover la uni\u00f3n de los cristianos, busque las formas y los medios de procurar y orientar la colaboraci\u00f3n fraterna y la pac\u00edfica convivencia con las empresas misionales de otras comunidades cristianas para evitar en lo posible el esc\u00e1ndalo de la divisi\u00f3n.<\/p>\n<p>As\u00ed, pues, es necesario que este dicasterio sea a la vez instrumento de administraci\u00f3n y \u00f3rgano de direcci\u00f3n din\u00e1mica que emplee medios cient\u00edficos e instrumentos acomodados a las condiciones de este tiempo, teniendo en cuenta las investigaciones actuales de la teolog\u00eda, de la metodolog\u00eda y de la pastoral misionera.<\/p>\n<p>Tengan parte activa y voto deliberativo en la direcci\u00f3n de este dicasterio representantes elegidos de entre todos los que colaboran en la Obra misional: Obispos de todo el orbe, seg\u00fan el parecer de las Conferencias Episcopales, y superiores de los institutos y directores de las Obras Pontificias, seg\u00fan normas y criterios que tenga a bien establecer el Romano Pont\u00edfice. Todos ellos, que han de ser convocados peri\u00f3dicamente, ejerzan, bajo la autoridad del Sumo Pont\u00edfice, la direcci\u00f3n suprema de toda la obra misional.<\/p>\n<p>Tenga a su disposici\u00f3n este dicasterio un Cuerpo permanente de consultores peritos, de ciencia o experiencia comprobada, a los que competir\u00e1, entre otras cosas, el recoger la necesaria informaci\u00f3n, tanto sobre la situaci\u00f3n local de los diversos pa\u00edses y de la mentalidad, modo de pensar de los diferentes grupos humanos, como sobre los m\u00e9todos de evangelizar que hay que emplear, y proponer conclusiones cient\u00edficamente documentadas para la obra y la cooperaci\u00f3n misional.<\/p>\n<p>Han de verse representados convenientemente los Institutos de religiosas, las obras regionales en favor de las misiones y las organizaciones de seglares, sobre todo internacionales.<\/p>\n<h3><span style=\"color: #800080;\"><b><i>Ordenaci\u00f3n local de las misiones<\/i><\/b><\/span><\/h3>\n<p>30. Para que en el ejercicio de la obra misional se consigan los fines y los efectos propuestos, tengan todos los misioneros \u00abun solo coraz\u00f3n y una sola alma\u00bb.<\/p>\n<p>Es deber del Obispo, como rector y centro de unidad en el apostolado diocesano, promover, dirigir y coordinar la actividad misionera, pero de modo que se respete y favorezca la actividad espont\u00e1nea de quienes toman parte en la obra. Todos los misioneros, incluso los religiosos exentos, est\u00e1n sometidos al Obispo en las diversas obras que se refieren al ejercicio del sagrado apostolado. para lograr una coordinaci\u00f3n mejor, establezca el Obispo, en cuanto le sea posible, un Consejo pastoral en que tomen parte cl\u00e9rigos, religiosos y seglares por medio de delegados escogidos. Procure, adem\u00e1s, que la actividad apost\u00f3lica no se limite tan s\u00f3lo a los convertidos, sino que ha de destinar una parte conveniente de operarios y de recursos a la evangelizaci\u00f3n de los no cristianos.<\/p>\n<h3><span style=\"color: #800080;\"><b><i>Coordinaci\u00f3n regional<\/i><\/b><\/span><\/h3>\n<p>31. Traten las Conferencias Episcopales de com\u00fan acuerdo los puntos y los problemas m\u00e1s urgentes, sin descuidar las diferencias locales. Para que no se malogren los escasos recursos de personas y de medios materiales, ni se multipliquen los trabajos sin necesidad, se recomiendo que, uniendo las fuerzas, establezcan obras que sirvan para el bien de todos, como, por ejemplo, seminarios, escuelas superiores y t\u00e9cnicas, centros pastorales, catequ\u00edsticos, lit\u00fargicos y de medios de comunicaci\u00f3n social.<\/p>\n<p>Establ\u00e9zcase tambi\u00e9n una cooperaci\u00f3n semejante, si es oportuno, entre las diversas Conferencias Episcopales.<\/p>\n<h3><span style=\"color: #800080;\"><b><i>Ordenaci\u00f3n de la actividad de los Institutos<\/i><\/b><\/span><\/h3>\n<p>32.\u00a0Es tambi\u00e9n conveniente coordinar las actividades que desarrollan los Institutos o Asociaciones eclesi\u00e1sticas. Todos ellos, de cualquier condici\u00f3n que sean, secunden al ordinario del lugar en todo lo que se refiere a la actividad misional. Por lo cual ser\u00e1 muy provechoso establecer bases particulares que regulen las relaciones entre los ordinarios del lugar y el superior del Instituto.<\/p>\n<p>Cuando a un Instituto se le ha encomendado un territorio, el superior eclesi\u00e1stico y el Instituto procuren, de coraz\u00f3n, dirigirlo todo para que la comunidad cristiana se desarrolle en iglesia local, que a su debido tiempo sea dirigida por su propio pastor con su clero.<\/p>\n<p>Al cesar la encomienda del territorio se crea una nueva situaci\u00f3n. Establezcan entonces, de com\u00fan acuerdo, las Conferencias Episcopales y los Institutos, normas que regulen las relaciones entre los ordinarios del lugar y los Institutos. La Santa Sede establecer\u00e1 los principios generales que han de regular las bases de los contratos regionales o particulares.<\/p>\n<p>Si bien los Institutos est\u00e1n preparados para continuar la obra empezada, colaborando en el ministerio ordinario de la cura de las almas, sin embargo, al aumentar el clero nativo, habr\u00e1 que procurar que los mismos Institutos, de acuerdo con su propio fin, permanezcan fieles a la misma di\u00f3cesis encarg\u00e1ndose generosamente en obras particulares o de alguna regi\u00f3n.<\/p>\n<h3><span style=\"color: #800080;\"><b><i>Coordinaci\u00f3n entre Institutos<\/i><\/b><\/span><\/h3>\n<p>33.\u00a0Los Institutos que se dedican a la actividad misional en el mismo territorio conviene que encuentren un buen sistema de coordinar sus trabajos. para ello son muy \u00fatiles las Conferencias de religiosos y las reuniones de religiosas, en que tomen parte todos los Institutos de la misma naci\u00f3n o regi\u00f3n. Examinen estas Conferencias qu\u00e9 puede hacerse con el esfuerzo com\u00fan y mantengan estrechas relaciones con las Conferencias Episcopales.<\/p>\n<p>Todo lo cual, y por id\u00e9ntico motivo, conviene extenderlo a la colaboraci\u00f3n de los Institutos misioneros en la tierra patria, de suerte que puedan resolverse los problemas y empresas comunes con m\u00e1s facilidad y menores gastos, como, por ejemplo, la formaci\u00f3n doctrinal de los futuros misioneros, los cursos para los mismos, las relaciones con las autoridades p\u00fablicas o con los \u00f3rganos internacionales o supranacionales.<\/p>\n<h3><b><i>Coordinaci\u00f3n entre los Institutos cient\u00edficos<\/i><\/b><\/h3>\n<p>34.\u00a0Requiriendo el recto y ordenado ejercicio de la actividad misionera que los operarios evang\u00e9licos se preparen cient\u00edficamente para su trabajos, sobre todo para el di\u00e1logo con las religiones y culturas no cristianas, y reciban ayuda eficaz en su ejecuci\u00f3n, se desea que colaboren entre s\u00ed fraternal y generosamente en favor de las misiones todos los Institutos cient\u00edficos que cultivan la misionolog\u00eda y otras ciencias o artes \u00fatiles a las misiones, como la etnolog\u00eda y la ling\u00fc\u00edstica, la historia y la ciencia de las religiones, la sociolog\u00eda, el arte pastoral y otras semejantes.<\/p>\n<div class=\"sharelinks\" style=\"\">\n\t<a title=\"Cap\u00edtulo V: Ordenaci\u00f3n de la Actividad Misional\" rel=\"nofollow\" target=\"_blank\" href=\"http:\/\/www.facebook.com\/sharer.php?u=https:\/\/svsc.archimadrid.es\/?page_id=1049\"><img data-recalc-dims=\"1\" loading=\"lazy\" decoding=\"async\" width=\"56\" height=\"20\" alt=\"facebook\" src=\"https:\/\/i0.wp.com\/svsc.archimadrid.es\/wp-content\/plugins\/facebook-google-twitter-share\/images\/facebook.png?resize=56%2C20&#038;ssl=1\"><\/a>\n\t<a title=\"Cap\u00edtulo V: Ordenaci\u00f3n de la Actividad Misional\" rel=\"nofollow\" target=\"_blank\" href=\"https:\/\/plus.google.com\/share?url=https:\/\/svsc.archimadrid.es\/?page_id=1049\"><img data-recalc-dims=\"1\" loading=\"lazy\" decoding=\"async\" width=\"60\" height=\"20\" alt=\"google plus\" src=\"https:\/\/i0.wp.com\/svsc.archimadrid.es\/wp-content\/plugins\/facebook-google-twitter-share\/images\/googleplus.png?resize=60%2C20&#038;ssl=1\"><\/a>\n\t<a title=\"Cap\u00edtulo V: Ordenaci\u00f3n de la Actividad Misional\" Nagar\" rel=\"nofollow\" target=\"_blank\" href=\"http:\/\/twitter.com\/home?status=Cap\u00edtulo V: Ordenaci\u00f3n de la Actividad Misional https:\/\/svsc.archimadrid.es\/?page_id=1049\"><img data-recalc-dims=\"1\" loading=\"lazy\" decoding=\"async\" width=\"70\" height=\"20\" alt=\"twitter\" src=\"https:\/\/i0.wp.com\/svsc.archimadrid.es\/wp-content\/plugins\/facebook-google-twitter-share\/images\/twitter.png?resize=70%2C20&#038;ssl=1\"><\/a>\n\t<\/div>","protected":false},"excerpt":{"rendered":"<p>CAP\u00cdTULO V: ORDENACI\u00d3N DE LA ACTIVIDAD MISIONAL\u00a0 Introducci\u00f3n 28. Puesto que los fieles cristianos tienen dones diferentes, deben colaborar en el Evangelio cada uno seg\u00fan su oportunidad, facultad, carisma y ministerio; todos, por consiguiente, los que siembran y los que siegan, los que plantan y los que riegan, es necesario que sean una sola cosa, &hellip; <\/p>\n<p><a class=\"more-link btn\" href=\"https:\/\/svsc.archimadrid.es\/?page_id=1049\">Seguir leyendo<\/a><\/p>\n","protected":false},"author":4,"featured_media":857,"parent":1032,"menu_order":6,"comment_status":"closed","ping_status":"closed","template":"","meta":{"jetpack_post_was_ever_published":false,"footnotes":""},"class_list":["post-1049","page","type-page","status-publish","has-post-thumbnail","hentry","nodate","item-wrap"],"jetpack_shortlink":"https:\/\/wp.me\/P2YM3J-gV","jetpack_sharing_enabled":true,"jetpack_likes_enabled":false,"_links":{"self":[{"href":"https:\/\/svsc.archimadrid.es\/index.php?rest_route=\/wp\/v2\/pages\/1049","targetHints":{"allow":["GET"]}}],"collection":[{"href":"https:\/\/svsc.archimadrid.es\/index.php?rest_route=\/wp\/v2\/pages"}],"about":[{"href":"https:\/\/svsc.archimadrid.es\/index.php?rest_route=\/wp\/v2\/types\/page"}],"author":[{"embeddable":true,"href":"https:\/\/svsc.archimadrid.es\/index.php?rest_route=\/wp\/v2\/users\/4"}],"replies":[{"embeddable":true,"href":"https:\/\/svsc.archimadrid.es\/index.php?rest_route=%2Fwp%2Fv2%2Fcomments&post=1049"}],"version-history":[{"count":2,"href":"https:\/\/svsc.archimadrid.es\/index.php?rest_route=\/wp\/v2\/pages\/1049\/revisions"}],"predecessor-version":[{"id":1052,"href":"https:\/\/svsc.archimadrid.es\/index.php?rest_route=\/wp\/v2\/pages\/1049\/revisions\/1052"}],"up":[{"embeddable":true,"href":"https:\/\/svsc.archimadrid.es\/index.php?rest_route=\/wp\/v2\/pages\/1032"}],"wp:featuredmedia":[{"embeddable":true,"href":"https:\/\/svsc.archimadrid.es\/index.php?rest_route=\/wp\/v2\/media\/857"}],"wp:attachment":[{"href":"https:\/\/svsc.archimadrid.es\/index.php?rest_route=%2Fwp%2Fv2%2Fmedia&parent=1049"}],"curies":[{"name":"wp","href":"https:\/\/api.w.org\/{rel}","templated":true}]}}