{"id":1056,"date":"2013-01-15T18:58:34","date_gmt":"2013-01-15T17:58:34","guid":{"rendered":"http:\/\/arzmadrid.es\/svsc\/wp\/?page_id=1056"},"modified":"2013-01-15T18:58:34","modified_gmt":"2013-01-15T17:58:34","slug":"conclusion","status":"publish","type":"page","link":"https:\/\/svsc.archimadrid.es\/?page_id=1056","title":{"rendered":"Conclusi\u00f3n"},"content":{"rendered":"<h1 align=\"center\"><span style=\"color: #800080;\"><b>CONCLUSI<\/b><b>\u00d3N<\/b><\/span><\/h1>\n<p style=\"text-align: left;\" align=\"center\">42.\u00a0Los Padres del Concilio, juntamente con el Romano Pont\u00edfice, sintiendo vivamente la obligaci\u00f3n de difundir en todas partes el Reino de Dios, saludan con gran amor a todos los heraldos del Evangelio, sobre todo a los que padecen persecuci\u00f3n por el nombre de Cristo, hechos part\u00edcipes de sus sufrimientos.<\/p>\n<p>Ellos se encienden en el mismo amor en que ard\u00eda Cristo por los hombres. Pero, sabedores de que es Dios quien hace que su Reino venga a la tierra, ruegan juntamente con todos los fieles cristianos que, por intercesi\u00f3n de la Virgen Mar\u00eda, Reina de los Ap\u00f3stoles, sean atra\u00eddos los gentiles cuanto antes al conocimiento de la verdad (Cf. 1 Tim., 2,4), y la claridad de Dios que resplandece en el rostro de Cristo Jes\u00fas, brille para todos por el Esp\u00edritu Santo (Cf. 2 Cor., 4,6).<\/p>\n<p>Todas y cada una de las cosas contenidas en este Decreto han obtenido el benepl\u00e1cito de los Padres del Sacrosanto Concilio. Y Nos, en virtud de la potestad apost\u00f3lica recibida de Cristo, juntamente con los Venerables Padres, las aprobamos, decretamos y establecemos en el Esp\u00edritu Santo, y mandamos que lo as\u00ed decidido conciliarmente sea promulgado para gloria de Dios.<\/p>\n<p><i>Roma, en San Pedro, 7 de diciembre de 1965.<\/i><\/p>\n<p align=\"right\">\n<p>Yo, PABLO, Obispo de la Iglesia cat\u00f3lica.<\/p>\n<div class=\"sharelinks\" style=\"\">\n\t<a title=\"Conclusi\u00f3n\" rel=\"nofollow\" target=\"_blank\" href=\"http:\/\/www.facebook.com\/sharer.php?u=https:\/\/svsc.archimadrid.es\/?page_id=1056\"><img data-recalc-dims=\"1\" loading=\"lazy\" decoding=\"async\" width=\"56\" height=\"20\" alt=\"facebook\" src=\"https:\/\/i0.wp.com\/svsc.archimadrid.es\/wp-content\/plugins\/facebook-google-twitter-share\/images\/facebook.png?resize=56%2C20&#038;ssl=1\"><\/a>\n\t<a title=\"Conclusi\u00f3n\" rel=\"nofollow\" target=\"_blank\" href=\"https:\/\/plus.google.com\/share?url=https:\/\/svsc.archimadrid.es\/?page_id=1056\"><img data-recalc-dims=\"1\" loading=\"lazy\" decoding=\"async\" width=\"60\" height=\"20\" alt=\"google plus\" src=\"https:\/\/i0.wp.com\/svsc.archimadrid.es\/wp-content\/plugins\/facebook-google-twitter-share\/images\/googleplus.png?resize=60%2C20&#038;ssl=1\"><\/a>\n\t<a title=\"Conclusi\u00f3n\" Nagar\" rel=\"nofollow\" target=\"_blank\" href=\"http:\/\/twitter.com\/home?status=Conclusi\u00f3n https:\/\/svsc.archimadrid.es\/?page_id=1056\"><img data-recalc-dims=\"1\" loading=\"lazy\" decoding=\"async\" width=\"70\" height=\"20\" alt=\"twitter\" src=\"https:\/\/i0.wp.com\/svsc.archimadrid.es\/wp-content\/plugins\/facebook-google-twitter-share\/images\/twitter.png?resize=70%2C20&#038;ssl=1\"><\/a>\n\t<\/div>","protected":false},"excerpt":{"rendered":"<p>CONCLUSI\u00d3N 42.\u00a0Los Padres del Concilio, juntamente con el Romano Pont\u00edfice, sintiendo vivamente la obligaci\u00f3n de difundir en todas partes el Reino de Dios, saludan con gran amor a todos los heraldos del Evangelio, sobre todo a los que padecen persecuci\u00f3n por el nombre de Cristo, hechos part\u00edcipes de sus sufrimientos. Ellos se encienden en el &hellip; <\/p>\n<p><a class=\"more-link btn\" href=\"https:\/\/svsc.archimadrid.es\/?page_id=1056\">Seguir leyendo<\/a><\/p>\n","protected":false},"author":4,"featured_media":1033,"parent":1032,"menu_order":8,"comment_status":"closed","ping_status":"closed","template":"","meta":{"jetpack_post_was_ever_published":false,"footnotes":""},"class_list":["post-1056","page","type-page","status-publish","has-post-thumbnail","hentry","nodate","item-wrap"],"jetpack_shortlink":"https:\/\/wp.me\/P2YM3J-h2","jetpack_sharing_enabled":true,"jetpack_likes_enabled":false,"_links":{"self":[{"href":"https:\/\/svsc.archimadrid.es\/index.php?rest_route=\/wp\/v2\/pages\/1056","targetHints":{"allow":["GET"]}}],"collection":[{"href":"https:\/\/svsc.archimadrid.es\/index.php?rest_route=\/wp\/v2\/pages"}],"about":[{"href":"https:\/\/svsc.archimadrid.es\/index.php?rest_route=\/wp\/v2\/types\/page"}],"author":[{"embeddable":true,"href":"https:\/\/svsc.archimadrid.es\/index.php?rest_route=\/wp\/v2\/users\/4"}],"replies":[{"embeddable":true,"href":"https:\/\/svsc.archimadrid.es\/index.php?rest_route=%2Fwp%2Fv2%2Fcomments&post=1056"}],"version-history":[{"count":2,"href":"https:\/\/svsc.archimadrid.es\/index.php?rest_route=\/wp\/v2\/pages\/1056\/revisions"}],"predecessor-version":[{"id":1058,"href":"https:\/\/svsc.archimadrid.es\/index.php?rest_route=\/wp\/v2\/pages\/1056\/revisions\/1058"}],"up":[{"embeddable":true,"href":"https:\/\/svsc.archimadrid.es\/index.php?rest_route=\/wp\/v2\/pages\/1032"}],"wp:featuredmedia":[{"embeddable":true,"href":"https:\/\/svsc.archimadrid.es\/index.php?rest_route=\/wp\/v2\/media\/1033"}],"wp:attachment":[{"href":"https:\/\/svsc.archimadrid.es\/index.php?rest_route=%2Fwp%2Fv2%2Fmedia&parent=1056"}],"curies":[{"name":"wp","href":"https:\/\/api.w.org\/{rel}","templated":true}]}}