{"id":1078,"date":"2013-01-22T11:24:22","date_gmt":"2013-01-22T10:24:22","guid":{"rendered":"http:\/\/arzmadrid.es\/svsc\/wp\/?page_id=1078"},"modified":"2013-01-22T11:24:22","modified_gmt":"2013-01-22T10:24:22","slug":"que-es-caritas","status":"publish","type":"page","link":"https:\/\/svsc.archimadrid.es\/?page_id=1078","title":{"rendered":"\u00bfQu\u00e9 es C\u00e1ritas?"},"content":{"rendered":"<p><img data-recalc-dims=\"1\" loading=\"lazy\" decoding=\"async\" data-attachment-id=\"389\" data-permalink=\"https:\/\/svsc.archimadrid.es\/?attachment_id=389\" data-orig-file=\"https:\/\/i0.wp.com\/svsc.archimadrid.es\/wp-content\/uploads\/2012\/12\/NOTICIA_1_4110700013032870.jpg?fit=640%2C397&amp;ssl=1\" data-orig-size=\"640,397\" data-comments-opened=\"0\" data-image-meta=\"{&quot;aperture&quot;:&quot;0&quot;,&quot;credit&quot;:&quot;&quot;,&quot;camera&quot;:&quot;&quot;,&quot;caption&quot;:&quot;&quot;,&quot;created_timestamp&quot;:&quot;0&quot;,&quot;copyright&quot;:&quot;&quot;,&quot;focal_length&quot;:&quot;0&quot;,&quot;iso&quot;:&quot;0&quot;,&quot;shutter_speed&quot;:&quot;0&quot;,&quot;title&quot;:&quot;&quot;}\" data-image-title=\"NOTICIA_1_4110700013032870\" data-image-description=\"\" data-image-caption=\"\" data-medium-file=\"https:\/\/i0.wp.com\/svsc.archimadrid.es\/wp-content\/uploads\/2012\/12\/NOTICIA_1_4110700013032870.jpg?fit=300%2C186&amp;ssl=1\" data-large-file=\"https:\/\/i0.wp.com\/svsc.archimadrid.es\/wp-content\/uploads\/2012\/12\/NOTICIA_1_4110700013032870.jpg?fit=640%2C397&amp;ssl=1\" class=\"alignleft size-thumbnail wp-image-389\" alt=\"NOTICIA_1_4110700013032870\" src=\"https:\/\/i0.wp.com\/arzmadrid.es\/svsc\/wp\/wp-content\/uploads\/2012\/12\/NOTICIA_1_4110700013032870-150x150.jpg?resize=150%2C150\" width=\"150\" height=\"150\" srcset=\"https:\/\/i0.wp.com\/svsc.archimadrid.es\/wp-content\/uploads\/2012\/12\/NOTICIA_1_4110700013032870.jpg?resize=150%2C150&amp;ssl=1 150w, https:\/\/i0.wp.com\/svsc.archimadrid.es\/wp-content\/uploads\/2012\/12\/NOTICIA_1_4110700013032870.jpg?zoom=2&amp;resize=150%2C150 300w, https:\/\/i0.wp.com\/svsc.archimadrid.es\/wp-content\/uploads\/2012\/12\/NOTICIA_1_4110700013032870.jpg?zoom=3&amp;resize=150%2C150 450w\" sizes=\"auto, (max-width: 150px) 100vw, 150px\" \/><\/p>\n<p>La red de <strong>C\u00e1ritas en la Di\u00f3cesis de Madrid<\/strong> se extiende a todos los barrios del territorio diocesano por medio de las<strong> C\u00e1ritas parroquiales<\/strong>, los centros de <strong>C\u00e1ritas en los Arciprestazgos<\/strong> y las<strong> C\u00e1ritas de Vicar\u00eda.<\/strong><\/p>\n<p><strong>C\u00e1ritas Diocesana<\/strong> es la Instituci\u00f3n que hace presente el compromiso de nuestra Iglesia Diocesana con las realidades de pobreza y exclusi\u00f3n de Madrid. C\u00e1ritas no es una organizaci\u00f3n m\u00e1s de la Iglesia, <strong>es la presencia significativa de la Iglesia all\u00ed donde hay pobreza y exclusi\u00f3n, C\u00e1ritas es la propia Iglesia sirviendo a los pobres<\/strong>.<\/p>\n<p align=\"left\"><strong>La acci\u00f3n de C\u00e1ritas se desarrolla en varias dimensiones:<\/strong><\/p>\n<ul>\n<li>\n<p align=\"left\"><strong>Transmitiendo el Evangelio<\/strong> desde el testimonio de la opci\u00f3n por los pobres, con acciones significativas que muestran la posibilidad de una vida basada en los valores del Reino<\/p>\n<\/li>\n<li>\n<p align=\"left\"><strong>Concienciando a la comunidad cristiana<\/strong> de que la caridad es algo consustancial al ser cristiano, sensibiliz\u00e1ndola ante las situaciones de pobreza y marginaci\u00f3n existentes en su entorno y anim\u00e1ndola a que se implique de forma activa, solidaria y fraterna<\/p>\n<\/li>\n<li>\n<p align=\"left\"><strong>Denunciando ante la sociedad<\/strong> en general las situaciones de injusticia que existen en el mundo, as\u00ed como las estructuras sociales que las generan y las perpet\u00faan<\/p>\n<\/li>\n<li>\n<p align=\"left\"><strong>Proclamando la universalidad de la caridad<\/strong> y suscitando, en la comunidad cristiana y en la sociedad en general, el compromiso de solidaridad con todos los pueblos<\/p>\n<\/li>\n<\/ul>\n<p align=\"left\"><strong>Los criterios de actuaci\u00f3n de C\u00e1ritas<\/strong><\/p>\n<p align=\"left\">En C\u00e1ritas trabajamos desde el <strong>respeto absoluto a la dignidad de la persona<\/strong>, de todas las personas, independientemente de sus circunstancias presentes o pasadas, la dignidad que toda persona tiene por el mero hecho de ser.<\/p>\n<p align=\"left\">En C\u00e1ritas queremos <strong>hacer patente el amor de Dios hacia los m\u00e1s pobres<\/strong>, los \u00faltimos, los que no cuentan. Y estamos convencidos, porque as\u00ed lo hizo Jes\u00fas, de que el amor a los m\u00e1s d\u00e9biles se manifiesta en la acogida incondicional, la defensa de sus derechos y el esfuerzo com\u00fan por su promoci\u00f3n integral.<\/p>\n<p align=\"left\">El trabajo en C\u00e1ritas se realiza desde una <strong>concepci\u00f3n integral de la persona<\/strong>, por lo tanto no se limita a atender solo las carencias materiales. La caridad cristiana no se agota en la prestaci\u00f3n de servicios, es una manera de estar con los pobres, ellos son los rostros concretos en los que descubrimos el rostro del Se\u00f1or.<\/p>\n<p align=\"left\">En C\u00e1ritas trabajamos no solo para los pobres sino con los pobres, porque creemos en la capacidad de las personas para ser protagonistas de sus propias vidas y para salir de las situaciones de marginaci\u00f3n en las que se encuentran, si se les ofrece la acogida, la ayuda, el acompa\u00f1amiento y los recursos necesarios.<\/p>\n<p align=\"left\">\n<div class=\"sharelinks\" style=\"\">\n\t<a title=\"\u00bfQu\u00e9 es C\u00e1ritas?\" rel=\"nofollow\" target=\"_blank\" href=\"http:\/\/www.facebook.com\/sharer.php?u=https:\/\/svsc.archimadrid.es\/?page_id=1078\"><img data-recalc-dims=\"1\" loading=\"lazy\" decoding=\"async\" width=\"56\" height=\"20\" alt=\"facebook\" src=\"https:\/\/i0.wp.com\/svsc.archimadrid.es\/wp-content\/plugins\/facebook-google-twitter-share\/images\/facebook.png?resize=56%2C20&#038;ssl=1\"><\/a>\n\t<a title=\"\u00bfQu\u00e9 es C\u00e1ritas?\" rel=\"nofollow\" target=\"_blank\" href=\"https:\/\/plus.google.com\/share?url=https:\/\/svsc.archimadrid.es\/?page_id=1078\"><img data-recalc-dims=\"1\" loading=\"lazy\" decoding=\"async\" width=\"60\" height=\"20\" alt=\"google plus\" src=\"https:\/\/i0.wp.com\/svsc.archimadrid.es\/wp-content\/plugins\/facebook-google-twitter-share\/images\/googleplus.png?resize=60%2C20&#038;ssl=1\"><\/a>\n\t<a title=\"\u00bfQu\u00e9 es C\u00e1ritas?\" Nagar\" rel=\"nofollow\" target=\"_blank\" href=\"http:\/\/twitter.com\/home?status=\u00bfQu\u00e9 es C\u00e1ritas? https:\/\/svsc.archimadrid.es\/?page_id=1078\"><img data-recalc-dims=\"1\" loading=\"lazy\" decoding=\"async\" width=\"70\" height=\"20\" alt=\"twitter\" src=\"https:\/\/i0.wp.com\/svsc.archimadrid.es\/wp-content\/plugins\/facebook-google-twitter-share\/images\/twitter.png?resize=70%2C20&#038;ssl=1\"><\/a>\n\t<\/div>","protected":false},"excerpt":{"rendered":"<p>La red de C\u00e1ritas en la Di\u00f3cesis de Madrid se extiende a todos los barrios del territorio diocesano por medio de las C\u00e1ritas parroquiales, los centros de C\u00e1ritas en los Arciprestazgos y las C\u00e1ritas de Vicar\u00eda. C\u00e1ritas Diocesana es la Instituci\u00f3n que hace presente el compromiso de nuestra Iglesia Diocesana con las realidades de pobreza &hellip; <\/p>\n<p><a class=\"more-link btn\" href=\"https:\/\/svsc.archimadrid.es\/?page_id=1078\">Seguir leyendo<\/a><\/p>\n","protected":false},"author":4,"featured_media":389,"parent":67,"menu_order":1,"comment_status":"closed","ping_status":"closed","template":"","meta":{"jetpack_post_was_ever_published":false,"footnotes":""},"class_list":["post-1078","page","type-page","status-publish","has-post-thumbnail","hentry","nodate","item-wrap"],"jetpack_shortlink":"https:\/\/wp.me\/P2YM3J-ho","jetpack_sharing_enabled":true,"jetpack_likes_enabled":false,"_links":{"self":[{"href":"https:\/\/svsc.archimadrid.es\/index.php?rest_route=\/wp\/v2\/pages\/1078","targetHints":{"allow":["GET"]}}],"collection":[{"href":"https:\/\/svsc.archimadrid.es\/index.php?rest_route=\/wp\/v2\/pages"}],"about":[{"href":"https:\/\/svsc.archimadrid.es\/index.php?rest_route=\/wp\/v2\/types\/page"}],"author":[{"embeddable":true,"href":"https:\/\/svsc.archimadrid.es\/index.php?rest_route=\/wp\/v2\/users\/4"}],"replies":[{"embeddable":true,"href":"https:\/\/svsc.archimadrid.es\/index.php?rest_route=%2Fwp%2Fv2%2Fcomments&post=1078"}],"version-history":[{"count":1,"href":"https:\/\/svsc.archimadrid.es\/index.php?rest_route=\/wp\/v2\/pages\/1078\/revisions"}],"predecessor-version":[{"id":1079,"href":"https:\/\/svsc.archimadrid.es\/index.php?rest_route=\/wp\/v2\/pages\/1078\/revisions\/1079"}],"up":[{"embeddable":true,"href":"https:\/\/svsc.archimadrid.es\/index.php?rest_route=\/wp\/v2\/pages\/67"}],"wp:featuredmedia":[{"embeddable":true,"href":"https:\/\/svsc.archimadrid.es\/index.php?rest_route=\/wp\/v2\/media\/389"}],"wp:attachment":[{"href":"https:\/\/svsc.archimadrid.es\/index.php?rest_route=%2Fwp%2Fv2%2Fmedia&parent=1078"}],"curies":[{"name":"wp","href":"https:\/\/api.w.org\/{rel}","templated":true}]}}