{"id":22,"date":"2012-11-19T16:26:13","date_gmt":"2012-11-19T15:26:13","guid":{"rendered":"http:\/\/arzmadrid.es\/svsc\/wp\/?page_id=22"},"modified":"2026-01-23T09:43:52","modified_gmt":"2026-01-23T08:43:52","slug":"horarios-2","status":"publish","type":"page","link":"https:\/\/svsc.archimadrid.es\/?page_id=22","title":{"rendered":"Horario de Invierno"},"content":{"rendered":"\n<p><em><strong>HORARIOS DE OCTUBRE A JUNIO<\/strong><\/em><\/p>\n\n\n\n<p><strong>Apertura del Templo<\/strong><\/p>\n\n\n\n<ul class=\"wp-block-list\">\n<li>De 09.00 a 13.00 y de 17.00 a 20.00<\/li>\n<\/ul>\n\n\n\n<p><strong>Eucarist\u00edas<\/strong><\/p>\n\n\n\n<ul class=\"wp-block-list\">\n<li><strong>Martes a S\u00e1bados &nbsp;<\/strong> &nbsp; &nbsp; &nbsp; &nbsp;19:30<\/li>\n\n\n\n<li><strong>Domingos &nbsp;<\/strong><\/li>\n<\/ul>\n\n\n\n<p>09.30<\/p>\n\n\n\n<p>11.00<\/p>\n\n\n\n<p>12.30<\/p>\n\n\n\n<p><strong>Confesiones<\/strong><\/p>\n\n\n\n<ul class=\"wp-block-list\">\n<li>Despu\u00e9s de \u00a0las Eucarist\u00edas o acordando un horario con el p\u00e1rroco.<\/li>\n<\/ul>\n\n\n\n<p><strong>Despacho Parroquial<\/strong><\/p>\n\n\n\n<ul class=\"wp-block-list\">\n<li>Mi\u00e9rcoles y Jueves 17.30 a 19.15<\/li>\n<\/ul>\n\n\n\n<p><strong>Acogida de C\u00e1ritas<\/strong><\/p>\n\n\n\n<ul class=\"wp-block-list\">\n<li>1\u00ba; 2\u00ba y 3\u00ba Martes de mes de 17.00 a 18.00 .<\/li>\n<\/ul>\n\n\n\n<p>Solicitar cita, telef\u00f3nicamente al 913 718 941, &nbsp;los martes de 17.00 a 18.00.<\/p>\n<div class=\"sharelinks\" style=\"\">\n\t<a title=\"Horario de Invierno\" rel=\"nofollow\" target=\"_blank\" href=\"http:\/\/www.facebook.com\/sharer.php?u=https:\/\/svsc.archimadrid.es\/?page_id=22\"><img data-recalc-dims=\"1\" loading=\"lazy\" decoding=\"async\" width=\"56\" height=\"20\" alt=\"facebook\" src=\"https:\/\/i0.wp.com\/svsc.archimadrid.es\/wp-content\/plugins\/facebook-google-twitter-share\/images\/facebook.png?resize=56%2C20&#038;ssl=1\"><\/a>\n\t<a title=\"Horario de Invierno\" rel=\"nofollow\" target=\"_blank\" href=\"https:\/\/plus.google.com\/share?url=https:\/\/svsc.archimadrid.es\/?page_id=22\"><img data-recalc-dims=\"1\" loading=\"lazy\" decoding=\"async\" width=\"60\" height=\"20\" alt=\"google plus\" src=\"https:\/\/i0.wp.com\/svsc.archimadrid.es\/wp-content\/plugins\/facebook-google-twitter-share\/images\/googleplus.png?resize=60%2C20&#038;ssl=1\"><\/a>\n\t<a title=\"Horario de Invierno\" Nagar\" rel=\"nofollow\" target=\"_blank\" href=\"http:\/\/twitter.com\/home?status=Horario de Invierno https:\/\/svsc.archimadrid.es\/?page_id=22\"><img data-recalc-dims=\"1\" loading=\"lazy\" decoding=\"async\" width=\"70\" height=\"20\" alt=\"twitter\" src=\"https:\/\/i0.wp.com\/svsc.archimadrid.es\/wp-content\/plugins\/facebook-google-twitter-share\/images\/twitter.png?resize=70%2C20&#038;ssl=1\"><\/a>\n\t<\/div>","protected":false},"excerpt":{"rendered":"<p>HORARIOS DE OCTUBRE A JUNIO Apertura del Templo Eucarist\u00edas 09.30 11.00 12.30 Confesiones Despacho Parroquial Acogida de C\u00e1ritas Solicitar cita, telef\u00f3nicamente al 913 718 941, &nbsp;los martes de 17.00 a 18.00.<\/p>\n","protected":false},"author":4,"featured_media":12,"parent":360,"menu_order":1,"comment_status":"closed","ping_status":"closed","template":"","meta":{"jetpack_post_was_ever_published":false,"footnotes":""},"class_list":["post-22","page","type-page","status-publish","has-post-thumbnail","hentry","nodate","item-wrap"],"jetpack_shortlink":"https:\/\/wp.me\/P2YM3J-m","jetpack_sharing_enabled":true,"jetpack_likes_enabled":false,"_links":{"self":[{"href":"https:\/\/svsc.archimadrid.es\/index.php?rest_route=\/wp\/v2\/pages\/22","targetHints":{"allow":["GET"]}}],"collection":[{"href":"https:\/\/svsc.archimadrid.es\/index.php?rest_route=\/wp\/v2\/pages"}],"about":[{"href":"https:\/\/svsc.archimadrid.es\/index.php?rest_route=\/wp\/v2\/types\/page"}],"author":[{"embeddable":true,"href":"https:\/\/svsc.archimadrid.es\/index.php?rest_route=\/wp\/v2\/users\/4"}],"replies":[{"embeddable":true,"href":"https:\/\/svsc.archimadrid.es\/index.php?rest_route=%2Fwp%2Fv2%2Fcomments&post=22"}],"version-history":[{"count":29,"href":"https:\/\/svsc.archimadrid.es\/index.php?rest_route=\/wp\/v2\/pages\/22\/revisions"}],"predecessor-version":[{"id":7544,"href":"https:\/\/svsc.archimadrid.es\/index.php?rest_route=\/wp\/v2\/pages\/22\/revisions\/7544"}],"up":[{"embeddable":true,"href":"https:\/\/svsc.archimadrid.es\/index.php?rest_route=\/wp\/v2\/pages\/360"}],"wp:featuredmedia":[{"embeddable":true,"href":"https:\/\/svsc.archimadrid.es\/index.php?rest_route=\/wp\/v2\/media\/12"}],"wp:attachment":[{"href":"https:\/\/svsc.archimadrid.es\/index.php?rest_route=%2Fwp%2Fv2%2Fmedia&parent=22"}],"curies":[{"name":"wp","href":"https:\/\/api.w.org\/{rel}","templated":true}]}}