{"id":322,"date":"2012-12-05T17:51:43","date_gmt":"2012-12-05T16:51:43","guid":{"rendered":"http:\/\/arzmadrid.es\/svsc\/wp\/?page_id=322"},"modified":"2012-12-05T17:55:45","modified_gmt":"2012-12-05T16:55:45","slug":"confirmacion","status":"publish","type":"page","link":"https:\/\/svsc.archimadrid.es\/?page_id=322","title":{"rendered":"Confirmaci\u00f3n"},"content":{"rendered":"<p><a href=\"https:\/\/i0.wp.com\/arzmadrid.es\/svsc\/wp\/wp-content\/uploads\/2012\/12\/Picture1.png\"><img data-recalc-dims=\"1\" loading=\"lazy\" decoding=\"async\" class=\"alignleft\" title=\"Picture1\" src=\"https:\/\/i0.wp.com\/arzmadrid.es\/svsc\/wp\/wp-content\/uploads\/2012\/12\/Picture1-291x300.png?resize=291%2C300\" alt=\"\" width=\"291\" height=\"300\" \/><\/a>El sacramento de la <strong>Confirmaci\u00f3n<\/strong> es uno de los tres <em>Sacramentos de Iniciaci\u00f3n Cristiana<\/em>.<\/p>\n<p>En este sacramento se fortalece y se completa la obra del Bautismo. Por este sacramento, el bautizado<strong> se fortalece con el don del Esp\u00edritu Santo<\/strong>. Se logra un arraigo m\u00e1s profundo a la filiaci\u00f3n divina, se une m\u00e1s \u00edntimamente con la Iglesia, fortaleci\u00e9ndose para ser testigo de Jesucristo, de palabra y obra. Por \u00e9l es capaz de defender su fe y de transmitirla. A partir de la Confirmaci\u00f3n nos convertimos en cristianos maduros.<\/p>\n<p>El d\u00eda de Pentecost\u00e9s \u2013 cuando se funda la Iglesia \u2013 los ap\u00f3stoles y disc\u00edpulos se encontraban reunidos junto a la Virgen. Estaban temerosos, no entend\u00edan lo que hab\u00eda pasado \u2013 creyendo que todo hab\u00eda sido en balde &#8211; se encontraban tristes. De repente, descendi\u00f3 el Esp\u00edritu Santo sobre ellos \u2013quedaron transformados &#8211; y a partir de ese momento entendieron todo lo que hab\u00eda sucedido, dejaron de tener miedo, se lanzaron a predicar y a bautizar. <strong>La Confirmaci\u00f3n es \u201cnuestro Pentecost\u00e9s personal\u201d<\/strong>. El Esp\u00edritu Santo est\u00e1 actuando continuamente sobre la Iglesia de modos muy diversos. La Confirmaci\u00f3n \u2013 al descender el Esp\u00edritu Santo sobre nosotros &#8211; es una de las formas en que \u00c9l se hace presente al pueblo de Dios.<\/p>\n<p><strong>El Signo: La Materia y la Forma<\/strong><\/p>\n<p>El signo de la Confirmaci\u00f3n es la \u201c<strong>unci\u00f3n<\/strong>\u201d. Desde la antig\u00fcedad se utilizaba el aceite para muchas cosa: para curar heridas, a los gladiadores de les ung\u00eda con el fin de fortalecerlos, tambi\u00e9n era s\u00edmbolo de abundancia, de plenitud. Adem\u00e1s la unci\u00f3n va unido al nombre de \u201ccristiano\u201d, que significa ungido.<\/p>\n<p>La materia de este sacramento es el \u201c<strong>Santo Crisma<\/strong>\u201d, aceite de oliva mezclado con b\u00e1lsamo, que es consagrado por el Obispo el d\u00eda del Jueves Santo. La unci\u00f3n debe ser en la frente.\u00a0Las palabras que acompa\u00f1an a la unci\u00f3n y a la imposici\u00f3n individual de las manos \u201c<em>Recibe por esta se\u00f1al de la cruz el don del Esp\u00edritu Santo<\/em>\u201d (CIC n\u00ba. 1300) . La Cruz es el arma conque cuenta un cristiano para defender su fe.<\/p>\n<p>Quien tenga el deseo de recibir el Sacramento de la Confirmaci\u00f3n, es necesario que pase por el despacho parroquial para poder informarle de la Catequesis m\u00e1s adecuada a su circunstancia personal.<\/p>\n<div class=\"sharelinks\" style=\"\">\n\t<a title=\"Confirmaci\u00f3n\" rel=\"nofollow\" target=\"_blank\" href=\"http:\/\/www.facebook.com\/sharer.php?u=https:\/\/svsc.archimadrid.es\/?page_id=322\"><img data-recalc-dims=\"1\" loading=\"lazy\" decoding=\"async\" width=\"56\" height=\"20\" alt=\"facebook\" src=\"https:\/\/i0.wp.com\/svsc.archimadrid.es\/wp-content\/plugins\/facebook-google-twitter-share\/images\/facebook.png?resize=56%2C20&#038;ssl=1\"><\/a>\n\t<a title=\"Confirmaci\u00f3n\" rel=\"nofollow\" target=\"_blank\" href=\"https:\/\/plus.google.com\/share?url=https:\/\/svsc.archimadrid.es\/?page_id=322\"><img data-recalc-dims=\"1\" loading=\"lazy\" decoding=\"async\" width=\"60\" height=\"20\" alt=\"google plus\" src=\"https:\/\/i0.wp.com\/svsc.archimadrid.es\/wp-content\/plugins\/facebook-google-twitter-share\/images\/googleplus.png?resize=60%2C20&#038;ssl=1\"><\/a>\n\t<a title=\"Confirmaci\u00f3n\" Nagar\" rel=\"nofollow\" target=\"_blank\" href=\"http:\/\/twitter.com\/home?status=Confirmaci\u00f3n https:\/\/svsc.archimadrid.es\/?page_id=322\"><img data-recalc-dims=\"1\" loading=\"lazy\" decoding=\"async\" width=\"70\" height=\"20\" alt=\"twitter\" src=\"https:\/\/i0.wp.com\/svsc.archimadrid.es\/wp-content\/plugins\/facebook-google-twitter-share\/images\/twitter.png?resize=70%2C20&#038;ssl=1\"><\/a>\n\t<\/div>","protected":false},"excerpt":{"rendered":"<p>El sacramento de la Confirmaci\u00f3n es uno de los tres Sacramentos de Iniciaci\u00f3n Cristiana. En este sacramento se fortalece y se completa la obra del Bautismo. Por este sacramento, el bautizado se fortalece con el don del Esp\u00edritu Santo. Se logra un arraigo m\u00e1s profundo a la filiaci\u00f3n divina, se une m\u00e1s \u00edntimamente con la &hellip; <\/p>\n<p><a class=\"more-link btn\" href=\"https:\/\/svsc.archimadrid.es\/?page_id=322\">Seguir leyendo<\/a><\/p>\n","protected":false},"author":4,"featured_media":0,"parent":24,"menu_order":2,"comment_status":"closed","ping_status":"closed","template":"","meta":{"jetpack_post_was_ever_published":false,"footnotes":""},"class_list":["post-322","page","type-page","status-publish","hentry","nodate","item-wrap"],"jetpack_shortlink":"https:\/\/wp.me\/P2YM3J-5c","jetpack_sharing_enabled":true,"jetpack_likes_enabled":false,"_links":{"self":[{"href":"https:\/\/svsc.archimadrid.es\/index.php?rest_route=\/wp\/v2\/pages\/322","targetHints":{"allow":["GET"]}}],"collection":[{"href":"https:\/\/svsc.archimadrid.es\/index.php?rest_route=\/wp\/v2\/pages"}],"about":[{"href":"https:\/\/svsc.archimadrid.es\/index.php?rest_route=\/wp\/v2\/types\/page"}],"author":[{"embeddable":true,"href":"https:\/\/svsc.archimadrid.es\/index.php?rest_route=\/wp\/v2\/users\/4"}],"replies":[{"embeddable":true,"href":"https:\/\/svsc.archimadrid.es\/index.php?rest_route=%2Fwp%2Fv2%2Fcomments&post=322"}],"version-history":[{"count":2,"href":"https:\/\/svsc.archimadrid.es\/index.php?rest_route=\/wp\/v2\/pages\/322\/revisions"}],"predecessor-version":[{"id":330,"href":"https:\/\/svsc.archimadrid.es\/index.php?rest_route=\/wp\/v2\/pages\/322\/revisions\/330"}],"up":[{"embeddable":true,"href":"https:\/\/svsc.archimadrid.es\/index.php?rest_route=\/wp\/v2\/pages\/24"}],"wp:attachment":[{"href":"https:\/\/svsc.archimadrid.es\/index.php?rest_route=%2Fwp%2Fv2%2Fmedia&parent=322"}],"curies":[{"name":"wp","href":"https:\/\/api.w.org\/{rel}","templated":true}]}}