{"id":52,"date":"2012-11-19T17:59:46","date_gmt":"2012-11-19T16:59:46","guid":{"rendered":"http:\/\/arzmadrid.es\/svsc\/wp\/?page_id=52"},"modified":"2025-06-13T12:40:57","modified_gmt":"2025-06-13T11:40:57","slug":"adoracion-nocturna","status":"publish","type":"page","link":"https:\/\/svsc.archimadrid.es\/?page_id=52","title":{"rendered":"Adoraci\u00f3n Nocturna"},"content":{"rendered":"<p><img data-recalc-dims=\"1\" loading=\"lazy\" decoding=\"async\" data-attachment-id=\"305\" data-permalink=\"https:\/\/svsc.archimadrid.es\/?attachment_id=305\" data-orig-file=\"https:\/\/i0.wp.com\/svsc.archimadrid.es\/wp-content\/uploads\/2012\/11\/33483798.jpg?fit=550%2C491&amp;ssl=1\" data-orig-size=\"550,491\" data-comments-opened=\"0\" data-image-meta=\"{&quot;aperture&quot;:&quot;0&quot;,&quot;credit&quot;:&quot;&quot;,&quot;camera&quot;:&quot;&quot;,&quot;caption&quot;:&quot;&quot;,&quot;created_timestamp&quot;:&quot;0&quot;,&quot;copyright&quot;:&quot;&quot;,&quot;focal_length&quot;:&quot;0&quot;,&quot;iso&quot;:&quot;0&quot;,&quot;shutter_speed&quot;:&quot;0&quot;,&quot;title&quot;:&quot;&quot;}\" data-image-title=\"33483798\" data-image-description=\"\" data-image-caption=\"\" data-medium-file=\"https:\/\/i0.wp.com\/svsc.archimadrid.es\/wp-content\/uploads\/2012\/11\/33483798.jpg?fit=300%2C267&amp;ssl=1\" data-large-file=\"https:\/\/i0.wp.com\/svsc.archimadrid.es\/wp-content\/uploads\/2012\/11\/33483798.jpg?fit=550%2C491&amp;ssl=1\" class=\"alignleft size-thumbnail wp-image-305\" style=\"line-height: 18px;\" title=\"33483798\" src=\"https:\/\/i0.wp.com\/arzmadrid.es\/svsc\/wp\/wp-content\/uploads\/2012\/11\/33483798-150x150.jpg?resize=150%2C150\" alt=\"\" width=\"150\" height=\"150\" srcset=\"https:\/\/i0.wp.com\/svsc.archimadrid.es\/wp-content\/uploads\/2012\/11\/33483798.jpg?resize=150%2C150&amp;ssl=1 150w, https:\/\/i0.wp.com\/svsc.archimadrid.es\/wp-content\/uploads\/2012\/11\/33483798.jpg?zoom=2&amp;resize=150%2C150 300w, https:\/\/i0.wp.com\/svsc.archimadrid.es\/wp-content\/uploads\/2012\/11\/33483798.jpg?zoom=3&amp;resize=150%2C150 450w\" sizes=\"auto, (max-width: 150px) 100vw, 150px\" \/><\/p>\n<p>La\u00a0<strong>Adoraci\u00f3n Nocturna<\/strong> es una\u00a0asociaci\u00f3n de creyentes que, reunidos en grupos se turnan velando en las horas de la noche <em>para adorar a Dios en representaci\u00f3n de toda la humanidad y en nombre de toda la Iglesia<\/em>, y <em>para agradecer al mismo Cristo, Dios y Hombre, su presencia en el Sacramento que los une al Sacrificio redentor<\/em>.<\/p>\n<p>La <strong>espiritualidad de la Adoraci\u00f3n Nocturna<\/strong> trata de imitar a Cristo adorador del Padre, que durante su vida mortal oraba frecuentemente de noche, y que ahora perpet\u00faa su adoraci\u00f3n, su intercesi\u00f3n y su sacrificio redentor en la Eucarist\u00eda.<\/p>\n<p>En nuestra parroquia de San Valent\u00edn y San Casimiro, nos reunimos para la Adoraci\u00f3n Nocturna los\u00a0<strong>terceros viernes de mes<\/strong>, a partir de las\u00a0<strong>22.00 horas<\/strong>.<\/p>\n<div class=\"sharelinks\" style=\"\">\n\t<a title=\"Adoraci\u00f3n Nocturna\" rel=\"nofollow\" target=\"_blank\" href=\"http:\/\/www.facebook.com\/sharer.php?u=https:\/\/svsc.archimadrid.es\/?page_id=52\"><img data-recalc-dims=\"1\" loading=\"lazy\" decoding=\"async\" width=\"56\" height=\"20\" alt=\"facebook\" src=\"https:\/\/i0.wp.com\/svsc.archimadrid.es\/wp-content\/plugins\/facebook-google-twitter-share\/images\/facebook.png?resize=56%2C20&#038;ssl=1\"><\/a>\n\t<a title=\"Adoraci\u00f3n Nocturna\" rel=\"nofollow\" target=\"_blank\" href=\"https:\/\/plus.google.com\/share?url=https:\/\/svsc.archimadrid.es\/?page_id=52\"><img data-recalc-dims=\"1\" loading=\"lazy\" decoding=\"async\" width=\"60\" height=\"20\" alt=\"google plus\" src=\"https:\/\/i0.wp.com\/svsc.archimadrid.es\/wp-content\/plugins\/facebook-google-twitter-share\/images\/googleplus.png?resize=60%2C20&#038;ssl=1\"><\/a>\n\t<a title=\"Adoraci\u00f3n Nocturna\" Nagar\" rel=\"nofollow\" target=\"_blank\" href=\"http:\/\/twitter.com\/home?status=Adoraci\u00f3n Nocturna https:\/\/svsc.archimadrid.es\/?page_id=52\"><img data-recalc-dims=\"1\" loading=\"lazy\" decoding=\"async\" width=\"70\" height=\"20\" alt=\"twitter\" src=\"https:\/\/i0.wp.com\/svsc.archimadrid.es\/wp-content\/plugins\/facebook-google-twitter-share\/images\/twitter.png?resize=70%2C20&#038;ssl=1\"><\/a>\n\t<\/div>","protected":false},"excerpt":{"rendered":"<p>La\u00a0Adoraci\u00f3n Nocturna es una\u00a0asociaci\u00f3n de creyentes que, reunidos en grupos se turnan velando en las horas de la noche para adorar a Dios en representaci\u00f3n de toda la humanidad y en nombre de toda la Iglesia, y para agradecer al mismo Cristo, Dios y Hombre, su presencia en el Sacramento que los une al Sacrificio &hellip; <\/p>\n<p><a class=\"more-link btn\" href=\"https:\/\/svsc.archimadrid.es\/?page_id=52\">Seguir leyendo<\/a><\/p>\n","protected":false},"author":4,"featured_media":0,"parent":132,"menu_order":3,"comment_status":"closed","ping_status":"closed","template":"","meta":{"jetpack_post_was_ever_published":false,"footnotes":""},"class_list":["post-52","page","type-page","status-publish","hentry","nodate","item-wrap"],"jetpack_shortlink":"https:\/\/wp.me\/P2YM3J-Q","jetpack_sharing_enabled":true,"jetpack_likes_enabled":false,"_links":{"self":[{"href":"https:\/\/svsc.archimadrid.es\/index.php?rest_route=\/wp\/v2\/pages\/52","targetHints":{"allow":["GET"]}}],"collection":[{"href":"https:\/\/svsc.archimadrid.es\/index.php?rest_route=\/wp\/v2\/pages"}],"about":[{"href":"https:\/\/svsc.archimadrid.es\/index.php?rest_route=\/wp\/v2\/types\/page"}],"author":[{"embeddable":true,"href":"https:\/\/svsc.archimadrid.es\/index.php?rest_route=\/wp\/v2\/users\/4"}],"replies":[{"embeddable":true,"href":"https:\/\/svsc.archimadrid.es\/index.php?rest_route=%2Fwp%2Fv2%2Fcomments&post=52"}],"version-history":[{"count":18,"href":"https:\/\/svsc.archimadrid.es\/index.php?rest_route=\/wp\/v2\/pages\/52\/revisions"}],"predecessor-version":[{"id":7538,"href":"https:\/\/svsc.archimadrid.es\/index.php?rest_route=\/wp\/v2\/pages\/52\/revisions\/7538"}],"up":[{"embeddable":true,"href":"https:\/\/svsc.archimadrid.es\/index.php?rest_route=\/wp\/v2\/pages\/132"}],"wp:attachment":[{"href":"https:\/\/svsc.archimadrid.es\/index.php?rest_route=%2Fwp%2Fv2%2Fmedia&parent=52"}],"curies":[{"name":"wp","href":"https:\/\/api.w.org\/{rel}","templated":true}]}}