{"id":55,"date":"2012-11-19T18:00:30","date_gmt":"2012-11-19T17:00:30","guid":{"rendered":"http:\/\/arzmadrid.es\/svsc\/wp\/?page_id=55"},"modified":"2012-12-06T14:34:26","modified_gmt":"2012-12-06T13:34:26","slug":"divina-misericordia","status":"publish","type":"page","link":"https:\/\/svsc.archimadrid.es\/?page_id=55","title":{"rendered":"Divina Misericordia"},"content":{"rendered":"<p><a href=\"https:\/\/i0.wp.com\/arzmadrid.es\/svsc\/wp\/wp-content\/uploads\/2012\/11\/Santa-Faustina-y-la-Divina-Misericordia2.jpg\"><img data-recalc-dims=\"1\" loading=\"lazy\" decoding=\"async\" class=\"alignleft size-medium wp-image-80\" title=\"Santa-Faustina-y-la-Divina-Misericordia\" src=\"https:\/\/i0.wp.com\/arzmadrid.es\/svsc\/wp\/wp-content\/uploads\/2012\/11\/Santa-Faustina-y-la-Divina-Misericordia2-300x200.jpg?resize=300%2C200\" alt=\"\" width=\"300\" height=\"200\" \/><\/a><\/p>\n<p>El grupo de la <strong>Divina Misericordia<\/strong> se re\u00fane todos los <strong>jueves <\/strong>a las <strong>16.45<\/strong>.<\/p>\n<p>Se comienza con la Exposici\u00f3n del Sant\u00edsimo. Luego se lee el diario espiritual de <strong>Santa Faustina Kowalska<\/strong>, para continuar con el rezo del <strong>Santo Rosario<\/strong> y una canci\u00f3n a la <strong>Virgen Mar\u00eda<\/strong>.<\/p>\n<div class=\"sharelinks\" style=\"\">\n\t<a title=\"Divina Misericordia\" rel=\"nofollow\" target=\"_blank\" href=\"http:\/\/www.facebook.com\/sharer.php?u=https:\/\/svsc.archimadrid.es\/?page_id=55\"><img data-recalc-dims=\"1\" loading=\"lazy\" decoding=\"async\" width=\"56\" height=\"20\" alt=\"facebook\" src=\"https:\/\/i0.wp.com\/svsc.archimadrid.es\/wp-content\/plugins\/facebook-google-twitter-share\/images\/facebook.png?resize=56%2C20&#038;ssl=1\"><\/a>\n\t<a title=\"Divina Misericordia\" rel=\"nofollow\" target=\"_blank\" href=\"https:\/\/plus.google.com\/share?url=https:\/\/svsc.archimadrid.es\/?page_id=55\"><img data-recalc-dims=\"1\" loading=\"lazy\" decoding=\"async\" width=\"60\" height=\"20\" alt=\"google plus\" src=\"https:\/\/i0.wp.com\/svsc.archimadrid.es\/wp-content\/plugins\/facebook-google-twitter-share\/images\/googleplus.png?resize=60%2C20&#038;ssl=1\"><\/a>\n\t<a title=\"Divina Misericordia\" Nagar\" rel=\"nofollow\" target=\"_blank\" href=\"http:\/\/twitter.com\/home?status=Divina Misericordia https:\/\/svsc.archimadrid.es\/?page_id=55\"><img data-recalc-dims=\"1\" loading=\"lazy\" decoding=\"async\" width=\"70\" height=\"20\" alt=\"twitter\" src=\"https:\/\/i0.wp.com\/svsc.archimadrid.es\/wp-content\/plugins\/facebook-google-twitter-share\/images\/twitter.png?resize=70%2C20&#038;ssl=1\"><\/a>\n\t<\/div>","protected":false},"excerpt":{"rendered":"<p>El grupo de la Divina Misericordia se re\u00fane todos los jueves a las 16.45. Se comienza con la Exposici\u00f3n del Sant\u00edsimo. Luego se lee el diario espiritual de Santa Faustina Kowalska, para continuar con el rezo del Santo Rosario y una canci\u00f3n a la Virgen Mar\u00eda.<\/p>\n","protected":false},"author":4,"featured_media":0,"parent":132,"menu_order":3,"comment_status":"closed","ping_status":"closed","template":"","meta":{"jetpack_post_was_ever_published":false,"footnotes":""},"class_list":["post-55","page","type-page","status-publish","hentry","nodate","item-wrap"],"jetpack_shortlink":"https:\/\/wp.me\/P2YM3J-T","jetpack_sharing_enabled":true,"jetpack_likes_enabled":false,"_links":{"self":[{"href":"https:\/\/svsc.archimadrid.es\/index.php?rest_route=\/wp\/v2\/pages\/55","targetHints":{"allow":["GET"]}}],"collection":[{"href":"https:\/\/svsc.archimadrid.es\/index.php?rest_route=\/wp\/v2\/pages"}],"about":[{"href":"https:\/\/svsc.archimadrid.es\/index.php?rest_route=\/wp\/v2\/types\/page"}],"author":[{"embeddable":true,"href":"https:\/\/svsc.archimadrid.es\/index.php?rest_route=\/wp\/v2\/users\/4"}],"replies":[{"embeddable":true,"href":"https:\/\/svsc.archimadrid.es\/index.php?rest_route=%2Fwp%2Fv2%2Fcomments&post=55"}],"version-history":[{"count":8,"href":"https:\/\/svsc.archimadrid.es\/index.php?rest_route=\/wp\/v2\/pages\/55\/revisions"}],"predecessor-version":[{"id":347,"href":"https:\/\/svsc.archimadrid.es\/index.php?rest_route=\/wp\/v2\/pages\/55\/revisions\/347"}],"up":[{"embeddable":true,"href":"https:\/\/svsc.archimadrid.es\/index.php?rest_route=\/wp\/v2\/pages\/132"}],"wp:attachment":[{"href":"https:\/\/svsc.archimadrid.es\/index.php?rest_route=%2Fwp%2Fv2%2Fmedia&parent=55"}],"curies":[{"name":"wp","href":"https:\/\/api.w.org\/{rel}","templated":true}]}}