{"id":661,"date":"2012-12-28T12:40:16","date_gmt":"2012-12-28T11:40:16","guid":{"rendered":"http:\/\/arzmadrid.es\/svsc\/wp\/?page_id=661"},"modified":"2012-12-28T12:41:18","modified_gmt":"2012-12-28T11:41:18","slug":"matrimonio","status":"publish","type":"page","link":"https:\/\/svsc.archimadrid.es\/?page_id=661","title":{"rendered":"Matrimonio"},"content":{"rendered":"<p><img data-recalc-dims=\"1\" loading=\"lazy\" decoding=\"async\" data-attachment-id=\"662\" data-permalink=\"https:\/\/svsc.archimadrid.es\/?attachment_id=662\" data-orig-file=\"https:\/\/i0.wp.com\/svsc.archimadrid.es\/wp-content\/uploads\/2012\/12\/matrimonio.jpg?fit=640%2C480&amp;ssl=1\" data-orig-size=\"640,480\" data-comments-opened=\"0\" data-image-meta=\"{&quot;aperture&quot;:&quot;0&quot;,&quot;credit&quot;:&quot;&quot;,&quot;camera&quot;:&quot;&quot;,&quot;caption&quot;:&quot;&quot;,&quot;created_timestamp&quot;:&quot;0&quot;,&quot;copyright&quot;:&quot;&quot;,&quot;focal_length&quot;:&quot;0&quot;,&quot;iso&quot;:&quot;0&quot;,&quot;shutter_speed&quot;:&quot;0&quot;,&quot;title&quot;:&quot;&quot;}\" data-image-title=\"matrimonio\" data-image-description=\"\" data-image-caption=\"\" data-medium-file=\"https:\/\/i0.wp.com\/svsc.archimadrid.es\/wp-content\/uploads\/2012\/12\/matrimonio.jpg?fit=300%2C225&amp;ssl=1\" data-large-file=\"https:\/\/i0.wp.com\/svsc.archimadrid.es\/wp-content\/uploads\/2012\/12\/matrimonio.jpg?fit=640%2C480&amp;ssl=1\" class=\"alignleft size-thumbnail wp-image-662\" alt=\"matrimonio\" src=\"https:\/\/i0.wp.com\/arzmadrid.es\/svsc\/wp\/wp-content\/uploads\/2012\/12\/matrimonio-150x150.jpg?resize=150%2C150\" width=\"150\" height=\"150\" srcset=\"https:\/\/i0.wp.com\/svsc.archimadrid.es\/wp-content\/uploads\/2012\/12\/matrimonio.jpg?resize=150%2C150&amp;ssl=1 150w, https:\/\/i0.wp.com\/svsc.archimadrid.es\/wp-content\/uploads\/2012\/12\/matrimonio.jpg?zoom=2&amp;resize=150%2C150 300w, https:\/\/i0.wp.com\/svsc.archimadrid.es\/wp-content\/uploads\/2012\/12\/matrimonio.jpg?zoom=3&amp;resize=150%2C150 450w\" sizes=\"auto, (max-width: 150px) 100vw, 150px\" \/><\/p>\n<p><strong>Casarse por la Iglesia supone\u2026<\/strong><\/p>\n<p>Buscar a Dios como eje fundamental de la decisi\u00f3n a tomar.\u00a0Casarse sin condiciones. Con el deseo de vivir ante la sociedad y la Iglesia como servidores del Se\u00f1or, desde el matrimonio y la familia<\/p>\n<p>Es recibir un <strong>SACRAMENTO<\/strong>; no es un mero tr\u00e1mite, una ceremonia protocolaria, un rito vac\u00edo de contenido. Es una acci\u00f3n sagrada de Cristo y de la Iglesia, que sit\u00faa a los contrayentes en un plano superior, que santifica y fortalece, que los contrayentes act\u00faen con total libertad y por su propia voluntad.<\/p>\n<p><strong>EL MATRIMONIO CRISTIANO SUPONE Y EXIGE DE LOS NOVIOS\u2026<\/strong><\/p>\n<p>Una entrega total y plena.\u00a0A lo largo de toda la vida.<\/p>\n<p>Porque as\u00ed ama Dios y los esposos cristianos son llamados y se comprometen a ser el signo de ese amor. Cuando os personas deciden entregarse por completo el uno al otro para siempre y as\u00ed lo manifiestan ante Dios en Su Iglesia, ellos mismos, por su propia voluntad, establecen un v\u00ednculo sagrado que es indisoluble.<\/p>\n<p><strong>POR TANTO INVITAMOS A LOS NOVIOS A\u2026<\/strong><\/p>\n<ul>\n<li><strong>Reflexionar en serio sobre el paso definitivo que van a dar.<\/strong> El matrimonio es una de esas realidades de las que cree saber todo el mundo, y, sin embargo, apenas se conoce. Profundizad en su significado, asomaos a toda su riqueza.<\/li>\n<li><strong>A prepararse conscientemente.<\/strong> El matrimonio es la forma humana de establecer una familia y est\u00e1 reconocido por las leyes civiles. Pero, al realizarlo por la Iglesia, es alimentado y fortalecido por Jesucristo, para que los esposos puedan amarse en plenitud, como Cristo ama a su Iglesia.<\/li>\n<li><strong>Descubrir juntos el significado profundo del matrimonio.<\/strong> Casarse en y por la Iglesia es una invitaci\u00f3n a comprometerse el uno con el otro seg\u00fan las condiciones del Evangelio: amor cultivado, fidelidad mutua, educaci\u00f3n cristiana de los hijos&#8230;<\/li>\n<li>La Iglesia Cat\u00f3lica en toda Espa\u00f1a est\u00e1 intentado que la financiemos los propios cat\u00f3licos. Las parroquias de Vic\u00e1lvaro no tienen otros ingresos m\u00e1s que lo que entre todos aportamos. Por casarse no se pide una cantidad fija, pero s\u00ed que en conciencia ayud\u00e9is a pagar los gastos y as\u00ed colabor\u00e9is con la parroquia, para que pueda seguir sirvendo a todos.<\/li>\n<\/ul>\n<div class=\"sharelinks\" style=\"\">\n\t<a title=\"Matrimonio\" rel=\"nofollow\" target=\"_blank\" href=\"http:\/\/www.facebook.com\/sharer.php?u=https:\/\/svsc.archimadrid.es\/?page_id=661\"><img data-recalc-dims=\"1\" loading=\"lazy\" decoding=\"async\" width=\"56\" height=\"20\" alt=\"facebook\" src=\"https:\/\/i0.wp.com\/svsc.archimadrid.es\/wp-content\/plugins\/facebook-google-twitter-share\/images\/facebook.png?resize=56%2C20&#038;ssl=1\"><\/a>\n\t<a title=\"Matrimonio\" rel=\"nofollow\" target=\"_blank\" href=\"https:\/\/plus.google.com\/share?url=https:\/\/svsc.archimadrid.es\/?page_id=661\"><img data-recalc-dims=\"1\" loading=\"lazy\" decoding=\"async\" width=\"60\" height=\"20\" alt=\"google plus\" src=\"https:\/\/i0.wp.com\/svsc.archimadrid.es\/wp-content\/plugins\/facebook-google-twitter-share\/images\/googleplus.png?resize=60%2C20&#038;ssl=1\"><\/a>\n\t<a title=\"Matrimonio\" Nagar\" rel=\"nofollow\" target=\"_blank\" href=\"http:\/\/twitter.com\/home?status=Matrimonio https:\/\/svsc.archimadrid.es\/?page_id=661\"><img data-recalc-dims=\"1\" loading=\"lazy\" decoding=\"async\" width=\"70\" height=\"20\" alt=\"twitter\" src=\"https:\/\/i0.wp.com\/svsc.archimadrid.es\/wp-content\/plugins\/facebook-google-twitter-share\/images\/twitter.png?resize=70%2C20&#038;ssl=1\"><\/a>\n\t<\/div>","protected":false},"excerpt":{"rendered":"<p>Casarse por la Iglesia supone\u2026 Buscar a Dios como eje fundamental de la decisi\u00f3n a tomar.\u00a0Casarse sin condiciones. Con el deseo de vivir ante la sociedad y la Iglesia como servidores del Se\u00f1or, desde el matrimonio y la familia Es recibir un SACRAMENTO; no es un mero tr\u00e1mite, una ceremonia protocolaria, un rito vac\u00edo de &hellip; <\/p>\n<p><a class=\"more-link btn\" href=\"https:\/\/svsc.archimadrid.es\/?page_id=661\">Seguir leyendo<\/a><\/p>\n","protected":false},"author":4,"featured_media":0,"parent":24,"menu_order":6,"comment_status":"closed","ping_status":"closed","template":"","meta":{"jetpack_post_was_ever_published":false,"footnotes":""},"class_list":["post-661","page","type-page","status-publish","hentry","nodate","item-wrap"],"jetpack_shortlink":"https:\/\/wp.me\/P2YM3J-aF","jetpack_sharing_enabled":true,"jetpack_likes_enabled":false,"_links":{"self":[{"href":"https:\/\/svsc.archimadrid.es\/index.php?rest_route=\/wp\/v2\/pages\/661","targetHints":{"allow":["GET"]}}],"collection":[{"href":"https:\/\/svsc.archimadrid.es\/index.php?rest_route=\/wp\/v2\/pages"}],"about":[{"href":"https:\/\/svsc.archimadrid.es\/index.php?rest_route=\/wp\/v2\/types\/page"}],"author":[{"embeddable":true,"href":"https:\/\/svsc.archimadrid.es\/index.php?rest_route=\/wp\/v2\/users\/4"}],"replies":[{"embeddable":true,"href":"https:\/\/svsc.archimadrid.es\/index.php?rest_route=%2Fwp%2Fv2%2Fcomments&post=661"}],"version-history":[{"count":2,"href":"https:\/\/svsc.archimadrid.es\/index.php?rest_route=\/wp\/v2\/pages\/661\/revisions"}],"predecessor-version":[{"id":666,"href":"https:\/\/svsc.archimadrid.es\/index.php?rest_route=\/wp\/v2\/pages\/661\/revisions\/666"}],"up":[{"embeddable":true,"href":"https:\/\/svsc.archimadrid.es\/index.php?rest_route=\/wp\/v2\/pages\/24"}],"wp:attachment":[{"href":"https:\/\/svsc.archimadrid.es\/index.php?rest_route=%2Fwp%2Fv2%2Fmedia&parent=661"}],"curies":[{"name":"wp","href":"https:\/\/api.w.org\/{rel}","templated":true}]}}