{"id":683,"date":"2012-12-28T13:23:02","date_gmt":"2012-12-28T12:23:02","guid":{"rendered":"http:\/\/arzmadrid.es\/svsc\/wp\/?page_id=683"},"modified":"2022-04-09T12:38:24","modified_gmt":"2022-04-09T11:38:24","slug":"arciprestazgo","status":"publish","type":"page","link":"https:\/\/svsc.archimadrid.es\/?page_id=683","title":{"rendered":"Arciprestazgo"},"content":{"rendered":"<p><strong>PARROQUIA SANTA MAR\u00cdA LA ANTIGUA<\/strong><\/p>\n<p><b>Parroquia:\u00a0<\/b>C<b>\/\u00a0<\/b>Virgen de la Antigua, 9 &#8211; 28032 Madrid &#8211;<b>\u00a0<\/b>Tel: 917765202<br \/>\n<b>Cementerio y locales:<\/b>\u00a0C\/ Rastro, n\u00ba 6 &#8211; 28032 Madrid &#8211; Tel: 917767632<b><br \/>\n<\/b><b>Hogar Taranc\u00f3n:\u00a0<\/b>C\/ Lago Iseo, s\/n &#8211; 28032 Madrid &#8211; Tel: 917750775<\/p>\n<p>Correo electr\u00f3nico: antiguavicalvaro@archimadrid.es<br \/>\nwww.archimadrid.es\/laantiguavicalvaro\/Parroquia_La_Antigua.html<\/p>\n<p><strong>PARROQUIA SANT\u00cdSIMO CRISTO DE LA GU\u00cdA Y SAN JUAN DE SAHAG\u00daN<\/strong><\/p>\n<p><strong>Templo de Sant\u00edsimo Cristo de la Gu\u00eda:\u00a0<\/strong>C\/ Casalarreina 26 &#8211; 28032 Madrid<br \/>\n<strong>Templo de San Juan de Sahag\u00fan:\u00a0<\/strong>Camino Viejo de Vic\u00e1lvaro 18 &#8211; 28032 Madrid &#8211; Tel: 917767301<\/p>\n<p>Correo electr\u00f3nico: xtosanjuan@archimadrid.es<\/p>\n<p><strong>PARROQUIA SAN GREGORIO MAGNO<\/strong><\/p>\n<p>Bulevar Indalecio Prieto 13 &#8211; 28032 Madrid &#8211; Tel: 917512960<\/p>\n<p>Correo electr\u00f3nico: sangregoriomagno@gmail.com<br \/>\nwww.sangregoriomagno.blogspot.com.es<\/p>\n<p><strong>PARROQUIA SANTA\u00a0TERESA DE CALCUTA<\/strong><\/p>\n<p>Omega 56 &#8211; 28032 Madrid &#8211; Tel:917768162<\/p>\n<div>Correo electr\u00f3nico: santateresadecalcuta@archimadrid.es<\/div>\n<div>www.parroquiateresadecalcuta.com<\/div>\n<div><\/div>\n<p><strong>PARROQUIA SAN JOS\u00c9 MAR\u00cdA RUBIO<\/strong><\/p>\n<p>Av. Blas de Lezo, 28052 Madrid -TeL: \u00a0912121474<\/p>\n<div>Correo electr\u00f3nico: padrerubiocanaveral@archimadrid.es<\/div>\n<div>www.parroquiacanaveral.archimadrid.es<\/div>\n<div class=\"sharelinks\" style=\"\">\n\t<a title=\"Arciprestazgo\" rel=\"nofollow\" target=\"_blank\" href=\"http:\/\/www.facebook.com\/sharer.php?u=https:\/\/svsc.archimadrid.es\/?page_id=683\"><img data-recalc-dims=\"1\" loading=\"lazy\" decoding=\"async\" width=\"56\" height=\"20\" alt=\"facebook\" src=\"https:\/\/i0.wp.com\/svsc.archimadrid.es\/wp-content\/plugins\/facebook-google-twitter-share\/images\/facebook.png?resize=56%2C20&#038;ssl=1\"><\/a>\n\t<a title=\"Arciprestazgo\" rel=\"nofollow\" target=\"_blank\" href=\"https:\/\/plus.google.com\/share?url=https:\/\/svsc.archimadrid.es\/?page_id=683\"><img data-recalc-dims=\"1\" loading=\"lazy\" decoding=\"async\" width=\"60\" height=\"20\" alt=\"google plus\" src=\"https:\/\/i0.wp.com\/svsc.archimadrid.es\/wp-content\/plugins\/facebook-google-twitter-share\/images\/googleplus.png?resize=60%2C20&#038;ssl=1\"><\/a>\n\t<a title=\"Arciprestazgo\" Nagar\" rel=\"nofollow\" target=\"_blank\" href=\"http:\/\/twitter.com\/home?status=Arciprestazgo https:\/\/svsc.archimadrid.es\/?page_id=683\"><img data-recalc-dims=\"1\" loading=\"lazy\" decoding=\"async\" width=\"70\" height=\"20\" alt=\"twitter\" src=\"https:\/\/i0.wp.com\/svsc.archimadrid.es\/wp-content\/plugins\/facebook-google-twitter-share\/images\/twitter.png?resize=70%2C20&#038;ssl=1\"><\/a>\n\t<\/div>","protected":false},"excerpt":{"rendered":"<p>PARROQUIA SANTA MAR\u00cdA LA ANTIGUA Parroquia:\u00a0C\/\u00a0Virgen de la Antigua, 9 &#8211; 28032 Madrid &#8211;\u00a0Tel: 917765202 Cementerio y locales:\u00a0C\/ Rastro, n\u00ba 6 &#8211; 28032 Madrid &#8211; Tel: 917767632 Hogar Taranc\u00f3n:\u00a0C\/ Lago Iseo, s\/n &#8211; 28032 Madrid &#8211; Tel: 917750775 Correo electr\u00f3nico: antiguavicalvaro@archimadrid.es www.archimadrid.es\/laantiguavicalvaro\/Parroquia_La_Antigua.html PARROQUIA SANT\u00cdSIMO CRISTO DE LA GU\u00cdA Y SAN JUAN DE SAHAG\u00daN Templo de &hellip; <\/p>\n<p><a class=\"more-link btn\" href=\"https:\/\/svsc.archimadrid.es\/?page_id=683\">Seguir leyendo<\/a><\/p>\n","protected":false},"author":4,"featured_media":678,"parent":360,"menu_order":6,"comment_status":"closed","ping_status":"closed","template":"","meta":{"jetpack_post_was_ever_published":false,"footnotes":""},"class_list":["post-683","page","type-page","status-publish","has-post-thumbnail","hentry","nodate","item-wrap"],"jetpack_shortlink":"https:\/\/wp.me\/P2YM3J-b1","jetpack_sharing_enabled":true,"jetpack_likes_enabled":false,"_links":{"self":[{"href":"https:\/\/svsc.archimadrid.es\/index.php?rest_route=\/wp\/v2\/pages\/683","targetHints":{"allow":["GET"]}}],"collection":[{"href":"https:\/\/svsc.archimadrid.es\/index.php?rest_route=\/wp\/v2\/pages"}],"about":[{"href":"https:\/\/svsc.archimadrid.es\/index.php?rest_route=\/wp\/v2\/types\/page"}],"author":[{"embeddable":true,"href":"https:\/\/svsc.archimadrid.es\/index.php?rest_route=\/wp\/v2\/users\/4"}],"replies":[{"embeddable":true,"href":"https:\/\/svsc.archimadrid.es\/index.php?rest_route=%2Fwp%2Fv2%2Fcomments&post=683"}],"version-history":[{"count":10,"href":"https:\/\/svsc.archimadrid.es\/index.php?rest_route=\/wp\/v2\/pages\/683\/revisions"}],"predecessor-version":[{"id":7466,"href":"https:\/\/svsc.archimadrid.es\/index.php?rest_route=\/wp\/v2\/pages\/683\/revisions\/7466"}],"up":[{"embeddable":true,"href":"https:\/\/svsc.archimadrid.es\/index.php?rest_route=\/wp\/v2\/pages\/360"}],"wp:featuredmedia":[{"embeddable":true,"href":"https:\/\/svsc.archimadrid.es\/index.php?rest_route=\/wp\/v2\/media\/678"}],"wp:attachment":[{"href":"https:\/\/svsc.archimadrid.es\/index.php?rest_route=%2Fwp%2Fv2%2Fmedia&parent=683"}],"curies":[{"name":"wp","href":"https:\/\/api.w.org\/{rel}","templated":true}]}}