{"id":694,"date":"2012-12-28T21:03:03","date_gmt":"2012-12-28T20:03:03","guid":{"rendered":"http:\/\/arzmadrid.es\/svsc\/wp\/?page_id=694"},"modified":"2012-12-28T21:03:56","modified_gmt":"2012-12-28T20:03:56","slug":"uncion-de-los-enfermos","status":"publish","type":"page","link":"https:\/\/svsc.archimadrid.es\/?page_id=694","title":{"rendered":"Unci\u00f3n de los Enfermos"},"content":{"rendered":"<p><strong><strong><img data-recalc-dims=\"1\" loading=\"lazy\" decoding=\"async\" data-attachment-id=\"693\" data-permalink=\"https:\/\/svsc.archimadrid.es\/?attachment_id=693\" data-orig-file=\"https:\/\/i0.wp.com\/svsc.archimadrid.es\/wp-content\/uploads\/2012\/12\/images3-e1356724676970.jpeg?fit=188%2C207&amp;ssl=1\" data-orig-size=\"188,207\" data-comments-opened=\"0\" data-image-meta=\"{&quot;aperture&quot;:&quot;0&quot;,&quot;credit&quot;:&quot;&quot;,&quot;camera&quot;:&quot;&quot;,&quot;caption&quot;:&quot;&quot;,&quot;created_timestamp&quot;:&quot;0&quot;,&quot;copyright&quot;:&quot;&quot;,&quot;focal_length&quot;:&quot;0&quot;,&quot;iso&quot;:&quot;0&quot;,&quot;shutter_speed&quot;:&quot;0&quot;,&quot;title&quot;:&quot;&quot;}\" data-image-title=\"images3\" data-image-description=\"\" data-image-caption=\"\" data-medium-file=\"https:\/\/i0.wp.com\/svsc.archimadrid.es\/wp-content\/uploads\/2012\/12\/images3-e1356724676970.jpeg?fit=188%2C207&amp;ssl=1\" data-large-file=\"https:\/\/i0.wp.com\/svsc.archimadrid.es\/wp-content\/uploads\/2012\/12\/images3-e1356724676970.jpeg?fit=188%2C207&amp;ssl=1\" class=\"alignleft size-thumbnail wp-image-693\" alt=\"images3\" src=\"https:\/\/i0.wp.com\/arzmadrid.es\/svsc\/wp\/wp-content\/uploads\/2012\/12\/images3-e1356724676970-150x150.jpeg?resize=150%2C150\" width=\"150\" height=\"150\" \/><\/strong><\/strong><\/p>\n<p>El\u00a0<b>sacramento de la unci\u00f3n de los enfermos<\/b>\u00a0es un acto lit\u00fargico por el cual un\u00a0presb\u00edtero\u00a0signa con\u00a0\u00f3leo sagrado\u00a0a un fiel en raz\u00f3n de encontrarse <strong>enfermo<\/strong>, en <strong>edad<\/strong> <strong>avanzada<\/strong> o en <strong>peligro<\/strong> <strong>de<\/strong> <strong>muerte<\/strong>. Con esta acci\u00f3n se significa que se le concede al enfermo o al anciano una gracia especial, eficaz, para <em>fortalecerlo<\/em> y <em>reconfortarlo<\/em> <em>en<\/em> <em>su<\/em> <em>enfermedad<\/em>, y <em>prepararlo<\/em> <em>para<\/em> <em>el<\/em> <em>encuentro<\/em> <em>con<\/em> <em>Dios<\/em>. Al igual que los dem\u00e1s sacramentos, la unci\u00f3n de los enfermos fue instituida por\u00a0Jesucristo\u00a0quien, seg\u00fan los\u00a0textos neotestamentarios, hizo participar a sus disc\u00edpulos de su ministerio de compasi\u00f3n y de curaci\u00f3n:<\/p>\n<blockquote><p>Y, y\u00e9ndose de all\u00ed, predicaron que se convirtieran; expulsaban a muchos demonios, y ung\u00edan con aceite a muchos enfermos y los curaban.\u00a0<i>Evangelio de Marcos<\/i>\u00a06:13<\/p><\/blockquote>\n<p>Se suele indicar un pasaje de la carta de Santiago como contexto de la funci\u00f3n y efectos del sacramento:<\/p>\n<blockquote><p>\u00bfEst\u00e1 enfermo alguno entre vosotros? Llame a los presb\u00edteros de la Iglesia, que oren sobre \u00e9l y le unjan con \u00f3leo en el nombre del Se\u00f1or. Y la oraci\u00f3n de la fe salvar\u00e1 al enfermo, y el Se\u00f1or har\u00e1 que se levante, y si hubiera cometido pecados, le ser\u00e1n perdonados.\u00a0<i>Ep\u00edstola de Santiago<\/i>\u00a05:14-15<\/p><\/blockquote>\n<h2>Efectos del sacramento de la Unci\u00f3n<\/h2>\n<ul>\n<li><strong>Un don particular del Esp\u00edritu Santo<\/strong>. La primera gracia es de <em>consuelo<\/em>, <em>paz<\/em> y <em>\u00e1nimo<\/em> para vencer las dificultades propias de la enfermedad o la fragilidad de la vejez. Es un don del Esp\u00edritu Santo que renueva la confianza y la fe en Dios y fortalece contra las tentaciones del maligno, como el desaliento y la desesperaci\u00f3n.<\/li>\n<\/ul>\n<ul>\n<li><strong>El perd\u00f3n de los pecados.<\/strong> Se requiere adem\u00e1s el arrepentimiento y confesi\u00f3n de la persona que recibe el sacramento.<\/li>\n<\/ul>\n<ul>\n<li><strong>La uni\u00f3n a la Pasi\u00f3n de Cristo.<\/strong> Se recibe la fuerza y el don para unirse con Cristo en su Pasi\u00f3n y alcanzar los frutos redentores del Salvador.<\/li>\n<\/ul>\n<ul>\n<li><strong>Una gracia para la Iglesia.<\/strong> Los enfermos que reciben este sacramento, uni\u00e9ndose libremente a la Pasi\u00f3n y Muerte de Jes\u00fas, contribuyen al bien del Pueblo de Dios y a su santificaci\u00f3n.<\/li>\n<\/ul>\n<ul>\n<li><strong>Una preparaci\u00f3n para el paso a la vida eterna.<\/strong> Este sacramento acaba por conformarnos con la muerte y resurrecci\u00f3n de Cristo como el bautismo hab\u00eda comenzado a hacerlo. La Unci\u00f3n del Bautismo sella en nosotros la vida nueva. La de la Confirmaci\u00f3n nos fortalece para el combate de la vida. Esta unci\u00f3n, ofrece un escudo para defenderse de los \u00faltimos combates y entrar en la Casa del Padre.<\/li>\n<\/ul>\n<div class=\"sharelinks\" style=\"\">\n\t<a title=\"Unci\u00f3n de los Enfermos\" rel=\"nofollow\" target=\"_blank\" href=\"http:\/\/www.facebook.com\/sharer.php?u=https:\/\/svsc.archimadrid.es\/?page_id=694\"><img data-recalc-dims=\"1\" loading=\"lazy\" decoding=\"async\" width=\"56\" height=\"20\" alt=\"facebook\" src=\"https:\/\/i0.wp.com\/svsc.archimadrid.es\/wp-content\/plugins\/facebook-google-twitter-share\/images\/facebook.png?resize=56%2C20&#038;ssl=1\"><\/a>\n\t<a title=\"Unci\u00f3n de los Enfermos\" rel=\"nofollow\" target=\"_blank\" href=\"https:\/\/plus.google.com\/share?url=https:\/\/svsc.archimadrid.es\/?page_id=694\"><img data-recalc-dims=\"1\" loading=\"lazy\" decoding=\"async\" width=\"60\" height=\"20\" alt=\"google plus\" src=\"https:\/\/i0.wp.com\/svsc.archimadrid.es\/wp-content\/plugins\/facebook-google-twitter-share\/images\/googleplus.png?resize=60%2C20&#038;ssl=1\"><\/a>\n\t<a title=\"Unci\u00f3n de los Enfermos\" Nagar\" rel=\"nofollow\" target=\"_blank\" href=\"http:\/\/twitter.com\/home?status=Unci\u00f3n de los Enfermos https:\/\/svsc.archimadrid.es\/?page_id=694\"><img data-recalc-dims=\"1\" loading=\"lazy\" decoding=\"async\" width=\"70\" height=\"20\" alt=\"twitter\" src=\"https:\/\/i0.wp.com\/svsc.archimadrid.es\/wp-content\/plugins\/facebook-google-twitter-share\/images\/twitter.png?resize=70%2C20&#038;ssl=1\"><\/a>\n\t<\/div>","protected":false},"excerpt":{"rendered":"<p>El\u00a0sacramento de la unci\u00f3n de los enfermos\u00a0es un acto lit\u00fargico por el cual un\u00a0presb\u00edtero\u00a0signa con\u00a0\u00f3leo sagrado\u00a0a un fiel en raz\u00f3n de encontrarse enfermo, en edad avanzada o en peligro de muerte. Con esta acci\u00f3n se significa que se le concede al enfermo o al anciano una gracia especial, eficaz, para fortalecerlo y reconfortarlo en su &hellip; <\/p>\n<p><a class=\"more-link btn\" href=\"https:\/\/svsc.archimadrid.es\/?page_id=694\">Seguir leyendo<\/a><\/p>\n","protected":false},"author":4,"featured_media":693,"parent":24,"menu_order":5,"comment_status":"closed","ping_status":"closed","template":"","meta":{"jetpack_post_was_ever_published":false,"footnotes":""},"class_list":["post-694","page","type-page","status-publish","has-post-thumbnail","hentry","nodate","item-wrap"],"jetpack_shortlink":"https:\/\/wp.me\/P2YM3J-bc","jetpack_sharing_enabled":true,"jetpack_likes_enabled":false,"_links":{"self":[{"href":"https:\/\/svsc.archimadrid.es\/index.php?rest_route=\/wp\/v2\/pages\/694","targetHints":{"allow":["GET"]}}],"collection":[{"href":"https:\/\/svsc.archimadrid.es\/index.php?rest_route=\/wp\/v2\/pages"}],"about":[{"href":"https:\/\/svsc.archimadrid.es\/index.php?rest_route=\/wp\/v2\/types\/page"}],"author":[{"embeddable":true,"href":"https:\/\/svsc.archimadrid.es\/index.php?rest_route=\/wp\/v2\/users\/4"}],"replies":[{"embeddable":true,"href":"https:\/\/svsc.archimadrid.es\/index.php?rest_route=%2Fwp%2Fv2%2Fcomments&post=694"}],"version-history":[{"count":3,"href":"https:\/\/svsc.archimadrid.es\/index.php?rest_route=\/wp\/v2\/pages\/694\/revisions"}],"predecessor-version":[{"id":697,"href":"https:\/\/svsc.archimadrid.es\/index.php?rest_route=\/wp\/v2\/pages\/694\/revisions\/697"}],"up":[{"embeddable":true,"href":"https:\/\/svsc.archimadrid.es\/index.php?rest_route=\/wp\/v2\/pages\/24"}],"wp:featuredmedia":[{"embeddable":true,"href":"https:\/\/svsc.archimadrid.es\/index.php?rest_route=\/wp\/v2\/media\/693"}],"wp:attachment":[{"href":"https:\/\/svsc.archimadrid.es\/index.php?rest_route=%2Fwp%2Fv2%2Fmedia&parent=694"}],"curies":[{"name":"wp","href":"https:\/\/api.w.org\/{rel}","templated":true}]}}