{"id":756,"date":"2012-12-31T12:42:30","date_gmt":"2012-12-31T11:42:30","guid":{"rendered":"http:\/\/arzmadrid.es\/svsc\/wp\/?page_id=756"},"modified":"2012-12-31T12:42:30","modified_gmt":"2012-12-31T11:42:30","slug":"laetamur-magnopere","status":"publish","type":"page","link":"https:\/\/svsc.archimadrid.es\/?page_id=756","title":{"rendered":"Laetamur Magnopere"},"content":{"rendered":"<p align=\"center\">\n<p align=\"center\"><a href=\"https:\/\/i0.wp.com\/arzmadrid.es\/svsc\/wp\/wp-content\/uploads\/2012\/12\/1342996166220.jpg\"><img data-recalc-dims=\"1\" loading=\"lazy\" decoding=\"async\" data-attachment-id=\"757\" data-permalink=\"https:\/\/svsc.archimadrid.es\/?attachment_id=757\" data-orig-file=\"https:\/\/i0.wp.com\/svsc.archimadrid.es\/wp-content\/uploads\/2012\/12\/1342996166220.jpg?fit=700%2C467&amp;ssl=1\" data-orig-size=\"700,467\" data-comments-opened=\"0\" data-image-meta=\"{&quot;aperture&quot;:&quot;0&quot;,&quot;credit&quot;:&quot;&quot;,&quot;camera&quot;:&quot;&quot;,&quot;caption&quot;:&quot;&quot;,&quot;created_timestamp&quot;:&quot;0&quot;,&quot;copyright&quot;:&quot;&quot;,&quot;focal_length&quot;:&quot;0&quot;,&quot;iso&quot;:&quot;0&quot;,&quot;shutter_speed&quot;:&quot;0&quot;,&quot;title&quot;:&quot;&quot;}\" data-image-title=\"1342996166220\" data-image-description=\"\" data-image-caption=\"\" data-medium-file=\"https:\/\/i0.wp.com\/svsc.archimadrid.es\/wp-content\/uploads\/2012\/12\/1342996166220.jpg?fit=300%2C200&amp;ssl=1\" data-large-file=\"https:\/\/i0.wp.com\/svsc.archimadrid.es\/wp-content\/uploads\/2012\/12\/1342996166220.jpg?fit=700%2C467&amp;ssl=1\" class=\"aligncenter size-medium wp-image-757\" alt=\"1342996166220\" src=\"https:\/\/i0.wp.com\/arzmadrid.es\/svsc\/wp\/wp-content\/uploads\/2012\/12\/1342996166220-300x200.jpg?resize=300%2C200\" width=\"300\" height=\"200\" srcset=\"https:\/\/i0.wp.com\/svsc.archimadrid.es\/wp-content\/uploads\/2012\/12\/1342996166220.jpg?resize=300%2C200&amp;ssl=1 300w, https:\/\/i0.wp.com\/svsc.archimadrid.es\/wp-content\/uploads\/2012\/12\/1342996166220.jpg?w=700&amp;ssl=1 700w\" sizes=\"auto, (max-width: 300px) 100vw, 300px\" \/><\/a><\/p>\n<p align=\"center\"><span style=\"font-size: large;\">CARTA APOST\u00d3LICA<\/span><\/p>\n<p align=\"center\"><b><span style=\"font-size: x-large;\"><br \/>\n<\/span><i><span style=\"font-size: x-large;\">\u00ab LAETAMUR MAGNOPERE \u00bb<\/span><\/i><\/b><\/p>\n<p align=\"center\"><b>por la que se aprueba la edici\u00f3n t\u00edpica latina<br \/>\ndel Catecismo de la Iglesia Cat\u00f3lica<br \/>\n<\/b><\/p>\n<p align=\"left\">A los Venerables Hermanos Cardenales, Patriarcas, Arzobispos, Obispos,\u00a0Presb\u00edteros, Di\u00e1conos y dem\u00e1s miembros del Pueblo de Dios<\/p>\n<p align=\"center\"><span style=\"font-family: 'Times New Roman'; font-size: large;\"><b>JUAN PABLO II, OBISPO,<\/b><\/span><\/p>\n<p align=\"center\"><span style=\"font-family: 'Times New Roman'; font-size: medium;\">SIERVO DE LOS SIERVOS DE DIOS<br \/>\nPARA PERPETUA MEMORIA<\/span><\/p>\n<p align=\"left\">\n<p align=\"left\">Es motivo de gran alegr\u00eda la publicaci\u00f3n de la edici\u00f3n t\u00edpica latina del Catecismo de la Iglesia Cat\u00f3lica, que apruebo y promulgo con esta Carta apost\u00f3lica, y que se convierte as\u00ed en el texto definitivo de dicho Catecismo. Esto tiene lugar casi cinco a\u00f1os despu\u00e9s de la promulgaci\u00f3n de la Constituci\u00f3n Apost\u00f3lica\u00a0<i><a href=\"http:\/\/www.vatican.va\/archive\/catechism_sp\/aposcons_sp.html\">Fidei depositum<\/a><\/i>, del d\u00eda 11 de octubre de 1992, la cual encabezaba la publicaci\u00f3n del texto del Catecismo universal, redactado en lengua francesa, y editado con ocasi\u00f3n del trig\u00e9simo aniversario de la apertura del Concilio Vaticano II.<\/p>\n<p align=\"left\">Todos hemos podido comprobar felizmente la acogida positiva general y la vasta difusi\u00f3n que el Catecismo ha tenido durante estos a\u00f1os, especialmente en las Iglesias particulares, que han procedido a la traducci\u00f3n a sus respectivas lenguas, para hacerlo m\u00e1s accesible a las diversas comunidades ling\u00fc\u00edsticas del mundo. Este hecho confirma cu\u00e1n oportuna fue la petici\u00f3n que me present\u00f3 la Asamblea extraordinaria del S\u00ednodo de los Obispos de 1985, proponi\u00e9ndome que se elaborara un Catecismo o compendio de toda la doctrina cat\u00f3lica, tanto de la fe como de la moral.<\/p>\n<p align=\"left\">Con la citada Constituci\u00f3n Apost\u00f3lica, que conserva a\u00fan hoy su validez y actualidad, y encuentra su aplicaci\u00f3n definitiva en la presente edici\u00f3n t\u00edpica, aprob\u00e9 y promulgu\u00e9 el Catecismo, que fue elaborado por la correspondiente Comisi\u00f3n de cardenales y obispos instituida en 1986.<\/p>\n<p align=\"left\">Esta edici\u00f3n la ha preparado una Comisi\u00f3n formada por miembros de los diversos dicasterios de la Sede Apost\u00f3lica, que constitu\u00ed con dicha finalidad en 1993. Presidida por el cardenal Joseph Ratzinger, dicha comisi\u00f3n ha trabajado asiduamente para cumplir el mandato recibido. Ha dedicado particular atenci\u00f3n al examen de las numerosas propuestas de modificaci\u00f3n de los contenidos del texto, que durante estos a\u00f1os han llegado de varias partes del mundo y de diferentes componentes del \u00e1mbito eclesial.<\/p>\n<p align=\"left\">A este respecto, se puede notar oportunamente que el env\u00edo tan considerable de propuestas de mejora manifiesta, en primer lugar, el notable inter\u00e9s que el Catecismo ha suscitado en todo el mundo, incluso en ambientes no cristianos. Confirma, adem\u00e1s, la finalidad del Catecismo de presentarse como una exposici\u00f3n completa e \u00edntegra de la doctrina cat\u00f3lica, gracias a lo cual, cualquiera pueda conocer aquello que la Iglesia profesa y celebra, lo que vive y ora en su quehacer diaria. Al mismo tiempo, muestra el gran esfuerzo de todos por querer ofrecer su contribuci\u00f3n, para que la fe cristiana, cuyos contenidos esenciales y fundamentales se resumen en el Catecismo, pueda presentarse en nuestros d\u00edas a los hombres de nuestro tiempo del modo m\u00e1s adecuado posible. A trav\u00e9s de esta colaboraci\u00f3n m\u00faltiple y complementaria de los diversos miembros de la Iglesia se realiza as\u00ed, una vez m\u00e1s, cuanto escrib\u00ed en la Constituci\u00f3n Apost\u00f3lica\u00a0<i><a href=\"http:\/\/www.vatican.va\/archive\/catechism_sp\/aposcons_sp.html\">Fidei depositum<\/a><\/i>: \u00abEl concurso de tantas voces expresa verdaderamente lo que se puede llamar sinfon\u00eda de la fe\u00bb<a title=\"\" href=\"http:\/\/www.vatican.va\/archive\/catechism_sp\/lettera-apost_sp.html#_ftn1\" name=\"_ftnref1\">[1]<\/a>.<\/p>\n<p align=\"left\">Tambi\u00e9n por estos motivos, la comisi\u00f3n ha tomado en seria consideraci\u00f3n las propuestas enviadas, las ha examinado atentamente a trav\u00e9s de las diversas instancias, y ha sometido a mi aprobaci\u00f3n sus conclusiones. He aprobado estas conclusiones en la medida en que permiten expresar mejor los contenidos del Catecismo respecto al dep\u00f3sito de la fe cat\u00f3lica, o formular algunas verdades de la misma fe del modo m\u00e1s conveniente a las exigencias de la catequesis actual. Y, por tanto, han entrado a formar parte de la presente edici\u00f3n t\u00edpica latina. Esta repite fielmente los contenidos doctrinales que present\u00e9 oficialmente a la Iglesia y al mundo en diciembre de 1992. Con esta promulgaci\u00f3n de la edici\u00f3n t\u00edpica latina concluye, pues, el camino de elaboraci\u00f3n del Catecismo, comenzado en 1986, y se cumple felizmente el deseo de la referida Asamblea extraordinaria del S\u00ednodo de los Obispos. La Iglesia dispone ahora de esta nueva exposici\u00f3n autorizada de la \u00fanica y perenne fe apost\u00f3lica, que servir\u00e1 de \u00abinstrumento v\u00e1lido y leg\u00edtimo al servicio de la comuni\u00f3n eclesial\u00bb y de \u00abregla segura para la ense\u00f1anza de la fe\u00bb, as\u00ed como de \u00abtexto de referencia seguro y aut\u00e9ntico\u00bb para la elaboraci\u00f3n de los catecismos locales\u00a0<a title=\"\" href=\"http:\/\/www.vatican.va\/archive\/catechism_sp\/lettera-apost_sp.html#_ftn2\" name=\"_ftnref2\">[2]<\/a>\u00a0.<\/p>\n<p align=\"left\">En esta presentaci\u00f3n aut\u00e9ntica y sistem\u00e1tica de la fe y de la doctrina cat\u00f3lica la catequesis encontrar\u00e1 un camino plenamente seguro para presentar con renovado impulso a los hombres de nuestro tiempo el mensaje cristiano en todas y cada una de sus partes. Todo catequista podr\u00e1 recibir de este texto una s\u00f3lida ayuda para transmitir, en el \u00e1mbito de la Iglesia local, el \u00fanico y perenne dep\u00f3sito de la fe, tratando de conjugar, con la ayuda del Esp\u00edritu Santo, la admirable unidad del misterio cristiano con la multiplicidad de las necesidades y de las condiciones de vida de aquellos a quienes va destinado este anuncio. Toda la actividad catequ\u00e9tica podr\u00e1 experimentar un nuevo y amplio impulso en el Pueblo de Dios si acierta a valorar y a utilizar rectamente este Catecismo postconciliar.<\/p>\n<p align=\"left\">Todo esto resulta a\u00fan m\u00e1s importante hoy en los umbrales del tercer milenio. En efecto, es urgente un compromiso extraordinario de evangelizaci\u00f3n, para que todos puedan conocer y acoger el anuncio del Evangelio, y cada uno pueda llegar \u00aba la madurez de la plenitud de Cristo\u00bb (<i>Ef<\/i>\u00a04, 13).<\/p>\n<p align=\"left\">Por tanto, exhorto encarecidamente a mis venerables hermanos en el episcopado, a quienes de manera especial queda encomendado el Catecismo de la Iglesia Cat\u00f3lica, para que, aprovechando esta notable ocasi\u00f3n de la promulgaci\u00f3n de la edici\u00f3n t\u00edpica, intensifiquen su compromiso a favor de una mayor difusi\u00f3n del texto, y, sobre todo, de su cordial acogida, como don privilegiado para las comunidades a ellos encomendadas, las cuales podr\u00e1n redescubrir a\u00fan m\u00e1s las inagotables riquezas de la fe.<\/p>\n<p align=\"left\">Quiera Dios que, gracias al compromiso concorde y complementario de todos los sectores que componen el Pueblo de Dios, el Catecismo sea conocido y aceptado por todos, para que se fortalezca y se propague hasta los confines del mundo la unidad en la fe que tiene su modelo y principio supremo en la unidad trinitaria.<\/p>\n<p align=\"left\">A Mar\u00eda, Madre de Cristo, a quien hoy celebrarnos elevada al cielo en cuerpo y alma, encomiendo estos deseos, a fin de que se realicen para el bien de toda la humanidad.<\/p>\n<p align=\"left\"><i>Castelgandolfo, 15 de agosto de 1997, a\u00f1o decimonoveno de mi pontificado.<\/i><\/p>\n<p align=\"left\">\n<p align=\"center\"><b>IOANNES PAULUS PP II<\/b><\/p>\n<p align=\"left\">\n<hr align=\"LEFT\" size=\"2\" width=\"300\" \/>\n<p><a title=\"\" href=\"http:\/\/www.vatican.va\/archive\/catechism_sp\/lettera-apost_sp.html#_ftnref1\" name=\"_ftn1\">[1]<\/a>\u00a0Cf Juan Pablo II, Cost. ap.\u00a0<i>Fidei depositum,\u00a0<\/i>2.<\/p>\n<p><a title=\"\" href=\"http:\/\/www.vatican.va\/archive\/catechism_sp\/lettera-apost_sp.html#_ftnref2\" name=\"_ftn2\">[2]<\/a>\u00a0Cf Juan Pablo II, Cost. ap.\u00a0<i>Fidei depositum,\u00a0<\/i>4.<\/p>\n<div class=\"sharelinks\" style=\"\">\n\t<a title=\"Laetamur Magnopere\" rel=\"nofollow\" target=\"_blank\" href=\"http:\/\/www.facebook.com\/sharer.php?u=https:\/\/svsc.archimadrid.es\/?page_id=756\"><img data-recalc-dims=\"1\" loading=\"lazy\" decoding=\"async\" width=\"56\" height=\"20\" alt=\"facebook\" src=\"https:\/\/i0.wp.com\/svsc.archimadrid.es\/wp-content\/plugins\/facebook-google-twitter-share\/images\/facebook.png?resize=56%2C20&#038;ssl=1\"><\/a>\n\t<a title=\"Laetamur Magnopere\" rel=\"nofollow\" target=\"_blank\" href=\"https:\/\/plus.google.com\/share?url=https:\/\/svsc.archimadrid.es\/?page_id=756\"><img data-recalc-dims=\"1\" loading=\"lazy\" decoding=\"async\" width=\"60\" height=\"20\" alt=\"google plus\" src=\"https:\/\/i0.wp.com\/svsc.archimadrid.es\/wp-content\/plugins\/facebook-google-twitter-share\/images\/googleplus.png?resize=60%2C20&#038;ssl=1\"><\/a>\n\t<a title=\"Laetamur Magnopere\" Nagar\" rel=\"nofollow\" target=\"_blank\" href=\"http:\/\/twitter.com\/home?status=Laetamur Magnopere https:\/\/svsc.archimadrid.es\/?page_id=756\"><img data-recalc-dims=\"1\" loading=\"lazy\" decoding=\"async\" width=\"70\" height=\"20\" alt=\"twitter\" src=\"https:\/\/i0.wp.com\/svsc.archimadrid.es\/wp-content\/plugins\/facebook-google-twitter-share\/images\/twitter.png?resize=70%2C20&#038;ssl=1\"><\/a>\n\t<\/div>","protected":false},"excerpt":{"rendered":"<p>CARTA APOST\u00d3LICA \u00ab LAETAMUR MAGNOPERE \u00bb por la que se aprueba la edici\u00f3n t\u00edpica latina del Catecismo de la Iglesia Cat\u00f3lica A los Venerables Hermanos Cardenales, Patriarcas, Arzobispos, Obispos,\u00a0Presb\u00edteros, Di\u00e1conos y dem\u00e1s miembros del Pueblo de Dios JUAN PABLO II, OBISPO, SIERVO DE LOS SIERVOS DE DIOS PARA PERPETUA MEMORIA Es motivo de gran alegr\u00eda &hellip; <\/p>\n<p><a class=\"more-link btn\" href=\"https:\/\/svsc.archimadrid.es\/?page_id=756\">Seguir leyendo<\/a><\/p>\n","protected":false},"author":4,"featured_media":0,"parent":753,"menu_order":1,"comment_status":"closed","ping_status":"closed","template":"","meta":{"jetpack_post_was_ever_published":false,"footnotes":""},"class_list":["post-756","page","type-page","status-publish","hentry","nodate","item-wrap"],"jetpack_shortlink":"https:\/\/wp.me\/P2YM3J-cc","jetpack_sharing_enabled":true,"jetpack_likes_enabled":false,"_links":{"self":[{"href":"https:\/\/svsc.archimadrid.es\/index.php?rest_route=\/wp\/v2\/pages\/756","targetHints":{"allow":["GET"]}}],"collection":[{"href":"https:\/\/svsc.archimadrid.es\/index.php?rest_route=\/wp\/v2\/pages"}],"about":[{"href":"https:\/\/svsc.archimadrid.es\/index.php?rest_route=\/wp\/v2\/types\/page"}],"author":[{"embeddable":true,"href":"https:\/\/svsc.archimadrid.es\/index.php?rest_route=\/wp\/v2\/users\/4"}],"replies":[{"embeddable":true,"href":"https:\/\/svsc.archimadrid.es\/index.php?rest_route=%2Fwp%2Fv2%2Fcomments&post=756"}],"version-history":[{"count":1,"href":"https:\/\/svsc.archimadrid.es\/index.php?rest_route=\/wp\/v2\/pages\/756\/revisions"}],"predecessor-version":[{"id":758,"href":"https:\/\/svsc.archimadrid.es\/index.php?rest_route=\/wp\/v2\/pages\/756\/revisions\/758"}],"up":[{"embeddable":true,"href":"https:\/\/svsc.archimadrid.es\/index.php?rest_route=\/wp\/v2\/pages\/753"}],"wp:attachment":[{"href":"https:\/\/svsc.archimadrid.es\/index.php?rest_route=%2Fwp%2Fv2%2Fmedia&parent=756"}],"curies":[{"name":"wp","href":"https:\/\/api.w.org\/{rel}","templated":true}]}}