{"id":775,"date":"2013-01-05T21:16:26","date_gmt":"2013-01-05T20:16:26","guid":{"rendered":"http:\/\/arzmadrid.es\/svsc\/wp\/?page_id=775"},"modified":"2013-01-05T21:24:16","modified_gmt":"2013-01-05T20:24:16","slug":"segunda-parte-los-sacramentos","status":"publish","type":"page","link":"https:\/\/svsc.archimadrid.es\/?page_id=775","title":{"rendered":"Segunda Parte: Los Sacramentos"},"content":{"rendered":"<h3 style=\"text-align: center;\"><a href=\"https:\/\/i0.wp.com\/arzmadrid.es\/svsc\/wp\/wp-content\/uploads\/2013\/01\/espirito-santo.jpg\"><img data-recalc-dims=\"1\" loading=\"lazy\" decoding=\"async\" data-attachment-id=\"792\" data-permalink=\"https:\/\/svsc.archimadrid.es\/?attachment_id=792\" data-orig-file=\"https:\/\/i0.wp.com\/svsc.archimadrid.es\/wp-content\/uploads\/2013\/01\/espirito-santo.jpg?fit=800%2C566&amp;ssl=1\" data-orig-size=\"800,566\" data-comments-opened=\"0\" data-image-meta=\"{&quot;aperture&quot;:&quot;0&quot;,&quot;credit&quot;:&quot;&quot;,&quot;camera&quot;:&quot;&quot;,&quot;caption&quot;:&quot;&quot;,&quot;created_timestamp&quot;:&quot;0&quot;,&quot;copyright&quot;:&quot;&quot;,&quot;focal_length&quot;:&quot;0&quot;,&quot;iso&quot;:&quot;0&quot;,&quot;shutter_speed&quot;:&quot;0&quot;,&quot;title&quot;:&quot;&quot;}\" data-image-title=\"espirito-santo\" data-image-description=\"\" data-image-caption=\"\" data-medium-file=\"https:\/\/i0.wp.com\/svsc.archimadrid.es\/wp-content\/uploads\/2013\/01\/espirito-santo.jpg?fit=300%2C212&amp;ssl=1\" data-large-file=\"https:\/\/i0.wp.com\/svsc.archimadrid.es\/wp-content\/uploads\/2013\/01\/espirito-santo.jpg?fit=800%2C566&amp;ssl=1\" class=\"aligncenter size-medium wp-image-792\" alt=\"espirito-santo\" src=\"https:\/\/i0.wp.com\/arzmadrid.es\/svsc\/wp\/wp-content\/uploads\/2013\/01\/espirito-santo-300x212.jpg?resize=300%2C212\" width=\"300\" height=\"212\" srcset=\"https:\/\/i0.wp.com\/svsc.archimadrid.es\/wp-content\/uploads\/2013\/01\/espirito-santo.jpg?resize=300%2C212&amp;ssl=1 300w, https:\/\/i0.wp.com\/svsc.archimadrid.es\/wp-content\/uploads\/2013\/01\/espirito-santo.jpg?w=800&amp;ssl=1 800w\" sizes=\"auto, (max-width: 300px) 100vw, 300px\" \/><\/a><\/h3>\n<h3 style=\"text-align: center;\"><span style=\"color: #ff0000;\" data-mce-mark=\"1\"><b><a href=\"http:\/\/www.vatican.va\/archive\/catechism_sp\/index_sp.html\" target=\"_blank\"><span style=\"color: #ff0000;\" data-mce-mark=\"1\">SEGUNDA PARTE<\/span><\/a><\/b><\/span><\/h3>\n<h3 style=\"text-align: center;\"><span style=\"color: #ff0000;\" data-mce-mark=\"1\"><strong><a href=\"http:\/\/www.vatican.va\/archive\/catechism_sp\/p2_sp.html\"><span style=\"color: #ff0000;\" data-mce-mark=\"1\">LA CELEBRACI\u00d3N DEL MISTERIO CRISTIANO<\/span><\/a><\/strong><\/span>\u00a0(1066-1075)<\/h3>\n<h3 style=\"text-align: center;\"><span style=\"color: #ff0000;\" data-mce-mark=\"1\"><strong><a href=\"http:\/\/www.vatican.va\/archive\/catechism_sp\/p2s1_sp.html\"><span style=\"color: #ff0000;\" data-mce-mark=\"1\">PRIMERA SECCI\u00d3N: LA ECONOM\u00cdA SACRAMENTAL<\/span><\/a><\/strong><\/span>\u00a0(1076)<\/h3>\n<h3 style=\"text-align: center;\"><span style=\"color: #ff6600;\" data-mce-mark=\"1\"><strong><a href=\"http:\/\/www.vatican.va\/archive\/catechism_sp\/p2s1c1a1_sp.html\"><span style=\"color: #ff6600;\" data-mce-mark=\"1\">CAP\u00cdTULO PRIMERO:<br \/>\nEL MISTERIO PASCUAL EN EL TIEMPO DE LA IGLESIA<\/span><\/a><\/strong><\/span>\u00a0(1077-1112)<\/h3>\n<ul>\n<li><strong><a href=\"http:\/\/www.vatican.va\/archive\/catechism_sp\/p2s1c1a1_sp.html#ART%C3%8DCULO%201:%20LA%20LITURGIA,%20OBRA%20DE%20LA%20SANT%C3%8DSIMA%20TRINIDAD\">Art\u00edculo 1: La liturgia, obra de la Sant\u00edsima Trinidad<\/a><\/strong><\/li>\n<\/ul>\n<ol>\n<li><a href=\"http:\/\/www.vatican.va\/archive\/catechism_sp\/p2s1c1a1_sp.html#I.%20El%20Padre,%20fuente%20y%20fin%20de%20la%20liturgia\">El Padre, fuente y fin de la Liturgia<\/a><\/li>\n<li><a href=\"http:\/\/www.vatican.va\/archive\/catechism_sp\/p2s1c1a1_sp.html#II%20La%20obra%20de%20Cristo%20en%20la%20liturgia\">La obra de Cristo en la Liturgia<\/a><\/li>\n<li><a href=\"http:\/\/www.vatican.va\/archive\/catechism_sp\/p2s1c1a1_sp.html#III%20El%20Ep%C3%ADritu%20Santo%20y%20la%20Iglesia%20en%20la%20liturgia\">El Esp\u00edritu Santo y la Iglesia en la Liturgia<\/a><\/li>\n<li><a href=\"http:\/\/www.vatican.va\/archive\/catechism_sp\/p2s1c1a1_sp.html#Resumen\">Resumen<\/a><\/li>\n<\/ol>\n<ul>\n<li><strong><a href=\"http:\/\/www.vatican.va\/archive\/catechism_sp\/p2s1c1a2_sp.html\">Art\u00edculo 2: El misterio pascual en los sacramentos de la Iglesia<\/a><\/strong>\u00a0(1113-1134)<\/li>\n<\/ul>\n<ol>\n<li><a href=\"http:\/\/www.vatican.va\/archive\/catechism_sp\/p2s1c1a2_sp.html#I%20Los%20sacramentos%20de%20Cristo\">Sacramentos de Cristo<\/a><\/li>\n<li><a href=\"http:\/\/www.vatican.va\/archive\/catechism_sp\/p2s1c1a2_sp.html#II%20Los%20sacramentos%20de%20la%20Iglesia\">Sacramentos de la Iglesia<\/a><\/li>\n<li><a href=\"http:\/\/www.vatican.va\/archive\/catechism_sp\/p2s1c1a2_sp.html#III%20Los%20sacramentos%20de%20la%20fe\">Sacramentos de la fe<\/a><\/li>\n<li><a href=\"http:\/\/www.vatican.va\/archive\/catechism_sp\/p2s1c1a2_sp.html#IV%20Los%20sacramentos%20de%20la%20salvaci%C3%B3n\">Sacramentos de la salvaci\u00f3n<\/a><\/li>\n<li><a href=\"http:\/\/www.vatican.va\/archive\/catechism_sp\/p2s1c1a2_sp.html#V%20Los%20sacramentos%20de%20la%20vida%20eterna\">Sacramentos de la vida eterna<\/a><\/li>\n<li><a href=\"http:\/\/www.vatican.va\/archive\/catechism_sp\/p2s1c1a2_sp.html#Resumen\">Resumen<\/a><\/li>\n<\/ol>\n<h3 style=\"text-align: center;\"><strong><span style=\"color: #ff6600;\" data-mce-mark=\"1\"><a href=\"http:\/\/www.vatican.va\/archive\/catechism_sp\/p2s1c2_sp.html\"><span style=\"color: #ff6600;\" data-mce-mark=\"1\">CAP\u00cdTULO SEGUNDO:<br \/>\nLA CELEBRACI\u00d3N SACRAMENTAL DEL MISTERIO PASCUAL<\/span><\/a><\/span>\u00a0<\/strong>(1135)<\/h3>\n<ul>\n<li>\u00a0<strong><a href=\"http:\/\/www.vatican.va\/archive\/catechism_sp\/p2s1c2a1_sp.html\">Art\u00edculo 1: Celebrar la Liturgia de la Iglesia<\/a><\/strong>\u00a0(1136-1199)<\/li>\n<\/ul>\n<ol>\n<li><a href=\"http:\/\/www.vatican.va\/archive\/catechism_sp\/p2s1c2a1_sp.html#I%20%C2%BFQui%C3%A9n%20celebra?\">\u00bfQui\u00e9n celebra?<\/a><\/li>\n<li><a href=\"http:\/\/www.vatican.va\/archive\/catechism_sp\/p2s1c2a1_sp.html#II%20%C2%BFC%C3%B3mo%20celebrar?\">\u00bfC\u00f3mo celebrar?<\/a><\/li>\n<li><a href=\"http:\/\/www.vatican.va\/archive\/catechism_sp\/p2s1c2a1_sp.html#III%20%C2%BFCu%C3%A1ndo%20celebrar?\">\u00bfCu\u00e1ndo celebrar?<\/a><\/li>\n<li><a href=\"http:\/\/www.vatican.va\/archive\/catechism_sp\/p2s1c2a1_sp.html#IV%20%C2%BFD%C3%B3nde%20celebrar?\">\u00bfD\u00f3nde celebrar?<\/a><\/li>\n<li><a href=\"http:\/\/www.vatican.va\/archive\/catechism_sp\/p2s1c2a1_sp.html#Resumen\">Resumen<\/a><\/li>\n<\/ol>\n<ul>\n<li><strong><a href=\"http:\/\/www.vatican.va\/archive\/catechism_sp\/p2s1c2a2_sp.html\">Art\u00edculo 2: Diversidad lit\u00fargica y unidad del misterio<\/a>\u00a0<\/strong>(1200-1209)<\/li>\n<\/ul>\n<ol>\n<li><a href=\"http:\/\/www.vatican.va\/archive\/catechism_sp\/p2s1c2a2_sp.html#Resumen\">Resumen<\/a><\/li>\n<\/ol>\n<h3 style=\"text-align: center;\"><span style=\"color: #ff0000;\" data-mce-mark=\"1\"><strong><a href=\"http:\/\/www.vatican.va\/archive\/catechism_sp\/p2s2_sp.html\"><span style=\"color: #ff0000;\" data-mce-mark=\"1\">SEGUNDA SECCI\u00d3N: \u00abLOS SIETE SACRAMENTOS DE LA IGLESIA\u00bb<\/span><\/a><\/strong><\/span>\u00a0(1210-1211)<\/h3>\n<h3 style=\"text-align: center;\"><span style=\"color: #ff6600;\" data-mce-mark=\"1\"><a href=\"http:\/\/www.vatican.va\/archive\/catechism_sp\/p2s2c1_sp.html\"><span style=\"color: #ff6600;\" data-mce-mark=\"1\">CAP\u00cdTULO PRIMERO:<br \/>\nLOS SACRAMENTOS DEL LA INICIACI\u00d3N CRISTIANA<\/span><\/a><\/span>\u00a0(1212)<\/h3>\n<ul>\n<li><strong><a href=\"http:\/\/www.vatican.va\/archive\/catechism_sp\/p2s2c1a1_sp.html\">Art\u00edculo l: El sacramento del Bautismo<\/a><\/strong>\u00a0(1213-1284)<\/li>\n<\/ul>\n<ol>\n<li><a href=\"http:\/\/www.vatican.va\/archive\/catechism_sp\/p2s2c1a1_sp.html#I%20El%20nombre%20de%20este%20sacramento\">El nombre de este sacramento<\/a><\/li>\n<li><a href=\"http:\/\/www.vatican.va\/archive\/catechism_sp\/p2s2c1a1_sp.html#II%20El%20Bautismo%20en%20la%20econom%C3%ADa%20de%20la%20salvaci%C3%B3n\">El Bautismo en la econom\u00eda de la salvaci\u00f3n<\/a><\/li>\n<li><a href=\"http:\/\/www.vatican.va\/archive\/catechism_sp\/p2s2c1a1_sp.html#III%20La%20celebraci%C3%B3n%20del%20sacramento%20del%20Bautismo\">La celebraci\u00f3n del sacramento del Bautismo<\/a><\/li>\n<li><a href=\"http:\/\/www.vatican.va\/archive\/catechism_sp\/p2s2c1a1_sp.html#IV%20Qui%C3%A9n%20puede%20recibir%20el%20Bautismo\">Qui\u00e9n puede recibir el Bautismo<\/a><\/li>\n<li><a href=\"http:\/\/www.vatican.va\/archive\/catechism_sp\/p2s2c1a1_sp.html#IV%20Qui%C3%A9n%20puede%20recibir%20el%20Bautismo\">Qui\u00e9n puede bautizar<\/a><\/li>\n<li><a href=\"http:\/\/www.vatican.va\/archive\/catechism_sp\/p2s2c1a1_sp.html#VI%20La%20necesidad%20del%20Bautismo\">La necesidad del Bautismo<\/a><\/li>\n<li><a href=\"http:\/\/www.vatican.va\/archive\/catechism_sp\/p2s2c1a1_sp.html#VII%20La%20gracia%20del%20Bautismo\">La gracia del Bautismo<\/a><\/li>\n<li><a href=\"http:\/\/www.vatican.va\/archive\/catechism_sp\/p2s2c1a1_sp.html#Resumen\">Resumen<\/a><\/li>\n<\/ol>\n<ul>\n<li><strong><a href=\"http:\/\/www.vatican.va\/archive\/catechism_sp\/p2s2c1a2_sp.html\">Art\u00edculo 2: El sacramento de la Confirmaci\u00f3n<\/a>\u00a0<\/strong>(1285-1321)<\/li>\n<\/ul>\n<ol>\n<li><a href=\"http:\/\/www.vatican.va\/archive\/catechism_sp\/p2s2c1a2_sp.html#I%20La%20Confirmaci%C3%B3n%20en%20la%20econom%C3%ADa%20de%20la%20salvaci%C3%B3n\">La Confirmaci\u00f3n en la econom\u00eda de la salvaci\u00f3n<\/a><\/li>\n<li><a href=\"http:\/\/www.vatican.va\/archive\/catechism_sp\/p2s2c1a2_sp.html#II%20Los%20signos%20y%20el%20rito%20de%20la%20Confirmaci%C3%B3n\">Los signos y el rito de la Confirmaci\u00f3n<\/a><\/li>\n<li><a href=\"http:\/\/www.vatican.va\/archive\/catechism_sp\/p2s2c1a2_sp.html#III%20Los%20efectos%20de%20la%20Confirmaci%C3%B3n\">Los efectos de la Confirmaci\u00f3n<\/a><\/li>\n<li><a href=\"http:\/\/www.vatican.va\/archive\/catechism_sp\/p2s2c1a2_sp.html#IV%20Qui%C3%A9n%20puede%20recibir%20este%20sacramento\">Qui\u00e9n puede recibir este sacramento<\/a><\/li>\n<li><a href=\"http:\/\/www.vatican.va\/archive\/catechism_sp\/p2s2c1a2_sp.html#V%20El%20ministro%20de%20la%20Confirmaci%C3%B3n\">El ministro de la Confirmaci\u00f3n<\/a><\/li>\n<li><a href=\"http:\/\/www.vatican.va\/archive\/catechism_sp\/p2s2c1a2_sp.html#Resumen\">Resumen<\/a><\/li>\n<\/ol>\n<ul>\n<li><strong><a href=\"http:\/\/www.vatican.va\/archive\/catechism_sp\/p2s2c1a3_sp.html\">Art\u00edculo 3: El sacramento de la Eucarist\u00eda<\/a>\u00a0(<\/strong>1322-1419)<\/li>\n<\/ul>\n<ol>\n<li><a href=\"http:\/\/www.vatican.va\/archive\/catechism_sp\/p2s2c1a3_sp.html#I%20La%20Eucarist%C3%ADa,%20fuente%20y%20cumbre%20de%20la%20vida%20eclesial\">La Eucarist\u00eda,\u00a0 fuente y culmen de la vida eclesial<\/a><\/li>\n<li><a href=\"http:\/\/www.vatican.va\/archive\/catechism_sp\/p2s2c1a3_sp.html#II%20El%20nombre%20de%20este%20sacramento\">El nombre de este sacramento<\/a><\/li>\n<li><a href=\"http:\/\/www.vatican.va\/archive\/catechism_sp\/p2s2c1a3_sp.html#III%20La%20Eucarist%C3%ADa%20en%20la%20econom%C3%ADa%20de%20la%20salvaci%C3%B3n\">La Eucarist\u00eda en la econom\u00eda de la salvaci\u00f3n<\/a><\/li>\n<li><a href=\"http:\/\/www.vatican.va\/archive\/catechism_sp\/p2s2c1a3_sp.html#IV%20La%20celebraci%C3%B3n%20lit%C3%BArgica%20de%20la%20Eucarist%C3%ADa\">La celebraci\u00f3n lit\u00fargica de la Eucarist\u00eda<\/a><\/li>\n<li><a href=\"http:\/\/www.vatican.va\/archive\/catechism_sp\/p2s2c1a3_sp.html#V%20El%20sacrificio%20sacramental:%20acci%C3%B3n%20de%20gracias,%20memorial,%20presencia\">El sacrificio sacramental: acci\u00f3n de gracias, memorial, presencia<\/a><\/li>\n<li><a href=\"http:\/\/www.vatican.va\/archive\/catechism_sp\/p2s2c1a3_sp.html#VI%20El%20banquete%20pascual\">El banquete pascual<\/a><\/li>\n<li><a href=\"http:\/\/www.vatican.va\/archive\/catechism_sp\/p2s2c1a3_sp.html#VII%20La%20Eucarist%C3%ADa,%20%22Pignus%20futurae%20gloriae%22\">La Eucarist\u00eda,\u00a0 \u00abPignus futurae gloriae\u00bb<\/a><\/li>\n<li><a href=\"http:\/\/www.vatican.va\/archive\/catechism_sp\/p2s2c1a3_sp.html#Resumen\">Resumen<\/a><\/li>\n<\/ol>\n<h3 style=\"text-align: center;\"><span style=\"color: #ff6600;\" data-mce-mark=\"1\"><a href=\"http:\/\/www.vatican.va\/archive\/catechism_sp\/p2s2c2_sp.html\"><span style=\"color: #ff6600;\" data-mce-mark=\"1\">CAP\u00cdTULO SEGUNDO:<br \/>\nLOS SACRAMENTOS DE CURACI\u00d3N<\/span><\/a>\u00a0<\/span>(1420-1421)<\/h3>\n<ul>\n<li><strong><a href=\"http:\/\/www.vatican.va\/archive\/catechism_sp\/p2s2c2a4_sp.html\">Art\u00edculo 4: El sacramento de la Penitencia y de la Reconciliaci\u00f3n<\/a><\/strong>\u00a0(1422-1498)<\/li>\n<\/ul>\n<ol>\n<li><a href=\"http:\/\/www.vatican.va\/archive\/catechism_sp\/p2s2c2a4_sp.html#I%20El%20nombre%20de%20este%20sacramento\">El nombre de este sacramento<\/a><\/li>\n<li><a href=\"http:\/\/www.vatican.va\/archive\/catechism_sp\/p2s2c2a4_sp.html#II%20Por%20qu%C3%A9%20un%20sacramento%20de%20la%20reconciliaci%C3%B3n%20despu%C3%A9s%20del%20bautismo\">Por qu\u00e9 un sacramento de la reconciliaci\u00f3n despu\u00e9s del bautismo<\/a><\/li>\n<li><a href=\"http:\/\/www.vatican.va\/archive\/catechism_sp\/p2s2c2a4_sp.html#III%20La%20conversi%C3%B3n%20de%20los%20bautizados\">La conversi\u00f3n de los bautizados<\/a><\/li>\n<li><a href=\"http:\/\/www.vatican.va\/archive\/catechism_sp\/p2s2c2a4_sp.html#IV%20La%20penitencia%20interior\">La penitencia interior<\/a><\/li>\n<li><a href=\"http:\/\/www.vatican.va\/archive\/catechism_sp\/p2s2c2a4_sp.html#V%20Diversas%20formas%20de%20penitencia%20en%20la%20vida%20cristiana\">Diversas formas de penitencia en la vida cristiana<\/a><\/li>\n<li><a href=\"http:\/\/www.vatican.va\/archive\/catechism_sp\/p2s2c2a4_sp.html#VI%20El%20sacramento%20de%20la%20Penitencia%20y%20de%20la%20Reconciliaci%C3%B3n\">El sacramento de la Penitencia y de la Reconciliaci\u00f3n<\/a><\/li>\n<li><a href=\"http:\/\/www.vatican.va\/archive\/catechism_sp\/p2s2c2a4_sp.html#VII%20Los%20actos%20del%20penitente\">Los actos del penitente<\/a><\/li>\n<li><a href=\"http:\/\/www.vatican.va\/archive\/catechism_sp\/p2s2c2a4_sp.html#VIII%20El%20ministro%20de%20este%20sacramento\">El ministro de este sacramento<\/a><\/li>\n<li><a href=\"http:\/\/www.vatican.va\/archive\/catechism_sp\/p2s2c2a4_sp.html#IX%20Los%20efectos%20de%20este%20sacramento\">Los efectos de este sacramento<\/a><\/li>\n<li><a href=\"http:\/\/www.vatican.va\/archive\/catechism_sp\/p2s2c2a4_sp.html#X%20Las%20indulgencias\">Las indulgencias<\/a><\/li>\n<li><a href=\"http:\/\/www.vatican.va\/archive\/catechism_sp\/p2s2c2a4_sp.html#XI%20La%20celebraci%C3%B3n%20del%20sacramento%20de%20la%20Penitencia\">La celebraci\u00f3n del sacramento de la Penitencia<\/a><\/li>\n<li><a href=\"http:\/\/www.vatican.va\/archive\/catechism_sp\/p2s2c2a4_sp.html#Resumen\">Resumen<\/a><\/li>\n<\/ol>\n<ul>\n<li><strong><a href=\"http:\/\/www.vatican.va\/archive\/catechism_sp\/p2s2c2a5_sp.html\">Art\u00edculo 5: La Unci\u00f3n de los enfermos<\/a>\u00a0<\/strong>(1499-1532)<\/li>\n<\/ul>\n<ol>\n<li><a href=\"http:\/\/www.vatican.va\/archive\/catechism_sp\/p2s2c2a5_sp.html#I%20Fundamentos%20en%20la%20econom%C3%ADa%20de%20la%20salvaci%C3%B3n\">Fundamentos en la econom\u00eda de la salvaci\u00f3n<\/a><\/li>\n<li><a href=\"http:\/\/www.vatican.va\/archive\/catechism_sp\/p2s2c2a5_sp.html#II%20Qui%C3%A9n%20recibe%20y%20qui%C3%A9n%20administra%20este%20sacramento\">Qui\u00e9n recibe y qui\u00e9n administra este sacramento<\/a><\/li>\n<li><a href=\"http:\/\/www.vatican.va\/archive\/catechism_sp\/p2s2c2a5_sp.html#III%20La%20celebraci%C3%B3n%20del%20sacramento\">La celebraci\u00f3n del sacramento<\/a><\/li>\n<li><a href=\"http:\/\/www.vatican.va\/archive\/catechism_sp\/p2s2c2a5_sp.html#III%20La%20celebraci%C3%B3n%20del%20sacramento\">Efectos de la celebraci\u00f3n de este sacramento<\/a><\/li>\n<li><a href=\"http:\/\/www.vatican.va\/archive\/catechism_sp\/p2s2c2a5_sp.html#V%20El%20Vi%C3%A1tico,%20%C3%BAltimo%20sacramento%20del%20cristiano\">El vi\u00e1tico, \u00faltimo sacramento del cristiano<\/a><\/li>\n<li><a href=\"http:\/\/www.vatican.va\/archive\/catechism_sp\/p2s2c2a5_sp.html#Resumen\">Resumen<\/a><\/li>\n<\/ol>\n<h3 style=\"text-align: center;\"><span style=\"color: #ff6600;\" data-mce-mark=\"1\"><a href=\"http:\/\/www.vatican.va\/archive\/catechism_sp\/p2s2c3_sp.html\"><span style=\"color: #ff6600;\" data-mce-mark=\"1\">CAP\u00cdTULO TERCERO:<br \/>\nLOS SACRAMENTOS AL SERVICIO DE LA COMUNIDAD<\/span><\/a>\u00a0<\/span>(1533-1535)<\/h3>\n<ul>\n<li><strong><a href=\"http:\/\/www.vatican.va\/archive\/catechism_sp\/p2s2c3a6_sp.html\">Art\u00edculo 6: El sacramento del Orden<\/a>\u00a0<\/strong>(1536-1600)<\/li>\n<\/ul>\n<ol>\n<li><a href=\"http:\/\/www.vatican.va\/archive\/catechism_sp\/p2s2c3a6_sp.html#I%20El%20nombre%20de%20sacramento%20del%20Orden\">El nombre de sacramento del Orden<\/a><\/li>\n<li><a href=\"http:\/\/www.vatican.va\/archive\/catechism_sp\/p2s2c3a6_sp.html#II%20El%20sacramento%20del%20Orden%20en%20la%20econom%C3%ADa%20de%20la%20salavaci%C3%B3n\">El sacramento del Orden en la econom\u00eda de la salvaci\u00f3n<\/a><\/li>\n<li><a href=\"http:\/\/www.vatican.va\/archive\/catechism_sp\/p2s2c3a6_sp.html#III%20Los%20tres%20grados%20del%20sacramento%20del%20Orden\">Los tres grados del sacramento del Orden<\/a><\/li>\n<li><a href=\"http:\/\/www.vatican.va\/archive\/catechism_sp\/p2s2c3a6_sp.html#IV%20La%20celebraci%C3%B3n%20de%20este%20sacramento\">La celebraci\u00f3n de este sacramento<\/a><\/li>\n<li><a href=\"http:\/\/www.vatican.va\/archive\/catechism_sp\/p2s2c3a6_sp.html#V%20El%20ministro%20de%20este%20sacramento\">El ministro de este sacramento<\/a><\/li>\n<li><a href=\"http:\/\/www.vatican.va\/archive\/catechism_sp\/p2s2c3a6_sp.html#VI%20Qui%C3%A9n%20puede%20recibir%20este%20sacramento\">Qui\u00e9n puede recibir este sacramento<\/a><\/li>\n<li><a href=\"http:\/\/www.vatican.va\/archive\/catechism_sp\/p2s2c3a6_sp.html#VII%20Los%20efectos%20del%20sacramento%20del%20Orden\">Efectos del sacramento del Orden<\/a><\/li>\n<li><a href=\"http:\/\/www.vatican.va\/archive\/catechism_sp\/p2s2c3a6_sp.html#Resumen\">Resumen<\/a><\/li>\n<\/ol>\n<ul>\n<li><strong><a href=\"http:\/\/www.vatican.va\/archive\/catechism_sp\/p2s2c3a7_sp.html\">Art\u00edculo 7: El sacramento del Matrimonio<\/a><\/strong>\u00a0(1601-1666)<\/li>\n<\/ul>\n<ol>\n<li><a href=\"http:\/\/www.vatican.va\/archive\/catechism_sp\/p2s2c3a7_sp.html#I%20El%20matrimonio%20en%20el%20plan%20de%20Dios\">El Matrimonio en el plan de Dios<\/a><\/li>\n<li><a href=\"http:\/\/www.vatican.va\/archive\/catechism_sp\/p2s2c3a7_sp.html#II%20La%20celebraci%C3%B3n%20del%20Matrimonio\">La celebraci\u00f3n del Matrimonio<\/a><\/li>\n<li><a href=\"http:\/\/www.vatican.va\/archive\/catechism_sp\/p2s2c3a7_sp.html#III%20El%20consentimiento%20matrimonial\">El consentimiento matrimonial<\/a><\/li>\n<li><a href=\"http:\/\/www.vatican.va\/archive\/catechism_sp\/p2s2c3a7_sp.html#IV%20Los%20efectos%20del%20sacramento%20del%20Matrimonio\">Los efectos del sacramento del Matrimonio<\/a><\/li>\n<li><a href=\"http:\/\/www.vatican.va\/archive\/catechism_sp\/p2s2c3a7_sp.html#V%20Los%20bienes%20y%20las%20exigencias%20del%20amor%20conyugal\">Los bienes y las exigencias del amor conyugal<\/a><\/li>\n<li><a href=\"http:\/\/www.vatican.va\/archive\/catechism_sp\/p2s2c3a7_sp.html#VI%20La%20iglesia%20dom%C3%A9stica\">La Iglesia dom\u00e9stica<\/a><\/li>\n<li><a href=\"http:\/\/www.vatican.va\/archive\/catechism_sp\/p2s2c3a7_sp.html#Resumen\">Resumen<\/a><\/li>\n<\/ol>\n<h3 style=\"text-align: center;\"><span style=\"color: #ff6600;\"><a href=\"http:\/\/www.vatican.va\/archive\/catechism_sp\/p2s2c4a1_sp.html\"><span style=\"color: #ff6600;\">CAP\u00cdTULO CUARTO:<br \/>\nOTRAS CELEBRACIONES LIT\u00daRGICAS<\/span><\/a><\/span>\u00a0(1667-1679)<\/h3>\n<ul>\n<li><strong><a href=\"http:\/\/www.vatican.va\/archive\/catechism_sp\/p2s2c4a1_sp.html#ART%C3%8DCULO%201%20LOS%20SACRAMENTALES\">Art\u00edculo 1: Los sacramentales<\/a><\/strong><\/li>\n<\/ul>\n<ol>\n<li><a href=\"http:\/\/www.vatican.va\/archive\/catechism_sp\/p2s2c4a1_sp.html#Resumen\">Resumen<\/a><\/li>\n<\/ol>\n<ul>\n<li><strong><a href=\"http:\/\/www.vatican.va\/archive\/catechism_sp\/p2s2c4a2_sp.html\">Art\u00edculo 2: Las exequias cristianas<\/a><\/strong>\u00a0(1680-1690)<\/li>\n<\/ul>\n<ol>\n<li><a href=\"http:\/\/www.vatican.va\/archive\/catechism_sp\/p2s2c4a2_sp.html#I%20La%20%C3%BAltima%20Pascua%20del%20cristiano\">La \u00faltima Pascua del cristiano<\/a><\/li>\n<li><a href=\"http:\/\/www.vatican.va\/archive\/catechism_sp\/p2s2c4a2_sp.html#II%20La%20celebraci%C3%B3n%20de%20las%20exequias\">La celebraci\u00f3n de las exequias<\/a><\/li>\n<\/ol>\n<div class=\"sharelinks\" style=\"\">\n\t<a title=\"Segunda Parte: Los Sacramentos\" rel=\"nofollow\" target=\"_blank\" href=\"http:\/\/www.facebook.com\/sharer.php?u=https:\/\/svsc.archimadrid.es\/?page_id=775\"><img data-recalc-dims=\"1\" loading=\"lazy\" decoding=\"async\" width=\"56\" height=\"20\" alt=\"facebook\" src=\"https:\/\/i0.wp.com\/svsc.archimadrid.es\/wp-content\/plugins\/facebook-google-twitter-share\/images\/facebook.png?resize=56%2C20&#038;ssl=1\"><\/a>\n\t<a title=\"Segunda Parte: Los Sacramentos\" rel=\"nofollow\" target=\"_blank\" href=\"https:\/\/plus.google.com\/share?url=https:\/\/svsc.archimadrid.es\/?page_id=775\"><img data-recalc-dims=\"1\" loading=\"lazy\" decoding=\"async\" width=\"60\" height=\"20\" alt=\"google plus\" src=\"https:\/\/i0.wp.com\/svsc.archimadrid.es\/wp-content\/plugins\/facebook-google-twitter-share\/images\/googleplus.png?resize=60%2C20&#038;ssl=1\"><\/a>\n\t<a title=\"Segunda Parte: Los Sacramentos\" Nagar\" rel=\"nofollow\" target=\"_blank\" href=\"http:\/\/twitter.com\/home?status=Segunda Parte: Los Sacramentos https:\/\/svsc.archimadrid.es\/?page_id=775\"><img data-recalc-dims=\"1\" loading=\"lazy\" decoding=\"async\" width=\"70\" height=\"20\" alt=\"twitter\" src=\"https:\/\/i0.wp.com\/svsc.archimadrid.es\/wp-content\/plugins\/facebook-google-twitter-share\/images\/twitter.png?resize=70%2C20&#038;ssl=1\"><\/a>\n\t<\/div>","protected":false},"excerpt":{"rendered":"<p>SEGUNDA PARTE LA CELEBRACI\u00d3N DEL MISTERIO CRISTIANO\u00a0(1066-1075) PRIMERA SECCI\u00d3N: LA ECONOM\u00cdA SACRAMENTAL\u00a0(1076) CAP\u00cdTULO PRIMERO: EL MISTERIO PASCUAL EN EL TIEMPO DE LA IGLESIA\u00a0(1077-1112) Art\u00edculo 1: La liturgia, obra de la Sant\u00edsima Trinidad El Padre, fuente y fin de la Liturgia La obra de Cristo en la Liturgia El Esp\u00edritu Santo y la Iglesia en la &hellip; <\/p>\n<p><a class=\"more-link btn\" href=\"https:\/\/svsc.archimadrid.es\/?page_id=775\">Seguir leyendo<\/a><\/p>\n","protected":false},"author":4,"featured_media":792,"parent":753,"menu_order":5,"comment_status":"closed","ping_status":"closed","template":"","meta":{"jetpack_post_was_ever_published":false,"footnotes":""},"class_list":["post-775","page","type-page","status-publish","has-post-thumbnail","hentry","nodate","item-wrap"],"jetpack_shortlink":"https:\/\/wp.me\/P2YM3J-cv","jetpack_sharing_enabled":true,"jetpack_likes_enabled":false,"_links":{"self":[{"href":"https:\/\/svsc.archimadrid.es\/index.php?rest_route=\/wp\/v2\/pages\/775","targetHints":{"allow":["GET"]}}],"collection":[{"href":"https:\/\/svsc.archimadrid.es\/index.php?rest_route=\/wp\/v2\/pages"}],"about":[{"href":"https:\/\/svsc.archimadrid.es\/index.php?rest_route=\/wp\/v2\/types\/page"}],"author":[{"embeddable":true,"href":"https:\/\/svsc.archimadrid.es\/index.php?rest_route=\/wp\/v2\/users\/4"}],"replies":[{"embeddable":true,"href":"https:\/\/svsc.archimadrid.es\/index.php?rest_route=%2Fwp%2Fv2%2Fcomments&post=775"}],"version-history":[{"count":4,"href":"https:\/\/svsc.archimadrid.es\/index.php?rest_route=\/wp\/v2\/pages\/775\/revisions"}],"predecessor-version":[{"id":795,"href":"https:\/\/svsc.archimadrid.es\/index.php?rest_route=\/wp\/v2\/pages\/775\/revisions\/795"}],"up":[{"embeddable":true,"href":"https:\/\/svsc.archimadrid.es\/index.php?rest_route=\/wp\/v2\/pages\/753"}],"wp:featuredmedia":[{"embeddable":true,"href":"https:\/\/svsc.archimadrid.es\/index.php?rest_route=\/wp\/v2\/media\/792"}],"wp:attachment":[{"href":"https:\/\/svsc.archimadrid.es\/index.php?rest_route=%2Fwp%2Fv2%2Fmedia&parent=775"}],"curies":[{"name":"wp","href":"https:\/\/api.w.org\/{rel}","templated":true}]}}