{"id":808,"date":"2013-01-05T21:49:30","date_gmt":"2013-01-05T20:49:30","guid":{"rendered":"http:\/\/arzmadrid.es\/svsc\/wp\/?page_id=808"},"modified":"2013-01-05T21:50:03","modified_gmt":"2013-01-05T20:50:03","slug":"cuarta-parte-la-oracion-cristiana","status":"publish","type":"page","link":"https:\/\/svsc.archimadrid.es\/?page_id=808","title":{"rendered":"Cuarta Parte: La Oraci\u00f3n Cristiana"},"content":{"rendered":"<p><a href=\"https:\/\/i0.wp.com\/arzmadrid.es\/svsc\/wp\/wp-content\/uploads\/2013\/01\/Peticion-de-Oracion-Cristiana.jpg\"><img data-recalc-dims=\"1\" loading=\"lazy\" decoding=\"async\" data-attachment-id=\"809\" data-permalink=\"https:\/\/svsc.archimadrid.es\/?attachment_id=809\" data-orig-file=\"https:\/\/i0.wp.com\/svsc.archimadrid.es\/wp-content\/uploads\/2013\/01\/Peticion-de-Oracion-Cristiana.jpg?fit=425%2C282&amp;ssl=1\" data-orig-size=\"425,282\" data-comments-opened=\"0\" data-image-meta=\"{&quot;aperture&quot;:&quot;3.5&quot;,&quot;credit&quot;:&quot;&quot;,&quot;camera&quot;:&quot;Canon EOS 40D&quot;,&quot;caption&quot;:&quot;&quot;,&quot;created_timestamp&quot;:&quot;1193775175&quot;,&quot;copyright&quot;:&quot;&quot;,&quot;focal_length&quot;:&quot;100&quot;,&quot;iso&quot;:&quot;100&quot;,&quot;shutter_speed&quot;:&quot;0.005&quot;,&quot;title&quot;:&quot;&quot;}\" data-image-title=\"Peticion de Oracion Cristiana\" data-image-description=\"\" data-image-caption=\"\" data-medium-file=\"https:\/\/i0.wp.com\/svsc.archimadrid.es\/wp-content\/uploads\/2013\/01\/Peticion-de-Oracion-Cristiana.jpg?fit=300%2C199&amp;ssl=1\" data-large-file=\"https:\/\/i0.wp.com\/svsc.archimadrid.es\/wp-content\/uploads\/2013\/01\/Peticion-de-Oracion-Cristiana.jpg?fit=425%2C282&amp;ssl=1\" class=\"aligncenter size-medium wp-image-809\" alt=\"Peticion de Oracion Cristiana\" src=\"https:\/\/i0.wp.com\/arzmadrid.es\/svsc\/wp\/wp-content\/uploads\/2013\/01\/Peticion-de-Oracion-Cristiana-300x199.jpg?resize=300%2C199\" width=\"300\" height=\"199\" srcset=\"https:\/\/i0.wp.com\/svsc.archimadrid.es\/wp-content\/uploads\/2013\/01\/Peticion-de-Oracion-Cristiana.jpg?resize=300%2C199&amp;ssl=1 300w, https:\/\/i0.wp.com\/svsc.archimadrid.es\/wp-content\/uploads\/2013\/01\/Peticion-de-Oracion-Cristiana.jpg?w=425&amp;ssl=1 425w\" sizes=\"auto, (max-width: 300px) 100vw, 300px\" \/><\/a><\/p>\n<h3 style=\"text-align: center;\"><strong><span style=\"color: #ff0000;\" data-mce-mark=\"1\"><a href=\"http:\/\/www.vatican.va\/archive\/catechism_sp\/index_sp.html\" target=\"_blank\"><span style=\"color: #ff0000;\" data-mce-mark=\"1\">CUARTA PARTE<\/span><\/a><\/span><\/strong><\/h3>\n<h3 style=\"text-align: center;\"><span style=\"color: #ff0000;\" data-mce-mark=\"1\"><strong><a href=\"http:\/\/www.vatican.va\/archive\/catechism_sp\/p4s1_sp.html\"><span style=\"color: #ff0000;\" data-mce-mark=\"1\">LA ORACI\u00d3N CRISTIANA<\/span><\/a><\/strong>\u00a0<\/span>(2558-2565)<\/h3>\n<h3 style=\"text-align: center;\"><span style=\"color: #ff0000;\" data-mce-mark=\"1\"><strong><a href=\"http:\/\/www.vatican.va\/archive\/catechism_sp\/p4s1_sp.html\"><span style=\"color: #ff0000;\" data-mce-mark=\"1\">PRIMERA SECCI\u00d3N: LA ORACI\u00d3N EN LA VIDA C<\/span><\/a><a href=\"http:\/\/www.vatican.va\/archive\/catechism_sp\/p4s1_sp.html\"><span style=\"color: #ff0000;\" data-mce-mark=\"1\">RISTIANA<\/span><\/a><\/strong><\/span><\/h3>\n<ul>\n<li><strong><a href=\"http:\/\/www.vatican.va\/archive\/catechism_sp\/p4s1_sp.html#%C2%BFQU%C3%89%20ES%20LA%20ORACI%C3%93N?\">\u00bfQu\u00e9 es la oraci\u00f3n?<\/a><\/strong><\/li>\n<\/ul>\n<h3 style=\"text-align: center;\"><span style=\"color: #ff6600;\" data-mce-mark=\"1\"><a href=\"http:\/\/www.vatican.va\/archive\/catechism_sp\/p4s1c1_sp.html\"><span style=\"color: #ff6600;\" data-mce-mark=\"1\">CAP\u00cdTULO PRIMERO:<br \/>\nLA REVELACI\u00d3N DE LA ORACI\u00d3N<\/span><\/a><\/span>\u00a0(2566-2567)<\/h3>\n<ul>\n<li><strong><a href=\"http:\/\/www.vatican.va\/archive\/catechism_sp\/p4s1c1_sp.html#La%20llamada%20universal%20a%20la%20oraci%C3%B3n\">Vocaci\u00f3n universal a la oraci\u00f3n<\/a><\/strong><\/li>\n<li><strong><a href=\"http:\/\/www.vatican.va\/archive\/catechism_sp\/p4s1c1a1_sp.html#ART%C3%8DCULO%201%20EN%20EL%20ANTIGUO%20TESTAMENTO\">Art\u00edculo 1: En el Antiguo Testamento<\/a><\/strong>\u00a0(2568-2597)<\/li>\n<\/ul>\n<ol>\n<li><a href=\"http:\/\/www.vatican.va\/archive\/catechism_sp\/p4s1c1a1_sp.html#Resumen\">Resumen<\/a><\/li>\n<\/ol>\n<ul>\n<li><strong><a href=\"http:\/\/www.vatican.va\/archive\/catechism_sp\/p4s1c1a2_sp.html\">Art\u00edculo 2: En la plenitud de los tiempos<\/a><\/strong>\u00a0(2598-2622)<\/li>\n<\/ul>\n<ol>\n<li><a href=\"http:\/\/www.vatican.va\/archive\/catechism_sp\/p4s1c1a2_sp.html#Resumen\">Resumen<\/a><\/li>\n<\/ol>\n<ul>\n<li><strong><a href=\"http:\/\/www.vatican.va\/archive\/catechism_sp\/p4s1c1a3_sp.html\">Art\u00edculo 3: En el tiempo de la Iglesia<\/a>\u00a0<\/strong>(2623-2649)<\/li>\n<\/ul>\n<ol>\n<li><a href=\"http:\/\/www.vatican.va\/archive\/catechism_sp\/p4s1c1a3_sp.html#I%20La%20bendici%C3%B3n%20y%20la%20adoraci%C3%B3n\">La bendici\u00f3n y la adoraci\u00f3n<\/a><\/li>\n<li><a href=\"http:\/\/www.vatican.va\/archive\/catechism_sp\/p4s1c1a3_sp.html#II%20La%20oraci%C3%B3n%20de%20petici%C3%B3n\">La oraci\u00f3n de petici\u00f3n<\/a><\/li>\n<li><a href=\"http:\/\/www.vatican.va\/archive\/catechism_sp\/p4s1c1a3_sp.html#III%20La%20oraci%C3%B3n%20de%20intercesi%C3%B3n\">La oraci\u00f3n de intercesi\u00f3n<\/a><\/li>\n<li><a href=\"http:\/\/www.vatican.va\/archive\/catechism_sp\/p4s1c1a3_sp.html#IV%20La%20oraci%C3%B3n%20de%20acci%C3%B3n%20de%20gracias\">La oraci\u00f3n de acci\u00f3n de gracias<\/a><\/li>\n<li><a href=\"http:\/\/www.vatican.va\/archive\/catechism_sp\/p4s1c1a3_sp.html#V%20La%20oraci%C3%B3n%20de%20alabanza\">La oraci\u00f3n de alabanza<\/a><\/li>\n<li><a href=\"http:\/\/www.vatican.va\/archive\/catechism_sp\/p4s1c1a3_sp.html#Resumen\">Resumen<\/a><\/li>\n<\/ol>\n<h3 style=\"text-align: center;\"><span style=\"color: #ff6600;\" data-mce-mark=\"1\"><a href=\"http:\/\/www.vatican.va\/archive\/catechism_sp\/p4s1c2_sp.html\"><span style=\"color: #ff6600;\" data-mce-mark=\"1\">CAP\u00cdTULO SEGUNDO:<br \/>\nLA TRADICI\u00d3N DE LA ORACI\u00d3N<\/span><\/a>\u00a0<\/span>(2650-2651)<\/h3>\n<ul>\n<li><strong><a href=\"http:\/\/www.vatican.va\/archive\/catechism_sp\/p4s1c2a1_sp.html\">Art\u00edculo 1: Fuentes de la oraci\u00f3n<\/a>\u00a0<\/strong>(2652-2662)<\/li>\n<\/ul>\n<ol>\n<li><a href=\"http:\/\/www.vatican.va\/archive\/catechism_sp\/p4s1c2a1_sp.html#Resumen\">Resumen<\/a><\/li>\n<\/ol>\n<ul>\n<li><strong><a href=\"http:\/\/www.vatican.va\/archive\/catechism_sp\/p4s1c2a2_sp.html\">Art\u00edculo 2: El camino de la oraci\u00f3n<\/a><\/strong>\u00a0(2663-2682)<\/li>\n<\/ul>\n<ol>\n<li><a href=\"http:\/\/www.vatican.va\/archive\/catechism_sp\/p4s1c2a2_sp.html#Resumen\">Resumen<\/a><\/li>\n<\/ol>\n<ul>\n<li><strong><a href=\"http:\/\/www.vatican.va\/archive\/catechism_sp\/p4s1c2a3_sp.html\">Art\u00edculo 3: Maestros de oraci\u00f3n<\/a><\/strong>\u00a0(2683-2696)<\/li>\n<\/ul>\n<ol>\n<li><a href=\"http:\/\/www.vatican.va\/archive\/catechism_sp\/p4s1c2a3_sp.html#Resumen\">Resumen<\/a><\/li>\n<\/ol>\n<h3 style=\"text-align: center;\"><span style=\"color: #ff6600;\" data-mce-mark=\"1\"><a href=\"http:\/\/www.vatican.va\/archive\/catechism_sp\/p4s1c3_sp.html\"><span style=\"color: #ff6600;\" data-mce-mark=\"1\">CAP\u00cdTULO TERCERO:<br \/>\nLA VIDA DE ORACI\u00d3N<\/span><\/a><\/span>\u00a0(2697-2699)<\/h3>\n<ul>\n<li><strong><a href=\"http:\/\/www.vatican.va\/archive\/catechism_sp\/p4s1c3a1_sp.html\">Art\u00edculo 1: Expresiones de la oraci\u00f3n<\/a><\/strong>\u00a0(2700-2724)<\/li>\n<\/ul>\n<ol>\n<li><a href=\"http:\/\/www.vatican.va\/archive\/catechism_sp\/p4s1c3a1_sp.html#I%20La%20oraci%C3%B3n%20vocal\">La oraci\u00f3n vocal<\/a><\/li>\n<li><a href=\"http:\/\/www.vatican.va\/archive\/catechism_sp\/p4s1c3a1_sp.html#II%20La%20meditaci%C3%B3n\">La meditaci\u00f3n<\/a><\/li>\n<li><a href=\"http:\/\/www.vatican.va\/archive\/catechism_sp\/p4s1c3a1_sp.html#III._La_oraci%C3%B3n_contemplativa\">La oraci\u00f3n contemplativa<\/a><\/li>\n<li><a href=\"http:\/\/www.vatican.va\/archive\/catechism_sp\/p4s1c3a1_sp.html#Resumen\">Resumen<\/a><\/li>\n<\/ol>\n<ul>\n<li><strong><a href=\"http:\/\/www.vatican.va\/archive\/catechism_sp\/p4s1c3a2_sp.html\">Art\u00edculo 2: El combate de la oraci\u00f3n<\/a><\/strong>\u00a0(2725-2758)<\/li>\n<\/ul>\n<ol>\n<li><a href=\"http:\/\/www.vatican.va\/archive\/catechism_sp\/p4s1c3a2_sp.html#I._Obst%C3%A1culos_para_la_oraci%C3%B3n\">Obst\u00e1culos para la oraci\u00f3n<\/a><\/li>\n<li><a href=\"http:\/\/www.vatican.va\/archive\/catechism_sp\/p4s1c3a2_sp.html#II._La_humilde_vigilancia_de_la_oraci%C3%B3n\">La humilde vigilancia de la oraci\u00f3n<\/a><\/li>\n<li><a href=\"http:\/\/www.vatican.va\/archive\/catechism_sp\/p4s1c3a2_sp.html#III%20La%20confianza%20filial\">La confianza filial<\/a><\/li>\n<li><a href=\"http:\/\/www.vatican.va\/archive\/catechism_sp\/p4s1c3a2_sp.html#IV%20Perseverar%20en%20el%20amor\">Perseverar en el amor<\/a><\/li>\n<\/ol>\n<ul>\n<li><strong><a href=\"http:\/\/www.vatican.va\/archive\/catechism_sp\/p4s1c3a2_sp.html#V%20La%20oraci%C3%B3n%20de%20la%20hora%20de%20Jes%C3%BAs\">La oraci\u00f3n de la Hora de Jes\u00fas<\/a><\/strong><\/li>\n<\/ul>\n<ol>\n<li><a href=\"http:\/\/www.vatican.va\/archive\/catechism_sp\/p4s1c3a2_sp.html#Resumen\">Resumen<\/a><\/li>\n<\/ol>\n<h3 style=\"text-align: center;\"><span style=\"color: #ff6600;\" data-mce-mark=\"1\"><strong><a href=\"http:\/\/www.vatican.va\/archive\/catechism_sp\/p4s2_sp.html\"><span style=\"color: #ff6600;\" data-mce-mark=\"1\">SEGUNDA SECCI\u00d3N:<br \/>\n<\/span><\/a><a href=\"http:\/\/www.vatican.va\/archive\/catechism_sp\/p4s2_sp.html\"><span style=\"color: #ff6600;\" data-mce-mark=\"1\">LA ORACI\u00d3N DEL SE\u00d1OR: \u00abPADRE NUESTRO\u00bb<\/span><\/a>\u00a0<\/strong><\/span>(2759-2760)<\/h3>\n<ul>\n<li><strong><a href=\"http:\/\/www.vatican.va\/archive\/catechism_sp\/p4s2a1_sp.html\">Art\u00edculo 1: \u00abResumen de todo el Evangelio\u00bb<\/a>\u00a0<\/strong>(2761-2776)<\/li>\n<\/ul>\n<ol>\n<li><a href=\"http:\/\/www.vatican.va\/archive\/catechism_sp\/p4s2a1_sp.html#I%20Coraz%C3%B3n%20de%20las%20Sagradas%20Escrituras\">Coraz\u00f3n de las Sagradas Escrituras<\/a><\/li>\n<li><a href=\"http:\/\/www.vatican.va\/archive\/catechism_sp\/p4s2a1_sp.html#II%20%22La%20oraci%C3%B3n%20del%20Se%C3%B1or%22\">\u00abLa oraci\u00f3n del Se\u00f1or\u00bb<\/a><\/li>\n<li><a href=\"http:\/\/www.vatican.va\/archive\/catechism_sp\/p4s2a1_sp.html#III%20Oraci%C3%B3n%20de%20la%20Iglesia\">Oraci\u00f3n de la Iglesia<\/a><\/li>\n<li><a href=\"http:\/\/www.vatican.va\/archive\/catechism_sp\/p4s2a1_sp.html#Resumen\">Resumen<\/a><\/li>\n<\/ol>\n<ul>\n<li><strong><a href=\"http:\/\/www.vatican.va\/archive\/catechism_sp\/p4s2a2_sp.html\">Art\u00edculo 2: \u00abPadre nuestro que est\u00e1s en el cielo\u00bb<\/a><\/strong>\u00a0(2777-2802)<\/li>\n<\/ul>\n<ol>\n<li><a href=\"http:\/\/www.vatican.va\/archive\/catechism_sp\/p4s2a2_sp.html#I%20Acercarse%20a%20%C3%89l%20con%20toda%20confianza\">Acercarse a \u00c9l con toda confianza<\/a><\/li>\n<li><a href=\"http:\/\/www.vatican.va\/archive\/catechism_sp\/p4s2a2_sp.html#II%20%22%C2%A1Padre%21%22\">\u00ab\u00a1Padre!\u00bb<\/a><\/li>\n<li><a href=\"http:\/\/www.vatican.va\/archive\/catechism_sp\/p4s2a2_sp.html#III%20Padre%20%22nuestro%22\">Padre \u00abnuestro\u00bb<\/a><\/li>\n<li><a href=\"http:\/\/www.vatican.va\/archive\/catechism_sp\/p4s2a2_sp.html#IV%20%22Que%20est%C3%A1s%20en%20el%20cielo%22\">\u00abQue est\u00e1s en el cielo\u00bb<\/a><\/li>\n<li><a href=\"http:\/\/www.vatican.va\/archive\/catechism_sp\/p4s2a2_sp.html#Resumen\">Resumen<\/a><\/li>\n<\/ol>\n<ul>\n<li><strong><a href=\"http:\/\/www.vatican.va\/archive\/catechism_sp\/p4s2a3_sp.html\">Art\u00edculo 3: Las siete peticiones<\/a>\u00a0<\/strong>(2803-2854)<\/li>\n<\/ul>\n<ol>\n<li><a href=\"http:\/\/www.vatican.va\/archive\/catechism_sp\/p4s2a3_sp.html#I%20Santificado%20sea%20tu%20nombre\">\u00abSantificado sea tu nombre\u00bb<\/a><\/li>\n<li><a href=\"http:\/\/www.vatican.va\/archive\/catechism_sp\/p4s2a3_sp.html#II%20Venga%20a%20nosotros%20tu%20reino\">\u00abVenga a nosotros tu reino\u00bb<\/a><\/li>\n<li><a href=\"http:\/\/www.vatican.va\/archive\/catechism_sp\/p4s2a3_sp.html#III%20H%C3%A1gase%20tu%20voluntad%20en%20la%20tierra%20como%20en%20el%20cielo\">\u00abH\u00e1gase tu voluntad en la tierra como en el cielo\u00bb<\/a><\/li>\n<li><a href=\"http:\/\/www.vatican.va\/archive\/catechism_sp\/p4s2a3_sp.html#IV%20Danos%20hoy%20nuestro%20pan%20de%20cada%20d%C3%ADa\">\u00abDanos hoy nuestro pan de cada d\u00eda\u00bb<\/a><\/li>\n<li><a href=\"http:\/\/www.vatican.va\/archive\/catechism_sp\/p4s2a3_sp.html#V%20Perdona%20nuestras%20ofensas%20como%20tambi%C3%A9n%20nosotros%20perdonamos%20a%20los%20que%20nos%20ofenden\">\u00abPerdona nuestras ofensas como tambi\u00e9n nosotros perdonamos a los que nos ofenden\u00bb<\/a><\/li>\n<li><a href=\"http:\/\/www.vatican.va\/archive\/catechism_sp\/p4s2a3_sp.html#VI%20No%20nos%20dejes%20caer%20en%20la%20tentaci%C3%B3n\">\u00abNo nos dejes caer en la tentaci\u00f3n\u00bb<\/a><\/li>\n<li><a href=\"http:\/\/www.vatican.va\/archive\/catechism_sp\/p4s2a3_sp.html#VII%20Y%20L%C3%ADbranos%20del%20mal\">\u00abY l\u00edbranos del mal\u00bb<\/a><\/li>\n<\/ol>\n<ul>\n<li><strong><a href=\"http:\/\/www.vatican.va\/archive\/catechism_sp\/p4s2a3_sp.html#LA_DOXOLOG%C3%8DA_FINAL_\">La doxolog\u00eda final<\/a>\u00a0\u00a0<\/strong><\/li>\n<\/ul>\n<ol>\n<li><a href=\"http:\/\/www.vatican.va\/archive\/catechism_sp\/p4s2a3_sp.html#Resumen\">Resumen<\/a><\/li>\n<\/ol>\n<div class=\"sharelinks\" style=\"\">\n\t<a title=\"Cuarta Parte: La Oraci\u00f3n Cristiana\" rel=\"nofollow\" target=\"_blank\" href=\"http:\/\/www.facebook.com\/sharer.php?u=https:\/\/svsc.archimadrid.es\/?page_id=808\"><img data-recalc-dims=\"1\" loading=\"lazy\" decoding=\"async\" width=\"56\" height=\"20\" alt=\"facebook\" src=\"https:\/\/i0.wp.com\/svsc.archimadrid.es\/wp-content\/plugins\/facebook-google-twitter-share\/images\/facebook.png?resize=56%2C20&#038;ssl=1\"><\/a>\n\t<a title=\"Cuarta Parte: La Oraci\u00f3n Cristiana\" rel=\"nofollow\" target=\"_blank\" href=\"https:\/\/plus.google.com\/share?url=https:\/\/svsc.archimadrid.es\/?page_id=808\"><img data-recalc-dims=\"1\" loading=\"lazy\" decoding=\"async\" width=\"60\" height=\"20\" alt=\"google plus\" src=\"https:\/\/i0.wp.com\/svsc.archimadrid.es\/wp-content\/plugins\/facebook-google-twitter-share\/images\/googleplus.png?resize=60%2C20&#038;ssl=1\"><\/a>\n\t<a title=\"Cuarta Parte: La Oraci\u00f3n Cristiana\" Nagar\" rel=\"nofollow\" target=\"_blank\" href=\"http:\/\/twitter.com\/home?status=Cuarta Parte: La Oraci\u00f3n Cristiana https:\/\/svsc.archimadrid.es\/?page_id=808\"><img data-recalc-dims=\"1\" loading=\"lazy\" decoding=\"async\" width=\"70\" height=\"20\" alt=\"twitter\" src=\"https:\/\/i0.wp.com\/svsc.archimadrid.es\/wp-content\/plugins\/facebook-google-twitter-share\/images\/twitter.png?resize=70%2C20&#038;ssl=1\"><\/a>\n\t<\/div>","protected":false},"excerpt":{"rendered":"<p>CUARTA PARTE LA ORACI\u00d3N CRISTIANA\u00a0(2558-2565) PRIMERA SECCI\u00d3N: LA ORACI\u00d3N EN LA VIDA CRISTIANA \u00bfQu\u00e9 es la oraci\u00f3n? CAP\u00cdTULO PRIMERO: LA REVELACI\u00d3N DE LA ORACI\u00d3N\u00a0(2566-2567) Vocaci\u00f3n universal a la oraci\u00f3n Art\u00edculo 1: En el Antiguo Testamento\u00a0(2568-2597) Resumen Art\u00edculo 2: En la plenitud de los tiempos\u00a0(2598-2622) Resumen Art\u00edculo 3: En el tiempo de la Iglesia\u00a0(2623-2649) La bendici\u00f3n &hellip; <\/p>\n<p><a class=\"more-link btn\" href=\"https:\/\/svsc.archimadrid.es\/?page_id=808\">Seguir leyendo<\/a><\/p>\n","protected":false},"author":4,"featured_media":809,"parent":753,"menu_order":7,"comment_status":"closed","ping_status":"closed","template":"","meta":{"jetpack_post_was_ever_published":false,"footnotes":""},"class_list":["post-808","page","type-page","status-publish","has-post-thumbnail","hentry","nodate","item-wrap"],"jetpack_shortlink":"https:\/\/wp.me\/P2YM3J-d2","jetpack_sharing_enabled":true,"jetpack_likes_enabled":false,"_links":{"self":[{"href":"https:\/\/svsc.archimadrid.es\/index.php?rest_route=\/wp\/v2\/pages\/808","targetHints":{"allow":["GET"]}}],"collection":[{"href":"https:\/\/svsc.archimadrid.es\/index.php?rest_route=\/wp\/v2\/pages"}],"about":[{"href":"https:\/\/svsc.archimadrid.es\/index.php?rest_route=\/wp\/v2\/types\/page"}],"author":[{"embeddable":true,"href":"https:\/\/svsc.archimadrid.es\/index.php?rest_route=\/wp\/v2\/users\/4"}],"replies":[{"embeddable":true,"href":"https:\/\/svsc.archimadrid.es\/index.php?rest_route=%2Fwp%2Fv2%2Fcomments&post=808"}],"version-history":[{"count":2,"href":"https:\/\/svsc.archimadrid.es\/index.php?rest_route=\/wp\/v2\/pages\/808\/revisions"}],"predecessor-version":[{"id":811,"href":"https:\/\/svsc.archimadrid.es\/index.php?rest_route=\/wp\/v2\/pages\/808\/revisions\/811"}],"up":[{"embeddable":true,"href":"https:\/\/svsc.archimadrid.es\/index.php?rest_route=\/wp\/v2\/pages\/753"}],"wp:featuredmedia":[{"embeddable":true,"href":"https:\/\/svsc.archimadrid.es\/index.php?rest_route=\/wp\/v2\/media\/809"}],"wp:attachment":[{"href":"https:\/\/svsc.archimadrid.es\/index.php?rest_route=%2Fwp%2Fv2%2Fmedia&parent=808"}],"curies":[{"name":"wp","href":"https:\/\/api.w.org\/{rel}","templated":true}]}}