{"id":896,"date":"2013-01-08T14:18:11","date_gmt":"2013-01-08T13:18:11","guid":{"rendered":"http:\/\/arzmadrid.es\/svsc\/wp\/?page_id=896"},"modified":"2013-01-08T14:18:39","modified_gmt":"2013-01-08T13:18:39","slug":"proemio","status":"publish","type":"page","link":"https:\/\/svsc.archimadrid.es\/?page_id=896","title":{"rendered":"Proemio"},"content":{"rendered":"<h1 align=\"center\"><span style=\"color: #800080;\"><b>PROEMIO<\/b><\/span><\/h1>\n<p><a href=\"https:\/\/i0.wp.com\/arzmadrid.es\/svsc\/wp\/wp-content\/uploads\/2013\/01\/Botafumeiro.jpg\"><img data-recalc-dims=\"1\" loading=\"lazy\" decoding=\"async\" data-attachment-id=\"894\" data-permalink=\"https:\/\/svsc.archimadrid.es\/?attachment_id=894\" data-orig-file=\"https:\/\/i0.wp.com\/svsc.archimadrid.es\/wp-content\/uploads\/2013\/01\/Botafumeiro.jpg?fit=525%2C370&amp;ssl=1\" data-orig-size=\"525,370\" data-comments-opened=\"0\" data-image-meta=\"{&quot;aperture&quot;:&quot;0&quot;,&quot;credit&quot;:&quot;&quot;,&quot;camera&quot;:&quot;&quot;,&quot;caption&quot;:&quot;&quot;,&quot;created_timestamp&quot;:&quot;0&quot;,&quot;copyright&quot;:&quot;&quot;,&quot;focal_length&quot;:&quot;0&quot;,&quot;iso&quot;:&quot;0&quot;,&quot;shutter_speed&quot;:&quot;0&quot;,&quot;title&quot;:&quot;&quot;}\" data-image-title=\"Botafumeiro\" data-image-description=\"\" data-image-caption=\"\" data-medium-file=\"https:\/\/i0.wp.com\/svsc.archimadrid.es\/wp-content\/uploads\/2013\/01\/Botafumeiro.jpg?fit=300%2C211&amp;ssl=1\" data-large-file=\"https:\/\/i0.wp.com\/svsc.archimadrid.es\/wp-content\/uploads\/2013\/01\/Botafumeiro.jpg?fit=525%2C370&amp;ssl=1\" class=\"alignleft  wp-image-894\" alt=\"Botafumeiro\" src=\"https:\/\/i0.wp.com\/arzmadrid.es\/svsc\/wp\/wp-content\/uploads\/2013\/01\/Botafumeiro-150x150.jpg?resize=110%2C110\" width=\"110\" height=\"110\" srcset=\"https:\/\/i0.wp.com\/svsc.archimadrid.es\/wp-content\/uploads\/2013\/01\/Botafumeiro.jpg?resize=150%2C150&amp;ssl=1 150w, https:\/\/i0.wp.com\/svsc.archimadrid.es\/wp-content\/uploads\/2013\/01\/Botafumeiro.jpg?zoom=2&amp;resize=110%2C110 220w, https:\/\/i0.wp.com\/svsc.archimadrid.es\/wp-content\/uploads\/2013\/01\/Botafumeiro.jpg?zoom=3&amp;resize=110%2C110 330w\" sizes=\"auto, (max-width: 110px) 100vw, 110px\" \/><\/a>1. Este sacrosanto Concilio se propone acrecentar de d\u00eda en d\u00eda entre los fieles la vida cristiana, adaptar mejor a las necesidades de nuestro tiempo las instituciones que est\u00e1n sujetas a cambio, promover todo aquello que pueda contribuir a la uni\u00f3n de cuantos creen en Jesucristo y fortalecer lo que sirve para invitar a todos los hombres al seno de la Iglesia. Por eso cree que le corresponde de un modo particular proveer a la reforma y al fomento de la Liturgia.<\/p>\n<p>&nbsp;<\/p>\n<h2><span style=\"color: #800080;\"><b><i>La Liturgia en el misterio de la Iglesia<\/i><\/b><\/span><\/h2>\n<p>2. En efecto, la Liturgia, por cuyo medio \u00abse ejerce la obra de nuestra Redenci\u00f3n\u00bb, sobre todo en el divino sacrificio de la Eucarist\u00eda, contribuye en sumo grado a que los fieles expresen en su vida, y manifiesten a los dem\u00e1s, el misterio de Cristo y la naturaleza aut\u00e9ntica de la verdadera Iglesia. Es caracter\u00edstico de la Iglesia ser, a la vez, humana y divina, visible y dotada de elementos invisibles, entregada a la acci\u00f3n y dada a la contemplaci\u00f3n, presente en el mundo y, sin embargo, peregrina; y todo esto de suerte que en ella lo humano est\u00e9 ordenado y subordinado a lo divino, lo visible a lo invisible, la acci\u00f3n a la contemplaci\u00f3n y lo presente a la ciudad futura que buscamos. Por eso, al edificar d\u00eda a d\u00eda a los que est\u00e1n dentro para ser templo santo en el Se\u00f1or y morada de Dios en el Esp\u00edritu, hasta llegar a la medida de la plenitud de la edad de Cristo, la Liturgia robustece tambi\u00e9n admirablemente sus fuerzas para predicar a Cristo y presenta as\u00ed la Iglesia, a los que est\u00e1n fuera, como signo levantado en medio de las naciones, para que, bajo de \u00e9l, se congreguen en la unidad los hijos de Dios que est\u00e1n dispersos, hasta que haya un solo reba\u00f1o y un solo pastor.<\/p>\n<h2><span style=\"color: #800080;\"><b><i>Liturgia y ritos<\/i><\/b><\/span><\/h2>\n<p>3. Por lo cual, el sacrosanto concilio estima que han de tenerse en cuenta los principios siguientes, y que se deben establecer algunas normas pr\u00e1cticas en orden al fomento y reforma de la Liturgia. Entre estos principios y normas hay algunos que pueden y deben aplicarse lo mismo al rito romano que a los dem\u00e1s ritos. Sin embargo, se ha de entender que las normas pr\u00e1cticas que siguen se refieren s\u00f3lo al rito romano, cuando no se trata de cosas que, por su misma naturaleza, afectan tambi\u00e9n a los dem\u00e1s ritos.<\/p>\n<p>4. Por \u00faltimo, el sacrosanto Concilio, ateni\u00e9ndose fielmente a la tradici\u00f3n, declara que la Santa Madre Iglesia atribuye igual derecho y honor a todos los ritos leg\u00edtimamente reconocidos y quiere que en el futuro se conserven y fomenten por todos los medios. Desea, adem\u00e1s, que, si fuere necesario, sean \u00edntegramente revisados con prudencia, de acuerdo con la sana tradici\u00f3n, y reciban nuevo vigor, teniendo en cuenta las circunstancias y necesidades de hoy.<\/p>\n<div class=\"sharelinks\" style=\"\">\n\t<a title=\"Proemio\" rel=\"nofollow\" target=\"_blank\" href=\"http:\/\/www.facebook.com\/sharer.php?u=https:\/\/svsc.archimadrid.es\/?page_id=896\"><img data-recalc-dims=\"1\" loading=\"lazy\" decoding=\"async\" width=\"56\" height=\"20\" alt=\"facebook\" src=\"https:\/\/i0.wp.com\/svsc.archimadrid.es\/wp-content\/plugins\/facebook-google-twitter-share\/images\/facebook.png?resize=56%2C20&#038;ssl=1\"><\/a>\n\t<a title=\"Proemio\" rel=\"nofollow\" target=\"_blank\" href=\"https:\/\/plus.google.com\/share?url=https:\/\/svsc.archimadrid.es\/?page_id=896\"><img data-recalc-dims=\"1\" loading=\"lazy\" decoding=\"async\" width=\"60\" height=\"20\" alt=\"google plus\" src=\"https:\/\/i0.wp.com\/svsc.archimadrid.es\/wp-content\/plugins\/facebook-google-twitter-share\/images\/googleplus.png?resize=60%2C20&#038;ssl=1\"><\/a>\n\t<a title=\"Proemio\" Nagar\" rel=\"nofollow\" target=\"_blank\" href=\"http:\/\/twitter.com\/home?status=Proemio https:\/\/svsc.archimadrid.es\/?page_id=896\"><img data-recalc-dims=\"1\" loading=\"lazy\" decoding=\"async\" width=\"70\" height=\"20\" alt=\"twitter\" src=\"https:\/\/i0.wp.com\/svsc.archimadrid.es\/wp-content\/plugins\/facebook-google-twitter-share\/images\/twitter.png?resize=70%2C20&#038;ssl=1\"><\/a>\n\t<\/div>","protected":false},"excerpt":{"rendered":"<p>PROEMIO 1. Este sacrosanto Concilio se propone acrecentar de d\u00eda en d\u00eda entre los fieles la vida cristiana, adaptar mejor a las necesidades de nuestro tiempo las instituciones que est\u00e1n sujetas a cambio, promover todo aquello que pueda contribuir a la uni\u00f3n de cuantos creen en Jesucristo y fortalecer lo que sirve para invitar a &hellip; <\/p>\n<p><a class=\"more-link btn\" href=\"https:\/\/svsc.archimadrid.es\/?page_id=896\">Seguir leyendo<\/a><\/p>\n","protected":false},"author":4,"featured_media":894,"parent":893,"menu_order":1,"comment_status":"closed","ping_status":"closed","template":"","meta":{"jetpack_post_was_ever_published":false,"footnotes":""},"class_list":["post-896","page","type-page","status-publish","has-post-thumbnail","hentry","nodate","item-wrap"],"jetpack_shortlink":"https:\/\/wp.me\/P2YM3J-es","jetpack_sharing_enabled":true,"jetpack_likes_enabled":false,"_links":{"self":[{"href":"https:\/\/svsc.archimadrid.es\/index.php?rest_route=\/wp\/v2\/pages\/896","targetHints":{"allow":["GET"]}}],"collection":[{"href":"https:\/\/svsc.archimadrid.es\/index.php?rest_route=\/wp\/v2\/pages"}],"about":[{"href":"https:\/\/svsc.archimadrid.es\/index.php?rest_route=\/wp\/v2\/types\/page"}],"author":[{"embeddable":true,"href":"https:\/\/svsc.archimadrid.es\/index.php?rest_route=\/wp\/v2\/users\/4"}],"replies":[{"embeddable":true,"href":"https:\/\/svsc.archimadrid.es\/index.php?rest_route=%2Fwp%2Fv2%2Fcomments&post=896"}],"version-history":[{"count":2,"href":"https:\/\/svsc.archimadrid.es\/index.php?rest_route=\/wp\/v2\/pages\/896\/revisions"}],"predecessor-version":[{"id":898,"href":"https:\/\/svsc.archimadrid.es\/index.php?rest_route=\/wp\/v2\/pages\/896\/revisions\/898"}],"up":[{"embeddable":true,"href":"https:\/\/svsc.archimadrid.es\/index.php?rest_route=\/wp\/v2\/pages\/893"}],"wp:featuredmedia":[{"embeddable":true,"href":"https:\/\/svsc.archimadrid.es\/index.php?rest_route=\/wp\/v2\/media\/894"}],"wp:attachment":[{"href":"https:\/\/svsc.archimadrid.es\/index.php?rest_route=%2Fwp%2Fv2%2Fmedia&parent=896"}],"curies":[{"name":"wp","href":"https:\/\/api.w.org\/{rel}","templated":true}]}}