{"id":95,"date":"2012-11-20T13:33:22","date_gmt":"2012-11-20T12:33:22","guid":{"rendered":"http:\/\/arzmadrid.es\/svsc\/wp\/?page_id=95"},"modified":"2024-02-29T17:52:46","modified_gmt":"2024-02-29T16:52:46","slug":"bautismo","status":"publish","type":"page","link":"https:\/\/svsc.archimadrid.es\/?page_id=95","title":{"rendered":"Bautismo"},"content":{"rendered":"<p><img data-recalc-dims=\"1\" loading=\"lazy\" decoding=\"async\" data-attachment-id=\"100\" data-permalink=\"https:\/\/svsc.archimadrid.es\/?attachment_id=100\" data-orig-file=\"https:\/\/i0.wp.com\/svsc.archimadrid.es\/wp-content\/uploads\/2012\/11\/bautismo1.jpg?fit=640%2C480&amp;ssl=1\" data-orig-size=\"640,480\" data-comments-opened=\"0\" data-image-meta=\"{&quot;aperture&quot;:&quot;0&quot;,&quot;credit&quot;:&quot;&quot;,&quot;camera&quot;:&quot;&quot;,&quot;caption&quot;:&quot;&quot;,&quot;created_timestamp&quot;:&quot;0&quot;,&quot;copyright&quot;:&quot;&quot;,&quot;focal_length&quot;:&quot;0&quot;,&quot;iso&quot;:&quot;0&quot;,&quot;shutter_speed&quot;:&quot;0&quot;,&quot;title&quot;:&quot;&quot;}\" data-image-title=\"bautismo1\" data-image-description=\"\" data-image-caption=\"\" data-medium-file=\"https:\/\/i0.wp.com\/svsc.archimadrid.es\/wp-content\/uploads\/2012\/11\/bautismo1.jpg?fit=300%2C225&amp;ssl=1\" data-large-file=\"https:\/\/i0.wp.com\/svsc.archimadrid.es\/wp-content\/uploads\/2012\/11\/bautismo1.jpg?fit=640%2C480&amp;ssl=1\" class=\"size-medium wp-image-100 alignleft\" style=\"color: #333333; font-style: normal; line-height: 24px;\" title=\"bautismo1\" src=\"https:\/\/i0.wp.com\/arzmadrid.es\/svsc\/wp\/wp-content\/uploads\/2012\/11\/bautismo1-300x225.jpg?resize=300%2C225\" alt=\"\" width=\"300\" height=\"225\" srcset=\"https:\/\/i0.wp.com\/svsc.archimadrid.es\/wp-content\/uploads\/2012\/11\/bautismo1.jpg?resize=300%2C225&amp;ssl=1 300w, https:\/\/i0.wp.com\/svsc.archimadrid.es\/wp-content\/uploads\/2012\/11\/bautismo1.jpg?resize=400%2C300&amp;ssl=1 400w, https:\/\/i0.wp.com\/svsc.archimadrid.es\/wp-content\/uploads\/2012\/11\/bautismo1.jpg?w=640&amp;ssl=1 640w\" sizes=\"auto, (max-width: 300px) 100vw, 300px\" \/><\/p>\n<p style=\"text-align: left;\">El Bautismo perdona el pecado original, todos los pecados personales y todas las penas debidas al pecado; hace participar de la vida divina trinitaria mediante la gracia santificante, la gracia de la justificaci\u00f3n que incorpora a Cristo y a su Iglesia; hace participar del sacerdocio de Cristo y constituye el fundamento de la comuni\u00f3n con los dem\u00e1s cristianos; otorga las virtudes teologales y los dones del Esp\u00edritu Santo. El bautizado pertenece para siempre a Cristo: en efecto, queda marcado con el sello indeleble de Cristo (car\u00e1cter).<\/p>\n<p style=\"text-align: left;\"><!--more-->En la parroquia de\u00a0<strong>San Valent\u00edn y San Casimiro<\/strong> se administra el Bautismo\u00a0<em>el 1\u00ba s\u00e1bado de mes a las 12.00 hs. y el 3\u00ba s\u00e1bado a las 17.30 hs<\/em><\/p>\n<div>\n<p>Las familias que no residan en la demarcaci\u00f3n parroquial deben pedir en sus parroquias un visto bueno del p\u00e1rroco correspondiente para la celebraci\u00f3n del bautismo en San Valent\u00edn y San Casimiro.<\/p>\n<p>Los padres de los ni\u00f1os que van a ser bautizados cumplimentar\u00e1n una\u00a0<strong>solicitud de Bautismo<\/strong><strong>\u00a0<\/strong>que pueden pedir en el\u00a0<strong>Despacho Parroquial <\/strong>cuando soliciten la fecha del Bautismo. As\u00ed mismo pap\u00e1s y padrinos deber\u00e1n participar de la charla<strong>\u00a0pre-bautismal<\/strong>\u00a0cuyas fechas les indicaremos al realizar la solicitud de Bautismo.<\/p>\n<p>Aquellos\u00a0<strong>adultos y ni\u00f1os mayores de 7 a\u00f1os<\/strong>\u00a0por favor consulta en horario de Despacho Parroquial.<\/p>\n<\/div>\n<div class=\"sharelinks\" style=\"\">\n\t<a title=\"Bautismo\" rel=\"nofollow\" target=\"_blank\" href=\"http:\/\/www.facebook.com\/sharer.php?u=https:\/\/svsc.archimadrid.es\/?page_id=95\"><img data-recalc-dims=\"1\" loading=\"lazy\" decoding=\"async\" width=\"56\" height=\"20\" alt=\"facebook\" src=\"https:\/\/i0.wp.com\/svsc.archimadrid.es\/wp-content\/plugins\/facebook-google-twitter-share\/images\/facebook.png?resize=56%2C20&#038;ssl=1\"><\/a>\n\t<a title=\"Bautismo\" rel=\"nofollow\" target=\"_blank\" href=\"https:\/\/plus.google.com\/share?url=https:\/\/svsc.archimadrid.es\/?page_id=95\"><img data-recalc-dims=\"1\" loading=\"lazy\" decoding=\"async\" width=\"60\" height=\"20\" alt=\"google plus\" src=\"https:\/\/i0.wp.com\/svsc.archimadrid.es\/wp-content\/plugins\/facebook-google-twitter-share\/images\/googleplus.png?resize=60%2C20&#038;ssl=1\"><\/a>\n\t<a title=\"Bautismo\" Nagar\" rel=\"nofollow\" target=\"_blank\" href=\"http:\/\/twitter.com\/home?status=Bautismo https:\/\/svsc.archimadrid.es\/?page_id=95\"><img data-recalc-dims=\"1\" loading=\"lazy\" decoding=\"async\" width=\"70\" height=\"20\" alt=\"twitter\" src=\"https:\/\/i0.wp.com\/svsc.archimadrid.es\/wp-content\/plugins\/facebook-google-twitter-share\/images\/twitter.png?resize=70%2C20&#038;ssl=1\"><\/a>\n\t<\/div>","protected":false},"excerpt":{"rendered":"<p>El Bautismo perdona el pecado original, todos los pecados personales y todas las penas debidas al pecado; hace participar de la vida divina trinitaria mediante la gracia santificante, la gracia de la justificaci\u00f3n que incorpora a Cristo y a su Iglesia; hace participar del sacerdocio de Cristo y constituye el fundamento de la comuni\u00f3n con &hellip; <\/p>\n<p><a class=\"more-link btn\" href=\"https:\/\/svsc.archimadrid.es\/?page_id=95\">Seguir leyendo<\/a><\/p>\n","protected":false},"author":4,"featured_media":0,"parent":24,"menu_order":1,"comment_status":"closed","ping_status":"closed","template":"","meta":{"jetpack_post_was_ever_published":false,"footnotes":""},"class_list":["post-95","page","type-page","status-publish","hentry","nodate","item-wrap"],"jetpack_shortlink":"https:\/\/wp.me\/P2YM3J-1x","jetpack_sharing_enabled":true,"jetpack_likes_enabled":false,"_links":{"self":[{"href":"https:\/\/svsc.archimadrid.es\/index.php?rest_route=\/wp\/v2\/pages\/95","targetHints":{"allow":["GET"]}}],"collection":[{"href":"https:\/\/svsc.archimadrid.es\/index.php?rest_route=\/wp\/v2\/pages"}],"about":[{"href":"https:\/\/svsc.archimadrid.es\/index.php?rest_route=\/wp\/v2\/types\/page"}],"author":[{"embeddable":true,"href":"https:\/\/svsc.archimadrid.es\/index.php?rest_route=\/wp\/v2\/users\/4"}],"replies":[{"embeddable":true,"href":"https:\/\/svsc.archimadrid.es\/index.php?rest_route=%2Fwp%2Fv2%2Fcomments&post=95"}],"version-history":[{"count":21,"href":"https:\/\/svsc.archimadrid.es\/index.php?rest_route=\/wp\/v2\/pages\/95\/revisions"}],"predecessor-version":[{"id":7498,"href":"https:\/\/svsc.archimadrid.es\/index.php?rest_route=\/wp\/v2\/pages\/95\/revisions\/7498"}],"up":[{"embeddable":true,"href":"https:\/\/svsc.archimadrid.es\/index.php?rest_route=\/wp\/v2\/pages\/24"}],"wp:attachment":[{"href":"https:\/\/svsc.archimadrid.es\/index.php?rest_route=%2Fwp%2Fv2%2Fmedia&parent=95"}],"curies":[{"name":"wp","href":"https:\/\/api.w.org\/{rel}","templated":true}]}}