{"id":958,"date":"2013-01-15T11:37:45","date_gmt":"2013-01-15T10:37:45","guid":{"rendered":"http:\/\/arzmadrid.es\/svsc\/wp\/?page_id=958"},"modified":"2013-01-15T11:37:45","modified_gmt":"2013-01-15T10:37:45","slug":"capitulo-ii-el-misterio-de-la-eucaristia","status":"publish","type":"page","link":"https:\/\/svsc.archimadrid.es\/?page_id=958","title":{"rendered":"Cap\u00edtulo II: El Misterio de la Eucarist\u00eda"},"content":{"rendered":"<h1 align=\"center\"><span style=\"color: #800080;\" data-mce-mark=\"1\"><b>CAP\u00cdTULO II:\u00a0<\/b><b>EL SACROSANTO MISTERIO DE LA EUCARIST\u00cdA<\/b><\/span><\/h1>\n<p><a href=\"https:\/\/i0.wp.com\/arzmadrid.es\/svsc\/wp\/wp-content\/uploads\/2013\/01\/santisimo2.jpg\"><img data-recalc-dims=\"1\" loading=\"lazy\" decoding=\"async\" data-attachment-id=\"961\" data-permalink=\"https:\/\/svsc.archimadrid.es\/?attachment_id=961\" data-orig-file=\"https:\/\/i0.wp.com\/svsc.archimadrid.es\/wp-content\/uploads\/2013\/01\/santisimo2.jpg?fit=313%2C297&amp;ssl=1\" data-orig-size=\"313,297\" data-comments-opened=\"0\" data-image-meta=\"{&quot;aperture&quot;:&quot;2.7&quot;,&quot;credit&quot;:&quot;&quot;,&quot;camera&quot;:&quot;E990&quot;,&quot;caption&quot;:&quot;&quot;,&quot;created_timestamp&quot;:&quot;&quot;,&quot;copyright&quot;:&quot;&quot;,&quot;focal_length&quot;:&quot;10.7&quot;,&quot;iso&quot;:&quot;100&quot;,&quot;shutter_speed&quot;:&quot;0.01984126984127&quot;,&quot;title&quot;:&quot;&quot;}\" data-image-title=\"santisimo2\" data-image-description=\"\" data-image-caption=\"\" data-medium-file=\"https:\/\/i0.wp.com\/svsc.archimadrid.es\/wp-content\/uploads\/2013\/01\/santisimo2.jpg?fit=300%2C284&amp;ssl=1\" data-large-file=\"https:\/\/i0.wp.com\/svsc.archimadrid.es\/wp-content\/uploads\/2013\/01\/santisimo2.jpg?fit=313%2C297&amp;ssl=1\" class=\"aligncenter size-medium wp-image-961\" alt=\"santisimo2\" src=\"https:\/\/i0.wp.com\/arzmadrid.es\/svsc\/wp\/wp-content\/uploads\/2013\/01\/santisimo2-300x284.jpg?resize=300%2C284\" width=\"300\" height=\"284\" srcset=\"https:\/\/i0.wp.com\/svsc.archimadrid.es\/wp-content\/uploads\/2013\/01\/santisimo2.jpg?resize=300%2C284&amp;ssl=1 300w, https:\/\/i0.wp.com\/svsc.archimadrid.es\/wp-content\/uploads\/2013\/01\/santisimo2.jpg?w=313&amp;ssl=1 313w\" sizes=\"auto, (max-width: 300px) 100vw, 300px\" \/><\/a><\/p>\n<h3><span style=\"color: #800080;\" data-mce-mark=\"1\"><b><i>Misterio pascual<\/i><\/b><\/span><\/h3>\n<p>47. Nuestro Salvador, en la \u00daltima Cena, la noche que le traicionaban, instituy\u00f3 el Sacrificio Eucar\u00edstico de su Cuerpo y Sangre, con lo cual iba a perpetuar por los siglos, hasta su vuelta, el Sacrificio de la Cruz y a confiar a su Esposa, la Iglesia, el Memorial de su Muerte y Resurrecci\u00f3n: sacramento de piedad, signo de unidad, v\u00ednculo de caridad, banquete pascual, en el cual se come a Cristo, el alma se llena de gracia y se nos da una prenda de la gloria venidera.<\/p>\n<h3><span style=\"color: #800080;\" data-mce-mark=\"1\"><b><i>Participaci\u00f3n activa de los fieles<\/i><\/b><\/span><\/h3>\n<p>48. Por tanto, la Iglesia, con sol\u00edcito cuidado, procura que los cristianos no asistan a este misterio de fe como extra\u00f1os y mudos espectadores, sino que comprendi\u00e9ndolo bien a trav\u00e9s de los ritos y oraciones, participen conscientes, piadosa y activamente en la acci\u00f3n sagrada, sean instruidos con la palabra de Dios, se fortalezcan en la mesa del Cuerpo del Se\u00f1or, den gracias a Dios, aprendan a ofrecerse a s\u00ed mismos al ofrecer la hostia inmaculada no s\u00f3lo por manos del sacerdote, sino juntamente con \u00e9l, se perfeccionen d\u00eda a d\u00eda por Cristo mediador en la uni\u00f3n con Dios y entre s\u00ed, para que, finalmente, Dios sea todo en todos.<\/p>\n<p>49. Por consiguiente, para que el sacrificio de la Misa, aun por la forma de los ritos alcance plena eficacia pastoral, el sacrosanto Concilio, teniendo en cuanta las Misas que se celebran con asistencia del pueblo, especialmente los domingos y fiestas de precepto, decreta lo siguiente:<\/p>\n<h3><span style=\"color: #800080;\" data-mce-mark=\"1\"><b><i>Revisi\u00f3n del Ordinario de la Misa<\/i><\/b><\/span><\/h3>\n<p>50. Rev\u00edsese el ordinario de la misa, de modo que se manifieste con mayor claridad el sentido propio de cada una de las partes y su mutua conexi\u00f3n y se haga m\u00e1s f\u00e1cil la piadosa y activa participaci\u00f3n de los fieles.<\/p>\n<p>En consecuencia, simplif\u00edquense los ritos, conservando con cuidado la sustancia; supr\u00edmanse aquellas cosas menos \u00fatiles que, con el correr del tiempo, se han duplicado o a\u00f1adido; restabl\u00e9zcanse, en cambio, de acuerdo con la primitiva norma de los Santos Padres, algunas cosas que han desaparecido con el tiempo, seg\u00fan se estime conveniente o necesario.<\/p>\n<h3><span style=\"color: #800080;\" data-mce-mark=\"1\"><b><i>Mayor riqueza b\u00edblica en el misal<\/i><\/b><\/span><\/h3>\n<p>51. A fin de que la mesa de la palabra de Dios se prepare con m\u00e1s abundancia para los fieles \u00e1branse con mayor amplitud los tesoros de la Biblia, de modo que, en un per\u00edodo determinado de a\u00f1os, se lean al pueblo las partes m\u00e1s significativas de la Sagrada Escritura.<\/p>\n<h3><span style=\"color: #800080;\" data-mce-mark=\"1\"><b><i>Se recomienda la homil\u00eda<\/i><\/b><\/span><\/h3>\n<p>52. Se recomienda encarecidamente, como parte de la misma Liturgia, la homil\u00eda, en la cual se exponen durante el ciclo del a\u00f1o lit\u00fargico, a partir de los textos sagrados, los misterios de la fe y las normas de la vida cristiana. M\u00e1s a\u00fan, en las Misas que se celebran los domingos y fiestas de precepto, con asistencia del pueblo, nunca se omita si no es por causa grave.<\/p>\n<h3><span style=\"color: #800080;\" data-mce-mark=\"1\"><b><i>\u00abOraci\u00f3n de los fieles\u00bb<\/i><\/b><\/span><\/h3>\n<p>53. Restabl\u00e9zcase la \u00aboraci\u00f3n com\u00fan\u00bb o de los fieles despu\u00e9s del Evangelio y la homil\u00eda, principalmente los domingos y fiestas de precepto, para que con la participaci\u00f3n del pueblo se hagan s\u00faplicas por la santa Iglesia, por los gobernantes, por los que sufren cualquier necesidad, por todos los hombres y por la salvaci\u00f3n del mundo entero.<\/p>\n<h3><span style=\"color: #800080;\" data-mce-mark=\"1\"><b><i>Lengua vern\u00e1cula y lat\u00edn<\/i><\/b><\/span><\/h3>\n<p>54. En las Misas celebradas con asistencia del pueblo puede darse el lugar debido a la lengua vern\u00e1cula, principalmente en las lecturas y en la \u00aboraci\u00f3n com\u00fan\u00bb y, seg\u00fan las circunstancias del lugar, tambi\u00e9n en las partes que corresponden al pueblo, a tenor del art\u00edculo 36 de esta Constituci\u00f3n.<\/p>\n<p>Proc\u00farese, sin embargo, que los fieles sean capaces tambi\u00e9n de recitar o cantar juntos en lat\u00edn las partes del ordinario de la Misa que les corresponde.<\/p>\n<p>Si en alg\u00fan sitio parece oportuno el uso m\u00e1s amplio de la lengua vern\u00e1cula, c\u00famplase lo prescrito en el art\u00edculo 40 de esta Constituci\u00f3n.<\/p>\n<h3><span style=\"color: #800080;\" data-mce-mark=\"1\"><b><i>Comuni\u00f3n bajo ambas especies<\/i><\/b><\/span><\/h3>\n<p>55. Se recomienda especialmente la participaci\u00f3n m\u00e1s perfecta en la misa, la cual consiste en que los fieles, despu\u00e9s de la comuni\u00f3n del sacerdote, reciban del mismo sacrificio el Cuerpo del Se\u00f1or. Manteniendo firmes los principios dogm\u00e1ticos declarados por el Concilio de Trento, la comuni\u00f3n bajo ambas especies puede concederse en los casos que la Sede Apost\u00f3lica determine, tanto a los cl\u00e9rigos y religiosos como a los laicos, a juicio de los Obispos, como, por ejemplo, a los ordenados, en la Misa de su sagrada ordenaci\u00f3n; a los profesos, en la Misa de su profesi\u00f3n religiosa; a los ne\u00f3fitos, en la Misa que sigue al bautismo.<\/p>\n<h3><span style=\"color: #800080;\" data-mce-mark=\"1\"><b><i>Unidad de la Misa<\/i><\/b><\/span><\/h3>\n<p>56. Las dos partes de que costa la Misa, a saber: la Liturgia de la palabra y la Eucarist\u00eda, est\u00e1n tan \u00edntimamente unidas que constituyen un solo acto de culto. Por esto el Sagrado S\u00ednodo exhorta vehemente a los pastores de almas para que en la catequesis instruyan cuidadosamente a los fieles acerca de la participaci\u00f3n en toda la misa, sobre todo los domingos y fiestas de precepto.<\/p>\n<h3><span style=\"color: #800080;\" data-mce-mark=\"1\"><b><i>Concelebraci\u00f3n<\/i><\/b><\/span><\/h3>\n<p>57. \u00a7 1. La concelebraci\u00f3n, en la cual se manifiesta apropiadamente la unidad del sacerdocio, se ha practicado hasta ahora en la Iglesia, tanto en Oriente como en Occidente. En consecuencia, el Concilio decidi\u00f3 ampliar la facultad de concelebrar en los casos siguientes:<\/p>\n<p>1\u00b0<\/p>\n<ul>\n<li><i>a)<\/i> El Jueves Santo, tanto en la Misa crismal como en la Misa vespertina.<\/li>\n<li><i>b)<\/i> En las Misas de los concilios, conferencias episcopales y s\u00ednodos.<\/li>\n<li><i>c)<\/i> En la misa de la bendici\u00f3n de un abad.<\/li>\n<\/ul>\n<p>\u00a7 2.1\u00b0 Con todo, corresponde al Obispo reglamentar la disciplina de la concelebraci\u00f3n en la di\u00f3cesis.<\/p>\n<p>2\u00b0 Sin embargo, quede siempre a salvo para cada sacerdote la facultad de celebrar la Misa individualmente, pero no al mismo tiempo ni en la misma Iglesia, ni el Jueves de la Cena del Se\u00f1or.<\/p>\n<p>58. Elab\u00f3rese el nuevo rito de la concelebraci\u00f3n e incl\u00fayase en el Pontifical y en el Misal romanos.<\/p>\n<div class=\"sharelinks\" style=\"\">\n\t<a title=\"Cap\u00edtulo II: El Misterio de la Eucarist\u00eda\" rel=\"nofollow\" target=\"_blank\" href=\"http:\/\/www.facebook.com\/sharer.php?u=https:\/\/svsc.archimadrid.es\/?page_id=958\"><img data-recalc-dims=\"1\" loading=\"lazy\" decoding=\"async\" width=\"56\" height=\"20\" alt=\"facebook\" src=\"https:\/\/i0.wp.com\/svsc.archimadrid.es\/wp-content\/plugins\/facebook-google-twitter-share\/images\/facebook.png?resize=56%2C20&#038;ssl=1\"><\/a>\n\t<a title=\"Cap\u00edtulo II: El Misterio de la Eucarist\u00eda\" rel=\"nofollow\" target=\"_blank\" href=\"https:\/\/plus.google.com\/share?url=https:\/\/svsc.archimadrid.es\/?page_id=958\"><img data-recalc-dims=\"1\" loading=\"lazy\" decoding=\"async\" width=\"60\" height=\"20\" alt=\"google plus\" src=\"https:\/\/i0.wp.com\/svsc.archimadrid.es\/wp-content\/plugins\/facebook-google-twitter-share\/images\/googleplus.png?resize=60%2C20&#038;ssl=1\"><\/a>\n\t<a title=\"Cap\u00edtulo II: El Misterio de la Eucarist\u00eda\" Nagar\" rel=\"nofollow\" target=\"_blank\" href=\"http:\/\/twitter.com\/home?status=Cap\u00edtulo II: El Misterio de la Eucarist\u00eda https:\/\/svsc.archimadrid.es\/?page_id=958\"><img data-recalc-dims=\"1\" loading=\"lazy\" decoding=\"async\" width=\"70\" height=\"20\" alt=\"twitter\" src=\"https:\/\/i0.wp.com\/svsc.archimadrid.es\/wp-content\/plugins\/facebook-google-twitter-share\/images\/twitter.png?resize=70%2C20&#038;ssl=1\"><\/a>\n\t<\/div>","protected":false},"excerpt":{"rendered":"<p>CAP\u00cdTULO II:\u00a0EL SACROSANTO MISTERIO DE LA EUCARIST\u00cdA Misterio pascual 47. Nuestro Salvador, en la \u00daltima Cena, la noche que le traicionaban, instituy\u00f3 el Sacrificio Eucar\u00edstico de su Cuerpo y Sangre, con lo cual iba a perpetuar por los siglos, hasta su vuelta, el Sacrificio de la Cruz y a confiar a su Esposa, la Iglesia, &hellip; <\/p>\n<p><a class=\"more-link btn\" href=\"https:\/\/svsc.archimadrid.es\/?page_id=958\">Seguir leyendo<\/a><\/p>\n","protected":false},"author":4,"featured_media":961,"parent":893,"menu_order":3,"comment_status":"closed","ping_status":"closed","template":"","meta":{"jetpack_post_was_ever_published":false,"footnotes":""},"class_list":["post-958","page","type-page","status-publish","has-post-thumbnail","hentry","nodate","item-wrap"],"jetpack_shortlink":"https:\/\/wp.me\/P2YM3J-fs","jetpack_sharing_enabled":true,"jetpack_likes_enabled":false,"_links":{"self":[{"href":"https:\/\/svsc.archimadrid.es\/index.php?rest_route=\/wp\/v2\/pages\/958","targetHints":{"allow":["GET"]}}],"collection":[{"href":"https:\/\/svsc.archimadrid.es\/index.php?rest_route=\/wp\/v2\/pages"}],"about":[{"href":"https:\/\/svsc.archimadrid.es\/index.php?rest_route=\/wp\/v2\/types\/page"}],"author":[{"embeddable":true,"href":"https:\/\/svsc.archimadrid.es\/index.php?rest_route=\/wp\/v2\/users\/4"}],"replies":[{"embeddable":true,"href":"https:\/\/svsc.archimadrid.es\/index.php?rest_route=%2Fwp%2Fv2%2Fcomments&post=958"}],"version-history":[{"count":1,"href":"https:\/\/svsc.archimadrid.es\/index.php?rest_route=\/wp\/v2\/pages\/958\/revisions"}],"predecessor-version":[{"id":962,"href":"https:\/\/svsc.archimadrid.es\/index.php?rest_route=\/wp\/v2\/pages\/958\/revisions\/962"}],"up":[{"embeddable":true,"href":"https:\/\/svsc.archimadrid.es\/index.php?rest_route=\/wp\/v2\/pages\/893"}],"wp:featuredmedia":[{"embeddable":true,"href":"https:\/\/svsc.archimadrid.es\/index.php?rest_route=\/wp\/v2\/media\/961"}],"wp:attachment":[{"href":"https:\/\/svsc.archimadrid.es\/index.php?rest_route=%2Fwp%2Fv2%2Fmedia&parent=958"}],"curies":[{"name":"wp","href":"https:\/\/api.w.org\/{rel}","templated":true}]}}